{"id":750314,"date":"2025-08-28T04:17:54","date_gmt":"2025-08-28T01:17:54","guid":{"rendered":"https:\/\/roveyayinevi.com.tr\/index.php\/urun\/dakikalar-icinde-basvuru-kitapligi-kutulu-set-5-kitap\/"},"modified":"2026-04-16T03:03:37","modified_gmt":"2026-04-16T00:03:37","slug":"dakikalar-icinde-basvuru-kitapligi-kutulu-set-5-kitap","status":"publish","type":"product","link":"https:\/\/roveyayinevi.com.tr\/index.php\/urun\/dakikalar-icinde-basvuru-kitapligi-kutulu-set-5-kitap\/","title":{"rendered":"Dakikalar \u0130\u00e7inde Ba\u015fvuru Kitapl\u0131\u011f\u0131 &#8211; Kutulu Set (5 Kitap)"},"content":{"rendered":"<p>SET \u0130\u00c7\u0130NDEK\u0130 K\u0130TAPLAR: 1. Dakikalar \u0130\u00e7inde Din \u2013 Marcus Weeks 2. Dakikalar \u0130\u00e7inde Sanat \u2013 Susie Hodge 3. Dakikalar \u0130\u00e7inde B\u00fcy\u00fck Fikirler \u2013 Ian Crofton 4. Dakikalar \u0130\u00e7inde Felsefe &#8211; Marcus Weeks 5. Dakikalar \u0130\u00e7inde Mitoloji \u2013 Neil Philip   DAK\u0130KALAR \u0130\u00c7\u0130NDE D\u0130N \u2013 MARCUS WEEKS YA\u015eAMIN G\u0130ZEM\u0130N\u0130 ANLAMAK \u00dcZERE \u0130NSANIN \u0130LAH\u0130 YOLCULU\u011eU Yarat\u0131l\u0131\u015f hik\u00e2yelerinden mucizelere, varolu\u015ftan \u00f6l\u00fcmden sonraki ya\u015fama, kadim dinlerden meditasyona, Zerd\u00fc\u015ftl\u00fckten Hinduizme, Vatikan\u2019dan Medine\u2019ye uzanan ilahi yolculuk\u2026 G\u00f6rseller e\u015fli\u011finde d\u00fcnyan\u0131n k\u00f6kl\u00fc inan\u00e7lar\u0131na dair 200 temel kavram \u00fczerinden kar\u015f\u0131la\u015ft\u0131rmal\u0131 bir okuma\u2026 \u00c7a\u011flar boyunca d\u00fcnyan\u0131n farkl\u0131 kesimlerinde \u00e7ok \u00e7e\u015fitli dinler var olmu\u015ftur. Baz\u0131lar\u0131 kadim, baz\u0131lar\u0131 silinip gitmi\u015f, baz\u0131lar\u0131ysa yak\u0131n zamanda ortaya \u00e7\u0131km\u0131\u015f\u2026 Her ne kadar medeniyet d\u00fcnyaya dair geni\u015f bir felsefi ve bilimsel anlay\u0131\u015f getirmi\u015fse de ya\u015fam\u0131n mucizeleri, \u00f6l\u00fcm ve evrenin yarat\u0131l\u0131\u015f\u0131 gizemini korudu. \u0130\u015fte din\u00ee inan\u00e7lar bu gizemler i\u00e7in a\u00e7\u0131klamalar sunmaya, evreni anlamland\u0131rmaya ve hayatta anlam aramaya kap\u0131 aralar. S\u00fcnni ve \u015eii, Katolik ve Protestan, Budizm ve Konf\u00fc\u00e7y\u00fcs\u00e7\u00fcl\u00fck aras\u0131ndaki farklar nelerdir? Musa, \u0130sa ve Muhammed peygamberler kimlerdi ve ger\u00e7ekte ne vaaz ettiler? Karma, cihat ve nirvana kavramlar\u0131 neden bu kadar \u00f6nemli? D\u00fcnya dinleri ya\u015fam, \u00f6l\u00fcm ve \u00f6mr\u00fcm\u00fczde nas\u0131l hareket etmemiz gerekti\u011fi hakk\u0131nda ne diyor? Dakikalar \u0130\u00e7inde serisinden Din, k\u00f6kl\u00fc inan\u00e7lar\u0131n ve uzant\u0131lar\u0131n\u0131n tarihlerine, \u00f6nemli din\u00ee metinlere, peygamberlere ve temel \u00f6\u011fretilerine dair kapsay\u0131c\u0131 bir bak\u0131\u015f\u2026 DAK\u0130KALAR \u0130\u00c7\u0130NDE SANAT &#8211; SUSIE HODGE An\u0131nda A\u00e7\u0131klanan 200 Temel Kavram YA\u015eAMIN K\u00d6KENLER\u0130NE DA\u0130R 200 TEMEL KAVRAM \u0130NSANIN KEND\u0130N\u0130 VE SONSUZ YARATICILI\u011eINI KE\u015eFED\u0130\u015e YOLCULU\u011eU Ta\u015f Devri\u2019ndeki sanat anlay\u0131\u015f\u0131ndan Yunan klasisizmine, R\u00f6nesans\u2019tan gotik sanata, k\u00fcbizmden pop art\u2019a ak\u0131mlar, ekoller, d\u00f6nemler, stiller\u2026 Alana damgas\u0131n\u0131 vurmu\u015f sanat\u00e7\u0131lardan eserlere durmadan d\u00f6n\u00fc\u015fen sanat tarihine genel bir bak\u0131\u015f\u2026 200 ba\u015fl\u0131k alt\u0131nda sanat\u0131n b\u00fcy\u00fcl\u00fc d\u00fcnyas\u0131na bir yolculuk\u2026 D\u00fcnyan\u0131n d\u00f6rt bir yan\u0131ndaki belli ba\u015fl\u0131 geli\u015fmeleri dikkate alarak sanat\u00e7\u0131 gruplar\u0131na, yetenekli bireylere, hatta \u00e7\u0131\u011f\u0131r a\u00e7\u0131c\u0131 tek bir eser \u00fcretmi\u015f ki\u015filere ait pek \u00e7ok ke\u015ffi, fikri, malzemeyi, etkiyi, arka plan\u0131, beceriyi, yakla\u015f\u0131m\u0131 inceleyip de\u011ferlendiren Dakikalar \u0130\u00e7inde serisinden Sanat, otuz bin y\u0131l\u0131 a\u015fk\u0131n maziye sahip sanat d\u00fcnyas\u0131n\u0131 dakikalar i\u00e7inde a\u00e7\u0131kl\u0131yor. En eskisinden en yenisine \u00e7ok \u00e7e\u015fitli sanat anlay\u0131\u015flar\u0131na de\u011finen elinizdeki k\u0131sa ama kapsaml\u0131 sanat tarihi rehberi, bu alandaki bilgisi fark etmeksizin t\u00fcm sanat merakl\u0131lar\u0131 i\u00e7in m\u00fckemmel bir el kitab\u0131\u2026 Sanat tarih\u00e7isi Susie Hodge sizi tarih \u00f6ncesi sanattan hiperrealizme kadar t\u00fcm b\u00fcy\u00fck felsefelerin, hareketlerin, eserlerin, geli\u015fmelerin, sanat\u00e7\u0131lar\u0131n ve temalar\u0131n d\u00fcnyas\u0131nda uluslararas\u0131 bir tura \u00e7\u0131karacak.   DAK\u0130KALAR \u0130\u00c7\u0130NDE B\u00dcY\u00dcK F\u0130K\u0130RLER \u2013 IAN CROFTON D\u00fcnyay\u0131 De\u011fi\u015ftiren 200 Temel Anlay\u0131\u015f Z\u0130H\u0130NDEN Z\u0130HNE AKTARILAN D\u00dc\u015e\u00dcNCELERLE \u0130NSANIN F\u0130KR\u00ce YOLCULU\u011eU H\u00fcmanizmden materyalizme, ahlaktan esteti\u011fe, siyasetten sanata, feminizmden bili\u015fsel teoriye, bireysellikten topluma her alanda neyin bir fikri \u201cb\u00fcy\u00fck\u201d yapt\u0131\u011f\u0131n\u0131 ortaya koyan, etkileri \u00e7e\u015fitli d\u00f6nemlere damgas\u0131n\u0131 vurmu\u015f ak\u0131mlar, olaylar, ki\u015filer \u00fczerine bir okuma\u2026 G\u00f6rseller e\u015fli\u011finde d\u00fcnyay\u0131 d\u00f6n\u00fc\u015ft\u00fcren, iz b\u0131rakan 200 temel fikir \u00fczerinden d\u00fc\u015f\u00fcnce al\u0131\u015fveri\u015fine aralanan bir kap\u0131\u2026 1953\u2019te \u0130ngiliz filozof Isaiah Berlin, antik Yunan \u015fairi Arkhilohos\u2019un kay\u0131p masallar\u0131na ait bir b\u00f6l\u00fcmden hareketle \u201cKirpi ve Tilki\u201d ba\u015fl\u0131kl\u0131 me\u015fhur makalesini yay\u0131mlad\u0131: \u201cTilki bir\u00e7ok k\u00fc\u00e7\u00fck \u015feyi bilirken kirpi tek bir b\u00fcy\u00fck \u015fey biliyordu.\u201d Berlin, bu k\u00fc\u00e7\u00fck masal\u0131 temel alarak d\u00fcnyan\u0131n en iyi d\u00fc\u015f\u00fcn\u00fcr ve yazarlar\u0131n\u0131 \u201ctilki\u201d ve \u201ckirpi\u201d olarak iki kategoriye ay\u0131rd\u0131. B\u00fcy\u00fck bir fikre sahip olan d\u00fc\u015f\u00fcn\u00fcrler, buna kar\u015f\u0131l\u0131k \u00e7ok \u00e7e\u015fitli fikir ve deneyimlerden yararlan\u0131p d\u00fcnyaya farkl\u0131 a\u00e7\u0131lardan bakan kirpiler\u2026 Elinizdeki kitapta iz b\u0131rakan \u00e7ok say\u0131da b\u00fcy\u00fck \u201ckirpi\u201d fikri var. Dakikalar \u0130\u00e7inde serisinden B\u00fcy\u00fck Fikirler, d\u00fcnyan\u0131n d\u00fc\u015f\u00fcnce tarihinin yap\u0131 ta\u015flar\u0131na, \u00f6nemli filozoflara ve ak\u0131mlara dair ufuk a\u00e7\u0131c\u0131 bir \u00e7er\u00e7eve sunuyor.   DAK\u0130KALAR \u0130\u00c7\u0130NDE FELSEFE &#8211; MARCUS WEEKS An\u0131nda A\u00e7\u0131klanan 200 Temel Kavram YA\u015eADI\u011eIMIZ D\u00dcNYAYI ANLAMLANDIRMA \u00c7ABAMIZ Do\u011fu felsefesinden Alman idealizmine, varolu\u015f\u00e7uluktan esteti\u011fe, Aristoteles\u2019ten Marx\u2019a, yirminci birinci y\u00fczy\u0131lda felsefenin yerinden uygulamal\u0131 felsefe dallar\u0131na uzanan insanl\u0131\u011f\u0131 anlama ve anlamland\u0131rma yolculu\u011fu\u2026 G\u00f6rseller e\u015fli\u011finde en \u00e7ok bilinen 200 felsefi fikir \u00fczerinden kapsay\u0131c\u0131 bir okuma\u2026 Uygarl\u0131klar yerle\u015fip geli\u015ftik\u00e7e d\u00fc\u015f\u00fcn\u00fcrler evrenin ve toplumun i\u015fleyi\u015fi i\u00e7in geleneksel a\u00e7\u0131klamalar\u0131 sorgulamaya ba\u015flad\u0131lar. E\u015fyalar neden olduklar\u0131 bi\u00e7imdeler? Hayatlar\u0131m\u0131z\u0131 en iyi \u015fekilde nas\u0131l ya\u015famam\u0131z gerekir? Bildiklerimizden nas\u0131l emin olabiliriz? Varl\u0131\u011f\u0131m\u0131z\u0131n, bir anlam\u0131 varsa, o anlam nedir? Dakikalar \u0130\u00e7inde serisinden Felsefe, okuru \u201cD\u00fcnya neden yap\u0131lm\u0131\u015ft\u0131r?\u201d ile ba\u015flay\u0131p bildiklerimizden ve varl\u0131\u011f\u0131m\u0131z\u0131n do\u011fas\u0131ndan nas\u0131l emin olaca\u011f\u0131m\u0131za; ahlak felsefesinden siyaset felsefesine; felsefenin bilim ve dindeki rol\u00fcnden \u00f6nemli d\u00fc\u015f\u00fcn\u00fcrlerin fikirlerine kadar geni\u015f bir alanda bilgelik dolu bir ser\u00fcvene davet ediyor. \u0130ster varolu\u015f\u00e7uluk sizi \u015fa\u015f\u0131rt\u0131yor ister \u00f6zg\u00fcr irade kavram\u0131 \u00fczerinde kafa yoruyor olun; bu kitap felsefe merakl\u0131s\u0131 her okurun bu alan\u0131n temellerini \u00e7abucak kavramas\u0131na yard\u0131mc\u0131 olacak.   DAK\u0130KALAR \u0130\u00c7\u0130NDE M\u0130TOLOJ\u0130 &#8211; NEIL PHILIP D\u00fcnyan\u0131n En Bilinen 200 \u00c7arp\u0131c\u0131 Fabl, Destan ve Efsanesi \u0130NSANIN TOPLUM VE EVRENLE \u0130L\u0130\u015eK\u0130S\u0130N\u0130 ANLAMLANDIRMA SER\u00dcVEN\u0130 Antik Yunan\u2019dan Keltlere, Amerika\u2019dan Afrika\u2019ya uzanan simgesel, insan\u00fcst\u00fc, kutsal bir yolculuk\u2026 G\u00f6rseller e\u015fli\u011finde d\u00fcnyan\u0131n en \u00e7ok bilinen 200 mitolojik hik\u00e2yesi \u00fczerinden kar\u015f\u0131la\u015ft\u0131rmal\u0131 bir okuma\u2026 Zaman\u0131n ba\u015flang\u0131c\u0131ndan bu yana d\u00fcnyan\u0131n her yerinde anlat\u0131lan, entelekt\u00fcel ve spirit\u00fcel uzun bir aray\u0131\u015f\u0131n hik\u00e2yesidir mitler. Bize d\u00fcnyan\u0131n, insanl\u0131\u011f\u0131n ve hayvanlar\u0131n yarat\u0131l\u0131\u015f\u0131n\u0131, tanr\u0131lar\u0131 ve kahramanlar\u0131, do\u011fa g\u00fc\u00e7lerini ve do\u011fa\u00fcst\u00fc yarat\u0131klar\u0131 anlat\u0131rlar. Dakikalar \u0130\u00e7inde serisinden Mitoloji, okuru Prometheus\u2019un insan\u0131 yaratmak i\u00e7in Zeus\u2019a meydan okumas\u0131ndan Truva\u2019n\u0131n yok edilmesine; M\u0131s\u0131r\u2019daki g\u00fcne\u015f tanr\u0131s\u0131 Ra\u2019n\u0131n saltanat\u0131ndan tek g\u00f6zl\u00fc, kuzgun kanatl\u0131 Odin\u2019e; t\u00fcm canl\u0131 varl\u0131klar\u0131n anas\u0131 say\u0131lan Anadolu\u2019nun do\u011furganl\u0131k tanr\u0131\u00e7as\u0131 Kibele\u2019den Alt\u0131n Post ve Kutsal K\u00e2se i\u00e7in yap\u0131lan kahramanca aray\u0131\u015flara uzanan zamans\u0131z bir ser\u00fcvene davet ediyor. Her efsanenin ikonik bir g\u00f6r\u00fcnt\u00fcyle resmedildi\u011fi mitlere k\u00f6kenleri, ortak temalar\u0131 ve anlamlar\u0131 hakk\u0131nda yorumlar e\u015flik ediyor. Sonsuz yarat\u0131l\u0131\u015f ve y\u0131k\u0131m, olmak ve d\u00f6n\u00fc\u015fmek, kader ve kurnazl\u0131k, kahramanl\u0131k ve zul\u00fcm, \u015fehvet ve sava\u015f temalar\u0131n\u0131n g\u00fcn\u00fcm\u00fcze ta\u015f\u0131nd\u0131\u011f\u0131 efsaneler \u00fczerinden hayal g\u00fcc\u00fcn\u00fcn s\u0131n\u0131rlar\u0131n\u0131 zorlayacak bir ba\u015fvuru eseri\u2026<\/p>\n","protected":false},"excerpt":{"rendered":"<p>SET \u0130\u00c7\u0130NDEK\u0130 K\u0130TAPLAR: 1. Dakikalar \u0130\u00e7inde Din \u2013 Marcus Weeks 2. Dakikalar \u0130\u00e7inde Sanat \u2013 Susie Hodge 3. Dakikalar \u0130\u00e7inde B\u00fcy\u00fck Fikirler \u2013 Ian Crofton 4.<span class=\"excerpt-hellip\"> [\u2026]<\/span><\/p>\n","protected":false},"featured_media":0,"template":"","meta":{"_monsterinsights_skip_tracking":false,"_monsterinsights_sitenote_active":false,"_monsterinsights_sitenote_note":"","_monsterinsights_sitenote_category":0},"product_brand":[],"product_cat":[12567,12566],"product_tag":[],"class_list":{"0":"post-750314","1":"product","2":"type-product","3":"status-publish","5":"product_cat-diger-egitim","6":"product_cat-egitim","7":"pa_cilt-ciltsiz","8":"pa_tur-kitap","9":"pa_yayinevi-kronik-kitap","10":"pa_yazar-kolektif","12":"first","13":"instock","14":"sale","15":"shipping-taxable","16":"purchasable","17":"product-type-simple"},"_links":{"self":[{"href":"https:\/\/roveyayinevi.com.tr\/index.php\/wp-json\/wp\/v2\/product\/750314","targetHints":{"allow":["GET"]}}],"collection":[{"href":"https:\/\/roveyayinevi.com.tr\/index.php\/wp-json\/wp\/v2\/product"}],"about":[{"href":"https:\/\/roveyayinevi.com.tr\/index.php\/wp-json\/wp\/v2\/types\/product"}],"wp:attachment":[{"href":"https:\/\/roveyayinevi.com.tr\/index.php\/wp-json\/wp\/v2\/media?parent=750314"}],"wp:term":[{"taxonomy":"product_brand","embeddable":true,"href":"https:\/\/roveyayinevi.com.tr\/index.php\/wp-json\/wp\/v2\/product_brand?post=750314"},{"taxonomy":"product_cat","embeddable":true,"href":"https:\/\/roveyayinevi.com.tr\/index.php\/wp-json\/wp\/v2\/product_cat?post=750314"},{"taxonomy":"product_tag","embeddable":true,"href":"https:\/\/roveyayinevi.com.tr\/index.php\/wp-json\/wp\/v2\/product_tag?post=750314"}],"curies":[{"name":"wp","href":"https:\/\/api.w.org\/{rel}","templated":true}]}}