{"id":750313,"date":"2025-08-28T04:17:53","date_gmt":"2025-08-28T01:17:53","guid":{"rendered":"https:\/\/roveyayinevi.com.tr\/index.php\/urun\/kiyamet-2\/"},"modified":"2026-04-16T03:03:37","modified_gmt":"2026-04-16T00:03:37","slug":"kiyamet-2","status":"publish","type":"product","link":"https:\/\/roveyayinevi.com.tr\/index.php\/urun\/kiyamet-2\/","title":{"rendered":"K\u0131yamet"},"content":{"rendered":"<p>T\u00dcM FELAKETLER B\u0130R BAKIMA \u0130NSAN YAPIMIDIR\u201cI\u015f\u0131lt\u0131l\u0131, k\u0131\u015fk\u0131rt\u0131c\u0131 ve e\u011flenceli. . . . [K\u0131yamet] fikirler ve malumat k\u0131r\u0131nt\u0131lar\u0131yla dolu. . . . [Ferguson] m\u00fcthi\u015f seviyede bir okuyucu ve k\u00fclt\u00fcrel merak\u0131 da hayli y\u00fcksek.\u201d \u2014Peter Frankopan, Prospect   \u201cK\u0131yamet iyi ara\u015ft\u0131r\u0131lm\u0131\u015f, iyi arg\u00fcmanlara sahip ve her alana dokunan bir kitap. Ferguson bilgisinin derinli\u011fini ve geni\u015fli\u011fini kullanarak felaketlerin yeni bir anlay\u0131\u015fla ele al\u0131nmas\u0131 gerekti\u011fini savunuyor. . . . William H. McNeill&#8217;in Plagues and Peoples kitab\u0131n\u0131 an\u0131msatan [K\u0131yamet], \u00f6nemli ve acil bir konuda \u00e7ok ihtiya\u00e7 duyulan bir kitap. Ferguson arg\u00fcmanlar\u0131na bolca destek sa\u011fl\u0131yor, disiplinler aras\u0131 bir yakla\u015f\u0131m kullan\u0131yor ve yeni i\u00e7g\u00f6r\u00fcler ve a\u00e7\u0131klamalar sunuyor. \u00dcnl\u00fc bir yazardan hayal k\u0131r\u0131kl\u0131\u011f\u0131na u\u011fratmayacak \u00f6rnek ve d\u00fc\u015f\u00fcnd\u00fcr\u00fcc\u00fc bir \u00e7al\u0131\u015fma.&#8221; \u2014Library Journal    \u201cK\u0131yamet, tarihin etkileyici bir b\u00f6l\u00fcm\u00fcn\u00fc canl\u0131 bir anlat\u0131mla ele al\u0131yor ve birbirinden farkl\u0131 pek \u00e7ok konuyu bir araya getirerek ilgi \u00e7ekici bir tablo olu\u015fturuyor.\u201d \u2014The Guardian   \u201cTam zaman\u0131nda ve canland\u0131r\u0131c\u0131&#8230; Bilgilendirici, e\u011flendirici ve d\u00fc\u015f\u00fcnd\u00fcr\u00fcc\u00fc bir okuma; bu s\u0131k\u0131nt\u0131l\u0131 zamanlar i\u00e7in sa\u011fduyuyla dolu.\u201d \u2015Peter Neville-Hadley South China Morning Post   \u201cYo\u011fun bir ara\u015ft\u0131rman\u0131n \u00fcr\u00fcn\u00fc &#8230; e\u011flenceli bir \u00fcsluba sahip. . . . B\u00fcy\u00fcleyici.\u201d \u2014Kirkus   \u201cK\u0131yamet, ger\u00e7ekten gelece\u011fimizle ve gelece\u011fimizden nas\u0131l emin olaca\u011f\u0131m\u0131zla ilgili. Niall Ferguson, usta bir tarih\u00e7i ve ayn\u0131 zamanda g\u00fcn\u00fcm\u00fcz\u00fcn dert ve s\u0131k\u0131nt\u0131lar\u0131n\u0131n da keskin bir g\u00f6zlemcisidir. Neden bu noktada oldu\u011fumuzu ve i\u015fleri nas\u0131l yoluna koyaca\u011f\u0131m\u0131z\u0131 anlamak i\u00e7in K\u0131yamet\u2019i okuyun.\u201d \u2014Eric Schmidt, Google\u2019\u0131n eski CEO\u2019su ve \u0130cra Kurulu Ba\u015fkan\u0131     Felaketleri tahmin etmek i\u015fin do\u011fas\u0131 gere\u011fi zor hatta kimi zaman imkans\u0131zd\u0131r. Depremler, orman yang\u0131nlar\u0131, mali krizler ve sava\u015flar gibi salg\u0131n hastal\u0131klar da normal da\u011f\u0131l\u0131m g\u00f6stermez; bir sonraki felaketi \u00f6ng\u00f6rmemize yard\u0131mc\u0131 olacak bir tarih d\u00f6ng\u00fcs\u00fc yoktur. Ancak felaket gelip \u00e7att\u0131\u011f\u0131nda, Vez\u00fcv patlad\u0131\u011f\u0131nda Romal\u0131lar\u0131n ya da Kara \u00d6l\u00fcm vurdu\u011funda Orta \u00c7a\u011f \u0130talyanlar\u0131n\u0131n oldu\u011fundan daha haz\u0131rl\u0131kl\u0131 olmal\u0131y\u0131z. Ne de olsa bilim bizim yan\u0131m\u0131zda, de\u011fil mi? Niall Ferguson bu yeni kitab\u0131nda ge\u00e7mi\u015fin b\u00fcy\u00fck felaketlerini inceleyerek devletlerin ve toplumlar\u0131n bunlara nas\u0131l tepkiler verdi\u011fini ele al\u0131yor, felaket tecr\u00fcbeleri alt\u0131nda daha derin patolojilerin i\u015f ba\u015f\u0131nda oldu\u011funu ortaya koyarak gelece\u011fe y\u00f6nelik ne gibi dersler \u00e7\u0131karabilece\u011fimizi g\u00f6steriyor. K\u0131yamet\u2019te benimsedi\u011fi multidisipliner yakla\u015f\u0131mla Ferguson bize afetlerin niteliklerine dair ele\u015ftirel i\u00e7g\u00f6r\u00fcler sa\u011fl\u0131yor. B\u00fcrokratik ve politik yap\u0131lar\u0131n analizini yaparak politik hayal g\u00fcc\u00fc eksikli\u011fini, sosyal a\u011flar\u0131n etkilerini irdeleyerek, ileride ya\u015fanabilecek felaketlere kar\u015f\u0131 eyleme ge\u00e7irilebilir m\u00fcdahale \u00f6nlemleri sunuyor.   K\u0131yamet, bir sonraki krizle daha iyi ba\u015fa \u00e7\u0131kabilmek ve geri d\u00f6n\u00fc\u015f\u00fc olmayan \u00e7\u00f6k\u00fc\u015f\u00fcn nihai felaketinden ka\u00e7\u0131nmak isteniyorsa al\u0131nmas\u0131 gereken bir tarih dersi sunuyor. <\/p>\n","protected":false},"excerpt":{"rendered":"<p>T\u00dcM FELAKETLER B\u0130R BAKIMA \u0130NSAN YAPIMIDIR\u201cI\u015f\u0131lt\u0131l\u0131, k\u0131\u015fk\u0131rt\u0131c\u0131 ve e\u011flenceli. . . . [K\u0131yamet] fikirler ve malumat k\u0131r\u0131nt\u0131lar\u0131yla dolu. . . . [Ferguson] m\u00fcthi\u015f seviyede bir okuyucu<span class=\"excerpt-hellip\"> [\u2026]<\/span><\/p>\n","protected":false},"featured_media":0,"template":"","meta":{"_monsterinsights_skip_tracking":false,"_monsterinsights_sitenote_active":false,"_monsterinsights_sitenote_note":"","_monsterinsights_sitenote_category":0},"product_brand":[],"product_cat":[12304],"product_tag":[],"class_list":{"0":"post-750313","1":"product","2":"type-product","3":"status-publish","5":"product_cat-tarih","6":"pa_cilt-ciltsiz","7":"pa_tur-kitap","8":"pa_yayinevi-kronik-kitap","9":"pa_yazar-niall-ferguson","11":"first","12":"instock","13":"sale","14":"shipping-taxable","15":"purchasable","16":"product-type-simple"},"_links":{"self":[{"href":"https:\/\/roveyayinevi.com.tr\/index.php\/wp-json\/wp\/v2\/product\/750313","targetHints":{"allow":["GET"]}}],"collection":[{"href":"https:\/\/roveyayinevi.com.tr\/index.php\/wp-json\/wp\/v2\/product"}],"about":[{"href":"https:\/\/roveyayinevi.com.tr\/index.php\/wp-json\/wp\/v2\/types\/product"}],"wp:attachment":[{"href":"https:\/\/roveyayinevi.com.tr\/index.php\/wp-json\/wp\/v2\/media?parent=750313"}],"wp:term":[{"taxonomy":"product_brand","embeddable":true,"href":"https:\/\/roveyayinevi.com.tr\/index.php\/wp-json\/wp\/v2\/product_brand?post=750313"},{"taxonomy":"product_cat","embeddable":true,"href":"https:\/\/roveyayinevi.com.tr\/index.php\/wp-json\/wp\/v2\/product_cat?post=750313"},{"taxonomy":"product_tag","embeddable":true,"href":"https:\/\/roveyayinevi.com.tr\/index.php\/wp-json\/wp\/v2\/product_tag?post=750313"}],"curies":[{"name":"wp","href":"https:\/\/api.w.org\/{rel}","templated":true}]}}