{"id":750312,"date":"2025-08-28T04:17:51","date_gmt":"2025-08-28T01:17:51","guid":{"rendered":"https:\/\/roveyayinevi.com.tr\/index.php\/urun\/bernard-montgomery\/"},"modified":"2026-04-16T03:03:37","modified_gmt":"2026-04-16T00:03:37","slug":"bernard-montgomery","status":"publish","type":"product","link":"https:\/\/roveyayinevi.com.tr\/index.php\/urun\/bernard-montgomery\/","title":{"rendered":"Bernard Montgomery"},"content":{"rendered":"<p>OSPREY B\u00fcy\u00fck Komutanlar Serisi 14 Tarihin en b\u00fcy\u00fck komutanlar\u0131n\u0131n ya\u015fam \u00f6yk\u00fcleri, muharebe tecr\u00fcbeleri, uygulad\u0131klar\u0131 taktikler ve stratejiler\u2026 D\u00fcnya tarihinin en b\u00fcy\u00fck komutanlar\u0131n\u0131 t\u00fcm y\u00f6nleriyle inceleyen OSPREY B\u00fcy\u00fck Komutanlar Serisi, Bernard Montgomery ile devam ediyor\u2026   \u0130kinci D\u00fcnya Sava\u015f\u0131\u2019n\u0131n en tan\u0131nan \u0130ngiliz generali Bernard Law Montgomery gerek kat\u0131 disiplini gerekse talim terbiye konusundaki \u00fcst\u00fcn yetenekleriyle \u0130ngiliz ordusunu alelade bir ordudan sava\u015f kazand\u0131ran bir enstr\u00fcmana d\u00f6n\u00fc\u015ft\u00fcrd\u00fc. Rahip Henry Montgomery ve Maud Farrar\u2019\u0131n dokuz \u00e7ocu\u011fundan d\u00f6rd\u00fcnc\u00fcs\u00fc olarak d\u00fcnyaya geldi. Aile, iki taraftan da se\u00e7kin bir ge\u00e7mi\u015fe sahipti. Henry\u2019nin babas\u0131, Hint \u0130syan\u0131\u2019yla \u00fcnlenen ve 6 sene boyunca Pencap\u2019ta koloni valili\u011fi yapan S\u00f6r Robert Montgomery\u2019ydi. Maud ise Viktoryen d\u00f6nemin se\u00e7kin bir din adam\u0131, yazar\u0131 ve e\u011fitimcisi Frederic William Farrar\u2019\u0131n k\u0131z\u0131yd\u0131. Bernard, 1907 Ocak\u2019\u0131nda Sandhurst Kraliyet Harp Okulu\u2019na girdi. Kendi devresinde 36. olarak mezun olmay\u0131 ba\u015fard\u0131 ve 19 Eyl\u00fcl 1908\u2019de Kraliyet Warwickshire Alay\u0131\u2019na te\u011fmen olarak atand\u0131. Birinci D\u00fcnya Sava\u015f\u0131\u2019na 26 A\u011fustos 1914\u2019te La Cateau\u2019da kat\u0131ld\u0131. Daha sonra 1914 Ekim\u2019inde Birinci Ypres Muharebesi\u2019nde g\u00f6rev yapt\u0131 ve muharebeden a\u011f\u0131r yaral\u0131 olarak \u00e7\u0131kt\u0131. Nekahet d\u00f6neminin ard\u0131ndan 104. Tugay Kurmay Ba\u015fkan\u0131 olarak atand\u0131. Daha sonras\u0131nda hayat\u0131n\u0131 \u015fekillendirecek olan haz\u0131rl\u0131k ve planlama yeteneklerini bu g\u00f6rev s\u0131ras\u0131nda parlatt\u0131. Montgomery\u2019nin kader an\u0131 ise 1942 A\u011fustos\u2019unda Kuzey Afrika\u2019daki Sekizinci Ordu komutanl\u0131\u011f\u0131na atan\u0131\u015f\u0131yd\u0131. Da\u011f\u0131lma tehlikesi ya\u015fayan \u0130ngiliz ordusunu kendi karakteriyle tertip ederek aya\u011fa kald\u0131rmay\u0131 ba\u015fard\u0131. Kurmaylar\u0131 tepeden t\u0131rna\u011fa de\u011fi\u015ftirdi ve Rommel\u2019in kar\u015f\u0131s\u0131na bamba\u015fka bir ordu \u00e7\u0131kard\u0131. Alam Hayfa\u2019da ilk mutlak \u0130ngiliz zaferini kazand\u0131. \u0130kinci El Alameyn Muharebesi\u2019nde Lightfoot ve Supercharge Harek\u00e2tlar\u0131yla Rommel\u2019e sert bir darbe indirdi. Bu darbe sonunda Panzerarmee Afrika da\u011f\u0131ld\u0131 ve Rommel Kuzey Afrika\u2019y\u0131 terk etti. Monty, 1943 Aral\u0131k\u2019\u0131nda \u0130ngiliz 21. Ordu Grubu Komutan\u0131 ve M\u00fcttefik Kara Kuvvetleri ge\u00e7ici komutan\u0131 olarak atand\u0131. D-Day\u2019in taslak plan\u0131n\u0131 \u00e7izdi. Haz\u0131rlan\u0131\u015f\u0131na b\u00fcy\u00fck katk\u0131 verdi\u011fi Overlord Harek\u00e2t\u0131\u2019yla M\u00fcttefik askerlerini K\u0131ta Avrupas\u0131\u2019na \u00e7\u0131kard\u0131. Daha sonra kariyerinin en b\u00fcy\u00fck hatas\u0131 olan Market Garden Harek\u00e2t\u0131\u2019n\u0131 haz\u0131rlad\u0131. Bulge Muharebesi\u2019nde g\u00f6rev yapt\u0131 ve \u0130kinci D\u00fcnya Sava\u015f\u0131\u2019n\u0131 21. Ordu Grubu\u2019yla Hamburg yak\u0131nlar\u0131ndaki L\u00fcneburg Heath\u2019te noktalad\u0131. Tim Moreman\u2019in harita, foto\u011fraf ve resimlerle desteklenen bu \u00e7al\u0131\u015fmas\u0131, Montgomery\u2019nin muharebelerini, taktiklerini, kararlar\u0131n\u0131 ve ki\u015fili\u011fini titizlikle irdeliyor. <\/p>\n","protected":false},"excerpt":{"rendered":"<p>OSPREY B\u00fcy\u00fck Komutanlar Serisi 14 Tarihin en b\u00fcy\u00fck komutanlar\u0131n\u0131n ya\u015fam \u00f6yk\u00fcleri, muharebe tecr\u00fcbeleri, uygulad\u0131klar\u0131 taktikler ve stratejiler\u2026 D\u00fcnya tarihinin en b\u00fcy\u00fck komutanlar\u0131n\u0131 t\u00fcm y\u00f6nleriyle inceleyen OSPREY<span class=\"excerpt-hellip\"> [\u2026]<\/span><\/p>\n","protected":false},"featured_media":0,"template":"","meta":{"_monsterinsights_skip_tracking":false,"_monsterinsights_sitenote_active":false,"_monsterinsights_sitenote_note":"","_monsterinsights_sitenote_category":0},"product_brand":[],"product_cat":[12304],"product_tag":[],"class_list":{"0":"post-750312","1":"product","2":"type-product","3":"status-publish","5":"product_cat-tarih","6":"pa_cilt-ciltsiz","7":"pa_tur-kitap","8":"pa_yayinevi-kronik-kitap","9":"pa_yazar-tim-moreman","11":"first","12":"instock","13":"sale","14":"shipping-taxable","15":"purchasable","16":"product-type-simple"},"_links":{"self":[{"href":"https:\/\/roveyayinevi.com.tr\/index.php\/wp-json\/wp\/v2\/product\/750312","targetHints":{"allow":["GET"]}}],"collection":[{"href":"https:\/\/roveyayinevi.com.tr\/index.php\/wp-json\/wp\/v2\/product"}],"about":[{"href":"https:\/\/roveyayinevi.com.tr\/index.php\/wp-json\/wp\/v2\/types\/product"}],"wp:attachment":[{"href":"https:\/\/roveyayinevi.com.tr\/index.php\/wp-json\/wp\/v2\/media?parent=750312"}],"wp:term":[{"taxonomy":"product_brand","embeddable":true,"href":"https:\/\/roveyayinevi.com.tr\/index.php\/wp-json\/wp\/v2\/product_brand?post=750312"},{"taxonomy":"product_cat","embeddable":true,"href":"https:\/\/roveyayinevi.com.tr\/index.php\/wp-json\/wp\/v2\/product_cat?post=750312"},{"taxonomy":"product_tag","embeddable":true,"href":"https:\/\/roveyayinevi.com.tr\/index.php\/wp-json\/wp\/v2\/product_tag?post=750312"}],"curies":[{"name":"wp","href":"https:\/\/api.w.org\/{rel}","templated":true}]}}