{"id":750310,"date":"2025-08-28T04:17:49","date_gmt":"2025-08-28T01:17:49","guid":{"rendered":"https:\/\/roveyayinevi.com.tr\/index.php\/urun\/sen-de-yap-1\/"},"modified":"2026-04-16T03:03:37","modified_gmt":"2026-04-16T00:03:37","slug":"sen-de-yap-1","status":"publish","type":"product","link":"https:\/\/roveyayinevi.com.tr\/index.php\/urun\/sen-de-yap-1\/","title":{"rendered":"Sen De Yap 1"},"content":{"rendered":"<p>Tohumdan yeni bir bitki nas\u0131l geli\u015fir? Bal\u0131klar batmada nas\u0131l y\u00fczer? Uzakl\u0131\u011f\u0131 nas\u0131l alg\u0131lar\u0131z? Kalbimiz kan\u0131 nas\u0131l pompalar? Bu kitap tam da bu gibi sorular\u0131n yan\u0131tlar\u0131n\u0131 merak edenler i\u00e7in haz\u0131rland\u0131. SEN DE YAP adl\u0131 serinin bu ilk kitab\u0131nda bitkiler, hayvanlar, duyular\u0131m\u0131z ve insan v\u00fccuduyla ili\u015fkili \u00e7ok say\u0131da deney, g\u00f6zlem ve etkinlik yer al\u0131yor. Kitapta yer alan deneyler yazar, edit\u00f6r ve bilim ileti\u015fimcisi Alp Ako\u011flu ile edit\u00f6r, \u00e7ocuk kitaplar\u0131 yazar\u0131 ve biyolog Zuhal \u00d6zer taraf\u0131ndan dikkatle haz\u0131rland\u0131. Angela Esin \u00d6zbek taraf\u0131ndan \u00f6zenle \u00e7izildi ve Ay\u015feg\u00fcl Do\u011fan Bircan taraf\u0131ndan kitapla\u015ft\u0131r\u0131ld\u0131. <\/p>\n","protected":false},"excerpt":{"rendered":"<p>Tohumdan yeni bir bitki nas\u0131l geli\u015fir? Bal\u0131klar batmada nas\u0131l y\u00fczer? Uzakl\u0131\u011f\u0131 nas\u0131l alg\u0131lar\u0131z? Kalbimiz kan\u0131 nas\u0131l pompalar? Bu kitap tam da bu gibi sorular\u0131n yan\u0131tlar\u0131n\u0131 merak<span class=\"excerpt-hellip\"> [\u2026]<\/span><\/p>\n","protected":false},"featured_media":0,"template":"","meta":{"_monsterinsights_skip_tracking":false,"_monsterinsights_sitenote_active":false,"_monsterinsights_sitenote_note":"","_monsterinsights_sitenote_category":0},"product_brand":[],"product_cat":[12274,15842],"product_tag":[],"class_list":{"0":"post-750310","1":"product","2":"type-product","3":"status-publish","5":"product_cat-cocuk-ve-genclik-kitaplari","6":"product_cat-egitici-kitaplar","7":"pa_cilt-ciltsiz","8":"pa_tur-kitap","9":"pa_yayinevi-potikare-yayincilik","10":"pa_yazar-alp-akoglu-zuhal-ozer","12":"first","13":"instock","14":"sale","15":"shipping-taxable","16":"purchasable","17":"product-type-simple"},"_links":{"self":[{"href":"https:\/\/roveyayinevi.com.tr\/index.php\/wp-json\/wp\/v2\/product\/750310","targetHints":{"allow":["GET"]}}],"collection":[{"href":"https:\/\/roveyayinevi.com.tr\/index.php\/wp-json\/wp\/v2\/product"}],"about":[{"href":"https:\/\/roveyayinevi.com.tr\/index.php\/wp-json\/wp\/v2\/types\/product"}],"wp:attachment":[{"href":"https:\/\/roveyayinevi.com.tr\/index.php\/wp-json\/wp\/v2\/media?parent=750310"}],"wp:term":[{"taxonomy":"product_brand","embeddable":true,"href":"https:\/\/roveyayinevi.com.tr\/index.php\/wp-json\/wp\/v2\/product_brand?post=750310"},{"taxonomy":"product_cat","embeddable":true,"href":"https:\/\/roveyayinevi.com.tr\/index.php\/wp-json\/wp\/v2\/product_cat?post=750310"},{"taxonomy":"product_tag","embeddable":true,"href":"https:\/\/roveyayinevi.com.tr\/index.php\/wp-json\/wp\/v2\/product_tag?post=750310"}],"curies":[{"name":"wp","href":"https:\/\/api.w.org\/{rel}","templated":true}]}}