{"id":750308,"date":"2025-08-28T04:17:47","date_gmt":"2025-08-28T01:17:47","guid":{"rendered":"https:\/\/roveyayinevi.com.tr\/index.php\/urun\/ikinci-dunya-savasi-tarihi\/"},"modified":"2026-04-16T03:03:37","modified_gmt":"2026-04-16T00:03:37","slug":"ikinci-dunya-savasi-tarihi","status":"publish","type":"product","link":"https:\/\/roveyayinevi.com.tr\/index.php\/urun\/ikinci-dunya-savasi-tarihi\/","title":{"rendered":"\u0130kinci D\u00fcnya Sava\u015f\u0131 Tarihi"},"content":{"rendered":"<p>\u0130NSANLIK TAR\u0130H\u0130N\u0130N G\u00d6RD\u00dc\u011e\u00dc EN KANLI SAVA\u015e\u2026   Frans\u0131z Mare\u015fal Ferdinand Foch, Birinci D\u00fcnya Sava\u015f\u0131\u2019n\u0131 sonland\u0131ran Versay Antla\u015fmas\u0131 hakk\u0131nda karamsar bir edayla, \u201cBu bir bar\u0131\u015f antla\u015fmas\u0131 de\u011fil, 20 y\u0131ll\u0131k bir ate\u015fkes,\u201d demi\u015fti. Tarih Foch\u2019u hakl\u0131 \u00e7\u0131karacakt\u0131. Zira Ian Kershaw\u2019\u0131n da belirtti\u011fi \u00fczere, Almanya\u2019y\u0131 intikam arzusuyla dolduracak kadar sert fakat onu intikam alabilece\u011fi vas\u0131talardan mahrum b\u0131rakmayacak kadar yumu\u015fak ve kusurlu bir antla\u015fma olan Versay\u2019\u0131n, yeni bir sava\u015fa zemin haz\u0131rlamas\u0131 neredeyse ka\u00e7\u0131n\u0131lmazd\u0131.   Almanya\u2019da 1918 sonras\u0131nda ya\u015fanan ekonomik ve toplumsal huzursuzluklar, B\u00fcy\u00fck Buhran\u2019la doruk noktas\u0131na ula\u015ft\u0131. Adolf Hitler ve \u0131rk\u00e7\u0131 Nazi Partisi\u2019nin 1933 y\u0131l\u0131nda iktidara gelmesiyle sonu\u00e7lanan bu s\u00fcre\u00e7, Avrupa\u2019da ikinci bir felaketin ta\u015flar\u0131n\u0131 d\u00f6\u015fedi. M\u00fcttefiklerin Avusturya, Sudetenland ve \u00c7ekoslovakya\u2019n\u0131n geri kalan\u0131na y\u00f6nelik Nazi sald\u0131rganl\u0131\u011f\u0131 kar\u015f\u0131s\u0131nda izledikleri \u201cyat\u0131\u015ft\u0131rma politikas\u0131\u201d ise ters tepti. Hitler\u2019in Stalin ile beklenmedik bir antla\u015fma yap\u0131p Polonya\u2019ya taarruz etmesi ve \u00e7at\u0131\u015fman\u0131n ka\u00e7\u0131n\u0131lmaz oldu\u011funu nihayet fark eden M\u00fcttefiklerin Almanya\u2019ya sava\u015f ilan etmeleriyle, \u0130kinci D\u00fcnya Sava\u015f\u0131 1 Eyl\u00fcl 1939\u2019da nihayet ba\u015flam\u0131\u015f oldu. Alman ordusu, a\u011f\u0131rl\u0131k noktas\u0131n\u0131 z\u0131rhl\u0131 ve motorize birliklerin te\u015fkil edece\u011fi yarma taarruzlar\u0131 ile onlara yak\u0131n hava deste\u011fi sa\u011flayacak hava kuvvetlerinin e\u015fg\u00fcd\u00fcm\u00fcne dayanan \u201cy\u0131ld\u0131r\u0131m sava\u015f\u0131\u201d doktriniyle Polonya\u2019y\u0131 \u00fc\u00e7 haftada ma\u011flup edecek, akabinde ise yetenekli komutanlar\u0131, \u00e7a\u011fda\u015f doktrinleri ve modern silahlar\u0131yla Avrupa\u2019y\u0131 ad\u0131m ad\u0131m i\u015fgal edip Moskova kap\u0131lar\u0131na kadar ilerleyecekti. Bu s\u0131rada Asya\u2019n\u0131n y\u00fckselen g\u00fcc\u00fc Japon \u0130mparatorlu\u011fu ise, Avrupa\u2019daki sava\u015f\u0131 f\u0131rsat bilip Avrupal\u0131lar\u0131n b\u00f6lgedeki s\u00f6m\u00fcrgelerini ele ge\u00e7irmeye y\u00f6nelik yay\u0131lmac\u0131 bir politika izledi. Bu politikan\u0131n, ABD\u2019nin Japonya\u2019ya petrol ambargosu uygulamas\u0131 ve neticede Pearl Harbor Bask\u0131n\u0131\u2019na yol a\u00e7mas\u0131yla, Avrupa\u2019da ba\u015flayan sava\u015f Asya ve Pasifik\u2019i de pen\u00e7esine ald\u0131.    Owen Booth ve John Walton taraf\u0131ndan kaleme al\u0131n\u0131p 20\u2019den fazla dile \u00e7evrilen \u0130kinci D\u00fcnya Sava\u015f\u0131 Tarihi, tarihin en b\u00fcy\u00fck ve en trajik sava\u015f\u0131n\u0131n ba\u015fl\u0131ca ki\u015filikleri, hadiseleri, cepheleri ve muharebelerinin hik\u00e2yesini anlat\u0131yor. 300\u2019den fazla foto\u011fraf, harita ve g\u00f6rselle desteklenen metin, asker\u00ee ve siyasi hadiselerle s\u0131n\u0131rl\u0131 kalmay\u0131p, cephe gerisindeki toplumsal olaylardan Yahudi soyk\u0131r\u0131m\u0131 ve sava\u015f su\u00e7lar\u0131na, kad\u0131nlar\u0131n sava\u015ftaki rol\u00fcnden teknolojik geli\u015fmelere kadar bir\u00e7ok konuyu ele al\u0131yor. Detaylara ve teknik ifadelere bo\u011fulmadan yal\u0131n, ak\u0131c\u0131 ve genel bir anlat\u0131m sunan \u0130kinci D\u00fcnya Sava\u015f\u0131 Tarihi, okuru g\u00f6rselleri ve s\u00fcr\u00fckleyici diliyle \u00e7arp\u0131c\u0131 bir yolculu\u011fa \u00e7\u0131kar\u0131yor.  <\/p>\n","protected":false},"excerpt":{"rendered":"<p>\u0130NSANLIK TAR\u0130H\u0130N\u0130N G\u00d6RD\u00dc\u011e\u00dc EN KANLI SAVA\u015e\u2026 Frans\u0131z Mare\u015fal Ferdinand Foch, Birinci D\u00fcnya Sava\u015f\u0131\u2019n\u0131 sonland\u0131ran Versay Antla\u015fmas\u0131 hakk\u0131nda karamsar bir edayla, \u201cBu bir bar\u0131\u015f antla\u015fmas\u0131 de\u011fil, 20<span class=\"excerpt-hellip\"> [\u2026]<\/span><\/p>\n","protected":false},"featured_media":0,"template":"","meta":{"_monsterinsights_skip_tracking":false,"_monsterinsights_sitenote_active":false,"_monsterinsights_sitenote_note":"","_monsterinsights_sitenote_category":0},"product_brand":[],"product_cat":[12304],"product_tag":[],"class_list":{"0":"post-750308","1":"product","2":"type-product","3":"status-publish","5":"product_cat-tarih","6":"pa_cilt-ciltsiz","7":"pa_tur-kitap","8":"pa_yayinevi-kronik-kitap","9":"pa_yazar-owen-booth","11":"first","12":"instock","13":"sale","14":"shipping-taxable","15":"purchasable","16":"product-type-simple"},"_links":{"self":[{"href":"https:\/\/roveyayinevi.com.tr\/index.php\/wp-json\/wp\/v2\/product\/750308","targetHints":{"allow":["GET"]}}],"collection":[{"href":"https:\/\/roveyayinevi.com.tr\/index.php\/wp-json\/wp\/v2\/product"}],"about":[{"href":"https:\/\/roveyayinevi.com.tr\/index.php\/wp-json\/wp\/v2\/types\/product"}],"wp:attachment":[{"href":"https:\/\/roveyayinevi.com.tr\/index.php\/wp-json\/wp\/v2\/media?parent=750308"}],"wp:term":[{"taxonomy":"product_brand","embeddable":true,"href":"https:\/\/roveyayinevi.com.tr\/index.php\/wp-json\/wp\/v2\/product_brand?post=750308"},{"taxonomy":"product_cat","embeddable":true,"href":"https:\/\/roveyayinevi.com.tr\/index.php\/wp-json\/wp\/v2\/product_cat?post=750308"},{"taxonomy":"product_tag","embeddable":true,"href":"https:\/\/roveyayinevi.com.tr\/index.php\/wp-json\/wp\/v2\/product_tag?post=750308"}],"curies":[{"name":"wp","href":"https:\/\/api.w.org\/{rel}","templated":true}]}}