{"id":750307,"date":"2025-08-28T04:17:46","date_gmt":"2025-08-28T01:17:46","guid":{"rendered":"https:\/\/roveyayinevi.com.tr\/index.php\/urun\/kisa-cin-tarihi-2\/"},"modified":"2026-04-16T03:03:37","modified_gmt":"2026-04-16T00:03:37","slug":"kisa-cin-tarihi-2","status":"publish","type":"product","link":"https:\/\/roveyayinevi.com.tr\/index.php\/urun\/kisa-cin-tarihi-2\/","title":{"rendered":"K\u0131sa \u00c7in Tarihi"},"content":{"rendered":"<p>K\u00dc\u00c7\u00dcK B\u0130R KAB\u0130LEDEN S\u00dcPER G\u00dcCE D\u00d6N\u00dc\u015e\u00dcN H\u0130K\u00c2YES\u0130\u2026 \u201c\u00c7in\u2019in dev tarihini on be\u015f b\u00f6l\u00fcmde anlatmak hi\u00e7 de kolay de\u011fil, fakat Linda Jaivin b\u00fcy\u00fck bir ustal\u0131kla bunu ba\u015far\u0131yor. \u00d6zl\u00fc, anla\u015f\u0131l\u0131r ve ayr\u0131nt\u0131lar\u0131 keskin bir g\u00f6zle yakalayan bu kitap, \u00c7in tarihi i\u00e7in vazge\u00e7ilmez bir ba\u015flang\u0131\u00e7 kitab\u0131.\u201d &#8211; Louisa Lim, \u00c7in ara\u015ft\u0131rmac\u0131s\u0131   D\u00fcnyan\u0131n en eski ve b\u00fcy\u00fck medeniyetlerinden biri, \u00c7in\u2026   Binlerce y\u0131ll\u0131k tarihi, insanl\u0131\u011fa katk\u0131lar\u0131, azameti ve bilinmezliklerle dolu olmas\u0131yla d\u00fcnya \u00e7ap\u0131nda merak uyand\u0131ran Uzak Do\u011fu\u2019nun ejderhas\u0131, kung-fu\u2019dan tofuya, \u00e7aydan ipe\u011fe kadar pek \u00e7ok \u015feyi d\u00fcnya miras\u0131na kazand\u0131rd\u0131. Binlerce y\u0131ld\u0131r b\u00fct\u00fcn insanl\u0131\u011f\u0131n mutfa\u011f\u0131n\u0131, ticaretini, asker\u00ee stratejilerini, esteti\u011fini ve felsefesini etkiledi. Kahramanlar, k\u00f6t\u00fc adamlar, refah \u00e7a\u011flar\u0131, \u015fiddetli isyanlar, asiler, sad\u0131klar, muhalifler ve dehalarla dolu olan \u00c7in\u2019in tarihi, kendisi gibi b\u00fcy\u00fck ve ayn\u0131 zamanda ilgi \u00e7ekici. Tarih\u00e7i Linda Jaivin, \u00c7in\u2019de yapt\u0131\u011f\u0131 ara\u015ft\u0131rmalar ve g\u00fcncel bilimsel yay\u0131nlar nihayetinde uzun y\u0131llar\u0131n birikimini dam\u0131tarak bu k\u0131sa ve s\u00fcr\u00fckleyici \u00c7in tarihiyle okurlar\u0131n kar\u015f\u0131s\u0131na \u00e7\u0131k\u0131yor. K\u00e2\u011f\u0131d\u0131n icad\u0131ndan \u00c7in Seddi\u2019nin in\u015fas\u0131na, Ming Hanedan\u0131\u2019n\u0131n y\u00fckseli\u015finden \u00e7\u00f6k\u00fc\u015f\u00fcne, Mo\u011fol \u00c7in\u2019ine, Afyon Sava\u015flar\u0131\u2019ndan \u00c7in Halk Cumhuriyeti\u2019nin kurulu\u015funa ve nihayetinde Xi Jinping\u2019in \u00c7in\u2019ine kadar ge\u00e7en binlerce y\u0131l\u0131 kapsayan bu eserle \u00c7in\u2019e dair akl\u0131n\u0131zdaki pek \u00e7ok soruya yan\u0131t bulacaks\u0131n\u0131z. Jaivin\u2019in s\u00fcr\u00fckleyici anlat\u0131m\u0131yla \u00c7in\u2019in verimli ovalar\u0131ndan G\u00f6kku\u015fa\u011f\u0131 Da\u011flar\u0131\u2019na, Yasak \u015eehir\u2019den modern Pekin\u2019e b\u00fcy\u00fcleyici bir yolculu\u011fa \u00e7\u0131kacaks\u0131n\u0131z. Kronik Kitap\u2019\u0131n yeni ba\u015flad\u0131\u011f\u0131 K\u0131sa Tarih Dizisi\u2019nin ilk kitab\u0131 K\u0131sa \u00c7in Tarihi, \u00c7in ve Uzak Do\u011fu co\u011frafyas\u0131n\u0131 merak edenler i\u00e7in keyifli bir giri\u015f kitab\u0131. <\/p>\n","protected":false},"excerpt":{"rendered":"<p>K\u00dc\u00c7\u00dcK B\u0130R KAB\u0130LEDEN S\u00dcPER G\u00dcCE D\u00d6N\u00dc\u015e\u00dcN H\u0130K\u00c2YES\u0130\u2026 \u201c\u00c7in\u2019in dev tarihini on be\u015f b\u00f6l\u00fcmde anlatmak hi\u00e7 de kolay de\u011fil, fakat Linda Jaivin b\u00fcy\u00fck bir ustal\u0131kla bunu ba\u015far\u0131yor.<span class=\"excerpt-hellip\"> [\u2026]<\/span><\/p>\n","protected":false},"featured_media":0,"template":"","meta":{"_monsterinsights_skip_tracking":false,"_monsterinsights_sitenote_active":false,"_monsterinsights_sitenote_note":"","_monsterinsights_sitenote_category":0},"product_brand":[],"product_cat":[12304],"product_tag":[],"class_list":{"0":"post-750307","1":"product","2":"type-product","3":"status-publish","5":"product_cat-tarih","6":"pa_cilt-ciltsiz","7":"pa_tur-kitap","8":"pa_yayinevi-kronik-kitap","9":"pa_yazar-linda-jaivin","11":"first","12":"instock","13":"sale","14":"shipping-taxable","15":"purchasable","16":"product-type-simple"},"_links":{"self":[{"href":"https:\/\/roveyayinevi.com.tr\/index.php\/wp-json\/wp\/v2\/product\/750307","targetHints":{"allow":["GET"]}}],"collection":[{"href":"https:\/\/roveyayinevi.com.tr\/index.php\/wp-json\/wp\/v2\/product"}],"about":[{"href":"https:\/\/roveyayinevi.com.tr\/index.php\/wp-json\/wp\/v2\/types\/product"}],"wp:attachment":[{"href":"https:\/\/roveyayinevi.com.tr\/index.php\/wp-json\/wp\/v2\/media?parent=750307"}],"wp:term":[{"taxonomy":"product_brand","embeddable":true,"href":"https:\/\/roveyayinevi.com.tr\/index.php\/wp-json\/wp\/v2\/product_brand?post=750307"},{"taxonomy":"product_cat","embeddable":true,"href":"https:\/\/roveyayinevi.com.tr\/index.php\/wp-json\/wp\/v2\/product_cat?post=750307"},{"taxonomy":"product_tag","embeddable":true,"href":"https:\/\/roveyayinevi.com.tr\/index.php\/wp-json\/wp\/v2\/product_tag?post=750307"}],"curies":[{"name":"wp","href":"https:\/\/api.w.org\/{rel}","templated":true}]}}