{"id":750304,"date":"2025-08-28T04:17:42","date_gmt":"2025-08-28T01:17:42","guid":{"rendered":"https:\/\/roveyayinevi.com.tr\/index.php\/urun\/eski-turk-tarihi\/"},"modified":"2026-04-16T03:03:37","modified_gmt":"2026-04-16T00:03:37","slug":"eski-turk-tarihi","status":"publish","type":"product","link":"https:\/\/roveyayinevi.com.tr\/index.php\/urun\/eski-turk-tarihi\/","title":{"rendered":"Eski T\u00fcrk Tarihi"},"content":{"rendered":"<p>T\u00fcrklerin K\u00f6keni, Y\u00f6netimi ve \u00c7in ile \u0130li\u015fkileri \u201c\u0130sl\u00e2m \u00f6ncesi T\u00fcrk tarihi sadece Orta Asya\u2019da de\u011fil Kafkaslar ve Karadeniz\u2019in kuzeyinde, hatta Macaristan ovalar\u0131na uzanan geni\u015f sahada var olmu\u015ftur. T\u00fcrk k\u00f6kenli halklar tarih \u00f6ncesi olarak adland\u0131r\u0131lan d\u00f6nemlerden 11. y\u00fczy\u0131la kadar, bug\u00fcnk\u00fc Mo\u011folistan\u2019\u0131n do\u011fusundaki Kerulen Irma\u011f\u0131\u2019ndan Tuna boylar\u0131na kadar do\u011fu ve bat\u0131 y\u00f6n\u00fcnde hareket etmi\u015flerdir. Avrasya T\u00fcrk Tarihi ara\u015ft\u0131rmalar\u0131 sonsuz derinlikte ve geni\u015flikte bir denizde ilerlemeye benzer.\u201d Ahmet Ta\u015fa\u011f\u0131l   T\u00fcrklerin k\u00f6keni nedir? T\u00fcrklerin nas\u0131l bir y\u00f6netim \u015fekilleri vard\u0131? \u00c7in ile ili\u015fkileri nas\u0131l geli\u015fmi\u015f, her zaman d\u00fc\u015fman m\u0131 olmu\u015flard\u0131r? \u00c7in\u2019in ba\u015fkentinde idam edilen 54 T\u00fcrk beyi kimdir? T\u00fcrkler \u00c7in topraklar\u0131na nas\u0131l ak\u0131n yap\u0131yorlard\u0131? Do\u011fu G\u00f6k T\u00fcrk Devleti h\u00fck\u00fcmdar\u0131 Shih-pi \u00c7in\u2019i nas\u0131l ku\u015fatt\u0131? Ergenekon nerededir ve T\u00fcrk tarihindeki yeri nedir? G\u00f6kt\u00fcrkler kimdir ve sonraki T\u00fcrk devletlerini nas\u0131l etkilemi\u015flerdir?  K\u00fcl Tegin T\u00fcrk tarihine nas\u0131l damga vurmu\u015ftur? \u0130pek Yolu nas\u0131l do\u011fmu\u015ftur?  \u00d6zkent, Turfan ve daha nice T\u00fcrk \u015fehrinin \u00f6zellikleri nelerdir?  15. ve 16. y\u00fczy\u0131lda T\u00fcrk d\u00fcnyas\u0131 nas\u0131l bir manzara te\u015fkil etmektedir?   1981 y\u0131l\u0131nda hen\u00fcz 17 ya\u015f\u0131nda bir \u00fcniversite \u00f6\u011frencisiyken Avrasya T\u00fcrk tarihinin siyasi, sosyo-k\u00fclt\u00fcrel, tarihi co\u011frafyas\u0131 \u00fczerine ara\u015ft\u0131rmalar yapmaya ba\u015flayan duayen tarih\u00e7i Ahmet Ta\u015fa\u011f\u0131l\u2019\u0131n kaleme ald\u0131\u011f\u0131 Eski T\u00fcrk Tarihi kitab\u0131yla Orta Asya\u2019dan Tuna\u2019ya kadar T\u00fcrklerin izlerini takip edeceksiniz. <\/p>\n","protected":false},"excerpt":{"rendered":"<p>T\u00fcrklerin K\u00f6keni, Y\u00f6netimi ve \u00c7in ile \u0130li\u015fkileri \u201c\u0130sl\u00e2m \u00f6ncesi T\u00fcrk tarihi sadece Orta Asya\u2019da de\u011fil Kafkaslar ve Karadeniz\u2019in kuzeyinde, hatta Macaristan ovalar\u0131na uzanan geni\u015f sahada var<span class=\"excerpt-hellip\"> [\u2026]<\/span><\/p>\n","protected":false},"featured_media":0,"template":"","meta":{"_monsterinsights_skip_tracking":false,"_monsterinsights_sitenote_active":false,"_monsterinsights_sitenote_note":"","_monsterinsights_sitenote_category":0},"product_brand":[],"product_cat":[12304],"product_tag":[],"class_list":{"0":"post-750304","1":"product","2":"type-product","3":"status-publish","5":"product_cat-tarih","6":"pa_cilt-ciltsiz","7":"pa_tur-kitap","8":"pa_yayinevi-kronik-kitap","9":"pa_yazar-ahmet-tasagil","11":"first","12":"instock","13":"sale","14":"shipping-taxable","15":"purchasable","16":"product-type-simple"},"_links":{"self":[{"href":"https:\/\/roveyayinevi.com.tr\/index.php\/wp-json\/wp\/v2\/product\/750304","targetHints":{"allow":["GET"]}}],"collection":[{"href":"https:\/\/roveyayinevi.com.tr\/index.php\/wp-json\/wp\/v2\/product"}],"about":[{"href":"https:\/\/roveyayinevi.com.tr\/index.php\/wp-json\/wp\/v2\/types\/product"}],"wp:attachment":[{"href":"https:\/\/roveyayinevi.com.tr\/index.php\/wp-json\/wp\/v2\/media?parent=750304"}],"wp:term":[{"taxonomy":"product_brand","embeddable":true,"href":"https:\/\/roveyayinevi.com.tr\/index.php\/wp-json\/wp\/v2\/product_brand?post=750304"},{"taxonomy":"product_cat","embeddable":true,"href":"https:\/\/roveyayinevi.com.tr\/index.php\/wp-json\/wp\/v2\/product_cat?post=750304"},{"taxonomy":"product_tag","embeddable":true,"href":"https:\/\/roveyayinevi.com.tr\/index.php\/wp-json\/wp\/v2\/product_tag?post=750304"}],"curies":[{"name":"wp","href":"https:\/\/api.w.org\/{rel}","templated":true}]}}