{"id":750303,"date":"2025-08-28T04:17:41","date_gmt":"2025-08-28T01:17:41","guid":{"rendered":"https:\/\/roveyayinevi.com.tr\/index.php\/urun\/kardeslik\/"},"modified":"2026-04-16T03:03:37","modified_gmt":"2026-04-16T00:03:37","slug":"kardeslik","status":"publish","type":"product","link":"https:\/\/roveyayinevi.com.tr\/index.php\/urun\/kardeslik\/","title":{"rendered":"Karde\u015flik"},"content":{"rendered":"<p>MODERN TOPLUMUN EN ETK\u0130L\u0130 VE EN YANLI\u015e B\u0130L\u0130NEN G\u0130ZL\u0130 TOPLULUKLARINDAN H\u00dcR MASONLARIN B\u00dcY\u00dcLEY\u0130C\u0130 VE GER\u00c7EK TAR\u0130H\u0130!   \u201cHarika bir anlat\u0131m\u2026 John Dickie efsaneyi tarihe \u00e7evirmi\u015f.\u201d  The Economist   \u201cBulgular\u0131na itiraz edilemez \u015fekilde ara\u015ft\u0131r\u0131lm\u0131\u015f ve son derece keyif verici bir kitap.\u201d The Wall Street Journal   Londra\u2019da 1717 y\u0131l\u0131nda, erkekleri birbirlerine karde\u015flik ba\u011f\u0131yla ba\u011flamak amac\u0131yla kurulan h\u00fcr masonluk o kadar ba\u011f\u0131ml\u0131l\u0131k yap\u0131c\u0131yd\u0131 ki 20 sene i\u00e7inde d\u00fcnyaya yay\u0131ld\u0131. Her \u015feye n\u00fcfuz eder h\u00e2le geldi. Masonluk, George Washington\u2019\u0131n liderli\u011finde yeni olu\u015fan Amerikan ulusu i\u00e7in bir \u00f6\u011freti h\u00e2line geldi. Mason a\u011flar\u0131 Britanya \u0130mparatorlu\u011fu\u2019nu bir arada tuttu. Napol\u00e9on Devri\u2019nde mason karde\u015fli\u011fi \u00f6nce otoriter devletin bir aleti, sonraysa devrimci komplolar i\u00e7in bir k\u0131l\u0131f oldu. Hem Mormon kilisesi hem de Sicilya mafyas\u0131 k\u00f6kenini h\u00fcr masonlu\u011fa bor\u00e7luydu. John Dickie bu bilinmezlikleri ve gizleri kadar etkileriyle de me\u015fhur toplulu\u011fun tarihini yaz\u0131yor. Ayn\u0131 zamanda Masonlar n\u00fcfuzlu olduklar\u0131 kadar korkutuculard\u0131 da. Mason localar\u0131 Katolik kilisesine g\u00f6re \u015feytana tapanlar\u0131n ini, Hitler, Mussolini ve Franco gibi diktat\u00f6rlere g\u00f6reyse pasifizm, sosyalizm ve Yahudi n\u00fcfuzu sa\u00e7an yerlerdi. Dickie bu sansasyonel birli\u011fi hem i\u011fneleyici bir \u00fcslup hem de bir tarih\u00e7inin so\u011fukkanl\u0131 ak\u0131l y\u00fcr\u00fctme becerisiyle ele al\u0131yor. Karde\u015flik\u2019in sat\u0131rlar\u0131 aras\u0131nda Winston Churchill ile Walt Disney, Wolfgang Mozart ile Shaquille O\u2019Neal, Benjamin Franklin ile Buzz Aldrin, Rudyard Kipling ile J\u00f6n T\u00fcrkler bir araya geliyor. Kitap, \u00e7o\u011fu b\u00f6l\u00fcm\u00fc \u00e2deta bir macera roman\u0131n\u0131 and\u0131ran sayfalar\u0131yla h\u00fcr masonlu\u011fa dair bilgilendirici, b\u00fcy\u00fcleyici ve \u00e7o\u011funlukla \u00e7ok keyifli bir anlat\u0131m benimsiyor. K\u0131sa s\u00fcre \u00f6nce a\u00e7\u0131lm\u0131\u015f \u0130ngilizce ar\u015fivlerden faydalanarak h\u00fcr masonlar\u0131n tarihini daha \u00f6nce yaz\u0131lmam\u0131\u015f bi\u00e7imde kaleme al\u0131yor. Modern toplumu \u015fekillendirmekle kalmayan bu hareketin d\u00fcnya genelindeki yakla\u015f\u0131k alt\u0131 milyon \u00fcyesiyle g\u00fcn\u00fcm\u00fczde h\u00e2l\u00e2 hat\u0131r\u0131 say\u0131l\u0131r bir etkiye sahip oldu\u011funu da g\u00f6steriyor. Kronik Kitap Gizli Te\u015fkilatlar Serisi\u2019nin yeni kitab\u0131 Karde\u015flik: H\u00fcr Masonlar Modern D\u00fcnyay\u0131 Nas\u0131l \u015eekillendirdi? d\u00fcnyan\u0131n en me\u015fhur ve en yanl\u0131\u015f anla\u015f\u0131lm\u0131\u015f gizli karde\u015fli\u011finin g\u00f6lgeler arkas\u0131nda kalan tarihini ortaya koyan b\u00fcy\u00fcleyici bir ke\u015fif gezisi sunuyor. <\/p>\n","protected":false},"excerpt":{"rendered":"<p>MODERN TOPLUMUN EN ETK\u0130L\u0130 VE EN YANLI\u015e B\u0130L\u0130NEN G\u0130ZL\u0130 TOPLULUKLARINDAN H\u00dcR MASONLARIN B\u00dcY\u00dcLEY\u0130C\u0130 VE GER\u00c7EK TAR\u0130H\u0130! \u201cHarika bir anlat\u0131m\u2026 John Dickie efsaneyi tarihe \u00e7evirmi\u015f.\u201d The Economist<span class=\"excerpt-hellip\"> [\u2026]<\/span><\/p>\n","protected":false},"featured_media":0,"template":"","meta":{"_monsterinsights_skip_tracking":false,"_monsterinsights_sitenote_active":false,"_monsterinsights_sitenote_note":"","_monsterinsights_sitenote_category":0},"product_brand":[],"product_cat":[12304],"product_tag":[],"class_list":{"0":"post-750303","1":"product","2":"type-product","3":"status-publish","5":"product_cat-tarih","6":"pa_cilt-ciltsiz","7":"pa_tur-kitap","8":"pa_yayinevi-kronik-kitap","9":"pa_yazar-john-dickie","11":"first","12":"instock","13":"sale","14":"shipping-taxable","15":"purchasable","16":"product-type-simple"},"_links":{"self":[{"href":"https:\/\/roveyayinevi.com.tr\/index.php\/wp-json\/wp\/v2\/product\/750303","targetHints":{"allow":["GET"]}}],"collection":[{"href":"https:\/\/roveyayinevi.com.tr\/index.php\/wp-json\/wp\/v2\/product"}],"about":[{"href":"https:\/\/roveyayinevi.com.tr\/index.php\/wp-json\/wp\/v2\/types\/product"}],"wp:attachment":[{"href":"https:\/\/roveyayinevi.com.tr\/index.php\/wp-json\/wp\/v2\/media?parent=750303"}],"wp:term":[{"taxonomy":"product_brand","embeddable":true,"href":"https:\/\/roveyayinevi.com.tr\/index.php\/wp-json\/wp\/v2\/product_brand?post=750303"},{"taxonomy":"product_cat","embeddable":true,"href":"https:\/\/roveyayinevi.com.tr\/index.php\/wp-json\/wp\/v2\/product_cat?post=750303"},{"taxonomy":"product_tag","embeddable":true,"href":"https:\/\/roveyayinevi.com.tr\/index.php\/wp-json\/wp\/v2\/product_tag?post=750303"}],"curies":[{"name":"wp","href":"https:\/\/api.w.org\/{rel}","templated":true}]}}