{"id":750302,"date":"2025-08-28T04:17:40","date_gmt":"2025-08-28T01:17:40","guid":{"rendered":"https:\/\/roveyayinevi.com.tr\/index.php\/urun\/kendinle-mutluysan-kimseyle-derdin-olmaz\/"},"modified":"2026-04-12T03:07:19","modified_gmt":"2026-04-12T00:07:19","slug":"kendinle-mutluysan-kimseyle-derdin-olmaz","status":"publish","type":"product","link":"https:\/\/roveyayinevi.com.tr\/index.php\/urun\/kendinle-mutluysan-kimseyle-derdin-olmaz\/","title":{"rendered":"Kendinle Mutluysan Kimseyle Derdin Olmaz"},"content":{"rendered":"<p>\u201cB\u0130L\u0130N\u00c7ALTININ FARKINDA OLMAYAN K\u0130\u015e\u0130, BA\u015eINA GELEN HER \u015eEYE KADER DER.\u201d \u2013 C. G. JUNG \u00c7ocukluk \u00e7a\u011f\u0131ndan beri insan\u0131n bilin\u00e7alt\u0131nda k\u00f6klenen inan\u0131\u015flar neye mal olur? K\u00f6k inan\u0131\u015flardan kurtulmak m\u00fcmk\u00fcn m\u00fcd\u00fcr? Bast\u0131r\u0131lm\u0131\u015f duygular hayat\u0131 nas\u0131l etkiler? \u0130nsan\u0131n i\u00e7indeki eril ve di\u015fil par\u00e7alar nelerdir ve ne anlama gelirler? Eril ve di\u015fil dengesi nas\u0131l sa\u011flan\u0131r? \u0130\u00e7d\u00fcnyas\u0131n\u0131 y\u00f6neten d\u0131\u015f d\u00fcnyas\u0131na da h\u00fckmedebilir mi? D\u00fcnyay\u0131 de\u011fi\u015ftirmek i\u00e7in ki\u015finin \u00f6nce kendini d\u00f6n\u00fc\u015ft\u00fcrmesi gerekir. Hayata kar\u015f\u0131 fark\u0131ndal\u0131\u011f\u0131m\u0131z\u0131 art\u0131r\u0131r, i\u00e7imizdeki huzuru, sevgiyi ke\u015ffedip b\u00fcy\u00fct\u00fcr, ge\u00e7mi\u015f ac\u0131lar\u0131m\u0131z\u0131n \u00fcstesinden gelip \u015fimdiki \u201can\u201da ve sahip olduklar\u0131m\u0131za \u015f\u00fckretmeyi \u00f6\u011frenirsek ya\u015fad\u0131\u011f\u0131m\u0131z d\u00fcnya hem kendimiz i\u00e7in hem de gelecek nesiller i\u00e7in daha ya\u015fanabilir bir yer olur. B\u00fct\u00fcnsel Ya\u015fam Ko\u00e7u Nadia Maiya, i\u00e7d\u00fcnyas\u0131n\u0131 ke\u015ffetmek ve anlamak, beden, zihin, ruh dengesini kurmak, daha sa\u011fl\u0131kl\u0131 bir ya\u015fam s\u00fcrd\u00fcrmek, daha sa\u011fl\u0131kl\u0131 ili\u015fkiler kurmak ve \u00f6zlemini \u00e7ekti\u011fi dengeye kavu\u015fmak isteyenler i\u00e7in yazd\u0131. <\/p>\n","protected":false},"excerpt":{"rendered":"<p>\u201cB\u0130L\u0130N\u00c7ALTININ FARKINDA OLMAYAN K\u0130\u015e\u0130, BA\u015eINA GELEN HER \u015eEYE KADER DER.\u201d \u2013 C. G. JUNG \u00c7ocukluk \u00e7a\u011f\u0131ndan beri insan\u0131n bilin\u00e7alt\u0131nda k\u00f6klenen inan\u0131\u015flar neye mal olur? K\u00f6k inan\u0131\u015flardan<span class=\"excerpt-hellip\"> [\u2026]<\/span><\/p>\n","protected":false},"featured_media":0,"template":"","meta":{"_monsterinsights_skip_tracking":false,"_monsterinsights_sitenote_active":false,"_monsterinsights_sitenote_note":"","_monsterinsights_sitenote_category":0},"product_brand":[],"product_cat":[12364,12376],"product_tag":[],"class_list":{"0":"post-750302","1":"product","2":"type-product","3":"status-publish","5":"product_cat-genel-konular","6":"product_cat-kisisel-gelisim","7":"pa_cilt-ciltsiz","8":"pa_tur-kitap","9":"pa_yayinevi-destek-yayinlari","10":"pa_yazar-nadia-maiya","12":"first","13":"instock","14":"sale","15":"shipping-taxable","16":"purchasable","17":"product-type-simple"},"_links":{"self":[{"href":"https:\/\/roveyayinevi.com.tr\/index.php\/wp-json\/wp\/v2\/product\/750302","targetHints":{"allow":["GET"]}}],"collection":[{"href":"https:\/\/roveyayinevi.com.tr\/index.php\/wp-json\/wp\/v2\/product"}],"about":[{"href":"https:\/\/roveyayinevi.com.tr\/index.php\/wp-json\/wp\/v2\/types\/product"}],"wp:attachment":[{"href":"https:\/\/roveyayinevi.com.tr\/index.php\/wp-json\/wp\/v2\/media?parent=750302"}],"wp:term":[{"taxonomy":"product_brand","embeddable":true,"href":"https:\/\/roveyayinevi.com.tr\/index.php\/wp-json\/wp\/v2\/product_brand?post=750302"},{"taxonomy":"product_cat","embeddable":true,"href":"https:\/\/roveyayinevi.com.tr\/index.php\/wp-json\/wp\/v2\/product_cat?post=750302"},{"taxonomy":"product_tag","embeddable":true,"href":"https:\/\/roveyayinevi.com.tr\/index.php\/wp-json\/wp\/v2\/product_tag?post=750302"}],"curies":[{"name":"wp","href":"https:\/\/api.w.org\/{rel}","templated":true}]}}