{"id":750300,"date":"2025-08-28T04:17:37","date_gmt":"2025-08-28T01:17:37","guid":{"rendered":"https:\/\/roveyayinevi.com.tr\/index.php\/urun\/yeni-gelen\/"},"modified":"2026-04-16T03:03:37","modified_gmt":"2026-04-16T00:03:37","slug":"yeni-gelen","status":"publish","type":"product","link":"https:\/\/roveyayinevi.com.tr\/index.php\/urun\/yeni-gelen\/","title":{"rendered":"Yeni Gelen"},"content":{"rendered":"<p>Yeni d\u00fcnyan\u0131n \u00e7ocuklar\u0131na haz\u0131r m\u0131y\u0131z? \u0130ngiliz edebiyat\u0131n\u0131n \u00e7ok \u00f6d\u00fcll\u00fc usta yazar\u0131 David Almond, etkileyici roman\u0131nda okuru, s\u0131n\u0131fa yeni gelen ve her anlamda dig\u0306erlerinden \u201cfarkl\u0131\u201d bir \u00e7ocukla tan\u0131s\u0327t\u0131r\u0131yor. Yas\u0327ama dair temel sorular soruyor; insan\u0131n i\u00e7g\u00fcd\u00fclerini, hayat\u0131 dolu dolu yas\u0327amay\u0131 ve sevginin \u00f6nemini \u00e7ocuk naiflig\u0306iyle anlat\u0131yor. Marta Alte\u0301s\u2019in resimleriyle canlanan hika\u0302ye, arkadas\u0327l\u0131k, \u00f6zg\u00fcrl\u00fck, bilim gibi kavramlar\u0131 sorguluyor; \u00e7ocuklar\u0131, geleceg\u0306i \u00e7okboyutlu d\u00fcs\u0327\u00fcnmeye \u00e7ag\u0306\u0131r\u0131yor. Geleceg\u0306in \u00e7ocuklar\u0131na, insanl\u0131g\u0306a ve yapay zeka\u0302 tart\u0131s\u0327malar\u0131na \u201cbir ihtimal daha var m\u0131\u201d dedirten bir \u0131s\u0327\u0131k tutuyor. Daniel ve arkada\u015f\u0131 Maksie, s\u0131n\u0131fa yeni gelen George\u2019u \u00f6nce \u00e7ok yad\u0131rgarlar. Ama sonra, her s\u00f6zc\u00fc\u011f\u00fcn anlam\u0131n\u0131 bilen, matematik i\u015flemlerini h\u0131zla \u00e7\u00f6zen bu tuhaf \u00e7ocu\u011fa yak\u0131nl\u0131k duyarlar. Daniel, onu \u00e7aya, hatta futbol oynamaya davet eder. \u0130kili, George\u2019un mesafeli ve sessiz halini, ona s\u00fcrekli komutlar veren kad\u0131n\u0131 ve gizemli minib\u00fcs\u00fcn s\u0131rr\u0131n\u0131 \u00f6\u011frenince hayrete d\u00fc\u015fer. Daniel, arkada\u015flar\u0131yla birlikte, George\u2019a yard\u0131m etmek i\u00e7in harekete ge\u00e7er&#8230;<\/p>\n","protected":false},"excerpt":{"rendered":"<p>Yeni d\u00fcnyan\u0131n \u00e7ocuklar\u0131na haz\u0131r m\u0131y\u0131z? \u0130ngiliz edebiyat\u0131n\u0131n \u00e7ok \u00f6d\u00fcll\u00fc usta yazar\u0131 David Almond, etkileyici roman\u0131nda okuru, s\u0131n\u0131fa yeni gelen ve her anlamda dig\u0306erlerinden \u201cfarkl\u0131\u201d bir \u00e7ocukla<span class=\"excerpt-hellip\"> [\u2026]<\/span><\/p>\n","protected":false},"featured_media":0,"template":"","meta":{"_monsterinsights_skip_tracking":false,"_monsterinsights_sitenote_active":false,"_monsterinsights_sitenote_note":"","_monsterinsights_sitenote_category":0},"product_brand":[],"product_cat":[12689,12274],"product_tag":[],"class_list":{"0":"post-750300","1":"product","2":"type-product","3":"status-publish","5":"product_cat-cizgi-roman-cocuk-ve-genclik-kitaplari","6":"product_cat-cocuk-ve-genclik-kitaplari","7":"pa_cilt-ciltsiz","8":"pa_tur-kitap","9":"pa_yayinevi-gunisigi-kitapligi","10":"pa_yazar-david-almond","12":"first","13":"instock","14":"sale","15":"shipping-taxable","16":"purchasable","17":"product-type-simple"},"_links":{"self":[{"href":"https:\/\/roveyayinevi.com.tr\/index.php\/wp-json\/wp\/v2\/product\/750300","targetHints":{"allow":["GET"]}}],"collection":[{"href":"https:\/\/roveyayinevi.com.tr\/index.php\/wp-json\/wp\/v2\/product"}],"about":[{"href":"https:\/\/roveyayinevi.com.tr\/index.php\/wp-json\/wp\/v2\/types\/product"}],"wp:attachment":[{"href":"https:\/\/roveyayinevi.com.tr\/index.php\/wp-json\/wp\/v2\/media?parent=750300"}],"wp:term":[{"taxonomy":"product_brand","embeddable":true,"href":"https:\/\/roveyayinevi.com.tr\/index.php\/wp-json\/wp\/v2\/product_brand?post=750300"},{"taxonomy":"product_cat","embeddable":true,"href":"https:\/\/roveyayinevi.com.tr\/index.php\/wp-json\/wp\/v2\/product_cat?post=750300"},{"taxonomy":"product_tag","embeddable":true,"href":"https:\/\/roveyayinevi.com.tr\/index.php\/wp-json\/wp\/v2\/product_tag?post=750300"}],"curies":[{"name":"wp","href":"https:\/\/api.w.org\/{rel}","templated":true}]}}