{"id":750291,"date":"2025-08-28T04:17:21","date_gmt":"2025-08-28T01:17:21","guid":{"rendered":"https:\/\/roveyayinevi.com.tr\/index.php\/urun\/bulgar-kizi-talasin-kiyisinda\/"},"modified":"2026-04-16T03:03:37","modified_gmt":"2026-04-16T00:03:37","slug":"bulgar-kizi-talasin-kiyisinda","status":"publish","type":"product","link":"https:\/\/roveyayinevi.com.tr\/index.php\/urun\/bulgar-kizi-talasin-kiyisinda\/","title":{"rendered":"Bulgar K\u0131z\u0131 \/Talas\u2019\u0131n K\u0131y\u0131s\u0131nda"},"content":{"rendered":"<p>Bu\u0308yu\u0308k usta Cengiz Aytmatov; Tu\u0308rk okuru ile ilk kez bulus\u0327an bu o\u0308yku\u0308lerinde ku\u0308c\u0327u\u0308k insanlar\u0131n bu\u0308yu\u0308k toplumsal k\u0131r\u0131lmalarda yas\u0327ad\u0131g\u0306\u0131 y\u0131k\u0131c\u0131 savrulmay\u0131, keskin bir yal\u0131nl\u0131kla go\u0308zler o\u0308nu\u0308ne seriyor. Bulgar K\u0131z\u0131\u2019nda, tu\u0308m du\u0308nyay\u0131 kas\u0131p kavuran bu\u0308yu\u0308k savas\u0327\u0131n hayat\u0131n\u0131 altu\u0308st ettig\u0306i genc\u0327 bir k\u0131z\u0131n kendisine s\u0131g\u0306\u0131nak aray\u0131s\u0327\u0131n\u0131 anlatan Aytmatov; eski du\u0308nyan\u0131n un ufak oldug\u0306u, ac\u0131 ve o\u0308lu\u0308mu\u0308n yok edici bir go\u0308lge olarak insanl\u0131g\u0306\u0131n u\u0308zerine c\u0327o\u0308ktu\u0308g\u0306u\u0308 bir du\u0308nyada var olman\u0131n anlam\u0131n\u0131 sorgularken yitirdiklerimiz ve muhafaza edebileceklerimize dair bir aray\u0131s\u0327 teklif ediyor. Talas\u2019\u0131n K\u0131y\u0131s\u0131nda\u2019da ise okurunu hu\u0308znu\u0308n o\u0308fke, pis\u0327manl\u0131g\u0306\u0131n ise taze umutlar ile ic\u0327 ic\u0327e gec\u0327tig\u0306i, tan\u0131d\u0131k ancak bir o kadar da kendine has bir baba og\u0306ul hika\u0302yesine ortak ediyor. I\u0307nsan\u0131n dog\u0306a ile su\u0308ru\u0308p giden mu\u0308cadelesindeki deg\u0306is\u0327imi, modernles\u0327menin hayatlar\u0131m\u0131za sinen o cu\u0308retka\u0302r tavr\u0131n\u0131 Beknazar\u2019\u0131n og\u0306lu Al\u0131mbek ile yas\u0327ad\u0131g\u0306\u0131 c\u0327at\u0131s\u0327mayla anlatan Aytmatov, tu\u0308m bu mu\u0308cadeleye rag\u0306men hic\u0327 yitirmedig\u0306imiz dog\u0306a ile uyumlu olma becerimizin ona hu\u0308kmetmeye, zarar vermeye ve yok etmeye evrilis\u0327ine yakt\u0131g\u0306\u0131 ag\u0306\u0131t\u0131 Beknazar\u2019\u0131n go\u0308zyas\u0327lar\u0131nda okuruna sunuyor. <\/p>\n","protected":false},"excerpt":{"rendered":"<p>Bu\u0308yu\u0308k usta Cengiz Aytmatov; Tu\u0308rk okuru ile ilk kez bulus\u0327an bu o\u0308yku\u0308lerinde ku\u0308c\u0327u\u0308k insanlar\u0131n bu\u0308yu\u0308k toplumsal k\u0131r\u0131lmalarda yas\u0327ad\u0131g\u0306\u0131 y\u0131k\u0131c\u0131 savrulmay\u0131, keskin bir yal\u0131nl\u0131kla go\u0308zler o\u0308nu\u0308ne seriyor.<span class=\"excerpt-hellip\"> [\u2026]<\/span><\/p>\n","protected":false},"featured_media":0,"template":"","meta":{"_monsterinsights_skip_tracking":false,"_monsterinsights_sitenote_active":false,"_monsterinsights_sitenote_note":"","_monsterinsights_sitenote_category":0},"product_brand":[],"product_cat":[12291,18202],"product_tag":[],"class_list":{"0":"post-750291","1":"product","2":"type-product","3":"status-publish","5":"product_cat-edebiyat","6":"product_cat-hikaye","7":"pa_cilt-ciltsiz","8":"pa_tur-kitap","9":"pa_yayinevi-ketebe-yayinlari","10":"pa_yazar-cengiz-aytmatov","12":"first","13":"instock","14":"sale","15":"shipping-taxable","16":"purchasable","17":"product-type-simple"},"_links":{"self":[{"href":"https:\/\/roveyayinevi.com.tr\/index.php\/wp-json\/wp\/v2\/product\/750291","targetHints":{"allow":["GET"]}}],"collection":[{"href":"https:\/\/roveyayinevi.com.tr\/index.php\/wp-json\/wp\/v2\/product"}],"about":[{"href":"https:\/\/roveyayinevi.com.tr\/index.php\/wp-json\/wp\/v2\/types\/product"}],"wp:attachment":[{"href":"https:\/\/roveyayinevi.com.tr\/index.php\/wp-json\/wp\/v2\/media?parent=750291"}],"wp:term":[{"taxonomy":"product_brand","embeddable":true,"href":"https:\/\/roveyayinevi.com.tr\/index.php\/wp-json\/wp\/v2\/product_brand?post=750291"},{"taxonomy":"product_cat","embeddable":true,"href":"https:\/\/roveyayinevi.com.tr\/index.php\/wp-json\/wp\/v2\/product_cat?post=750291"},{"taxonomy":"product_tag","embeddable":true,"href":"https:\/\/roveyayinevi.com.tr\/index.php\/wp-json\/wp\/v2\/product_tag?post=750291"}],"curies":[{"name":"wp","href":"https:\/\/api.w.org\/{rel}","templated":true}]}}