{"id":750290,"date":"2025-08-28T04:17:20","date_gmt":"2025-08-28T01:17:20","guid":{"rendered":"https:\/\/roveyayinevi.com.tr\/index.php\/urun\/seytan-ye-diyor\/"},"modified":"2026-04-16T03:03:37","modified_gmt":"2026-04-16T00:03:37","slug":"seytan-ye-diyor","status":"publish","type":"product","link":"https:\/\/roveyayinevi.com.tr\/index.php\/urun\/seytan-ye-diyor\/","title":{"rendered":"\u015eeytan Ye Diyor !"},"content":{"rendered":"<p>Allah-u Te\u00e2l\u00e2\u2019n\u0131n \u201cSize r\u0131z\u0131k olarak verdi\u011fimiz \u015feylerden yiyin. Bu hususta azg\u0131nl\u0131k etmeyin. Yoksa gazab\u0131m \u00fczerinize iner! Gazab\u0131m\u0131z kimin \u00fczerine olursa o hel\u00e2k olur\u201d (T\u00e2h\u00e2, 81) emr-i il\u00e2h\u00eesindeki \u2018tayyib\u2019den murat ne? G\u0131da hususunda azg\u0131nl\u0131k nas\u0131l olur? Tayyibattan yemeyenlere nas\u0131l bir gazap iner? \u0130\u015fkence alt\u0131nda, hayat\u0131 boyunca g\u00fcn \u0131\u015f\u0131\u011f\u0131 g\u00f6rmeyen bir tavu\u011fun et ve yumurtas\u0131 tayyib say\u0131l\u0131r m\u0131? Tic\u00e2r\u00ee glikoz ve fruktoz \u015furubuna yapay aroma il\u00e2vesiyle ar\u0131s\u0131z \u00eem\u00e2l edilen s\u00f6zde ballar hel\u00e2l midir? GDO\u2019lu m\u0131s\u0131rla beslenen, antibiyotik delisi olmu\u015f s\u0131\u011f\u0131rlar\u0131n eti ve s\u00fct\u00fc ile \u00e7ocuklara bolca yedirilen muhtelif katk\u0131l\u0131 ve DDT\u2019li \u00e7ikolata ve gofretler c\u00e2iz olabilir mi? \u0130\u00e7inde onlarca zararl\u0131 katk\u0131 maddesi bulunan beyaz ekmek sizce tayyib vasf\u0131 ta\u015f\u0131r m\u0131? \u0130ftar sofralar\u0131ndan bile eksik edilmeyen kolal\u0131 ve aromal\u0131 i\u00e7eceklere alkol eklendi\u011fini ka\u00e7 ki\u015fi biliyor? Anne s\u00fct\u00fcnde bile g\u00f6r\u00fclen GDO musibetiyle nas\u0131l m\u00fccadele edilmeli? Hel\u00e2l ve organik sertifikalar\u0131 dert mi, derman m\u0131? Bu liste uzar, hayatlar k\u0131sal\u0131r! Kem\u00e2l \u00d6zer, Kur\u2019\u00e2n-\u0131 Kerim\u2019de emredilen tayyib g\u0131dan\u0131n izini s\u00fcr\u00fcyor. G\u0131dalar\u0131n yan\u0131 s\u0131ra hars\u0131 ve nesli ifsad edici \u00e7abalar\u0131n gelece\u011fimizi nas\u0131l etkiledi\u011fini irdeliyor. Y\u0131llard\u0131r g\u00f6n\u00fcl rahatl\u0131\u011f\u0131yla yedi\u011fimiz \u201c\u015f\u00fcpheli\u201d g\u0131dalar\u0131n ipli\u011fini tek tek pazara \u00e7\u0131kar\u0131rken sa\u011fl\u0131\u011f\u0131 kaybetmemek i\u00e7in tertemiz tavsiyelerde bulunuyor. Dayat\u0131lan hazc\u0131 hayat tarz\u0131n\u0131 reddediyor, bizleri an\u2019anev\u00ee ve tabi\u00ee olanla yeniden bulu\u015fturuyor. \u201cNe yiyece\u011fimizi \u015fa\u015f\u0131rd\u0131k\u201d diyenlere dosdo\u011fru yolu g\u00f6steriyor. <\/p>\n","protected":false},"excerpt":{"rendered":"<p>Allah-u Te\u00e2l\u00e2\u2019n\u0131n \u201cSize r\u0131z\u0131k olarak verdi\u011fimiz \u015feylerden yiyin. Bu hususta azg\u0131nl\u0131k etmeyin. Yoksa gazab\u0131m \u00fczerinize iner! Gazab\u0131m\u0131z kimin \u00fczerine olursa o hel\u00e2k olur\u201d (T\u00e2h\u00e2, 81) emr-i<span class=\"excerpt-hellip\"> [\u2026]<\/span><\/p>\n","protected":false},"featured_media":0,"template":"","meta":{"_monsterinsights_skip_tracking":false,"_monsterinsights_sitenote_active":false,"_monsterinsights_sitenote_note":"","_monsterinsights_sitenote_category":0},"product_brand":[],"product_cat":[13365],"product_tag":[],"class_list":{"0":"post-750290","1":"product","2":"type-product","3":"status-publish","5":"product_cat-saglik","6":"pa_cilt-ciltsiz","7":"pa_tur-kitap","8":"pa_yayinevi-ketebe-yayinlari","9":"pa_yazar-kemal-ozer","11":"first","12":"instock","13":"sale","14":"shipping-taxable","15":"purchasable","16":"product-type-simple"},"_links":{"self":[{"href":"https:\/\/roveyayinevi.com.tr\/index.php\/wp-json\/wp\/v2\/product\/750290","targetHints":{"allow":["GET"]}}],"collection":[{"href":"https:\/\/roveyayinevi.com.tr\/index.php\/wp-json\/wp\/v2\/product"}],"about":[{"href":"https:\/\/roveyayinevi.com.tr\/index.php\/wp-json\/wp\/v2\/types\/product"}],"wp:attachment":[{"href":"https:\/\/roveyayinevi.com.tr\/index.php\/wp-json\/wp\/v2\/media?parent=750290"}],"wp:term":[{"taxonomy":"product_brand","embeddable":true,"href":"https:\/\/roveyayinevi.com.tr\/index.php\/wp-json\/wp\/v2\/product_brand?post=750290"},{"taxonomy":"product_cat","embeddable":true,"href":"https:\/\/roveyayinevi.com.tr\/index.php\/wp-json\/wp\/v2\/product_cat?post=750290"},{"taxonomy":"product_tag","embeddable":true,"href":"https:\/\/roveyayinevi.com.tr\/index.php\/wp-json\/wp\/v2\/product_tag?post=750290"}],"curies":[{"name":"wp","href":"https:\/\/api.w.org\/{rel}","templated":true}]}}