{"id":750288,"date":"2025-08-28T04:17:17","date_gmt":"2025-08-28T01:17:17","guid":{"rendered":"https:\/\/roveyayinevi.com.tr\/index.php\/urun\/kayseri-erkilette-turk-devri-mimari-eserleri\/"},"modified":"2026-04-16T03:03:37","modified_gmt":"2026-04-16T00:03:37","slug":"kayseri-erkilette-turk-devri-mimari-eserleri","status":"publish","type":"product","link":"https:\/\/roveyayinevi.com.tr\/index.php\/urun\/kayseri-erkilette-turk-devri-mimari-eserleri\/","title":{"rendered":"Kayseri Erkilet&#8217;te T\u00fcrk Devri Mimari Eserleri"},"content":{"rendered":"<p>\u0130\u00e7indekiler     \u00d6NS\u00d6Z ERK\u0130LET\u2019\u0130N CO\u011eRAF\u0130 KONUMU ERK\u0130LET\u2019\u0130N TAR\u0130H\u00c7ES\u0130 CAM\u0130 ve MESC\u0130DLER 1. ERK\u0130LET N\u0130\u015eANCI MEHMET PA\u015eA CAM\u0130 2. ERK\u0130LET (SAF\u0130YE HATUN) YUKARI MAHALLE CAM\u0130 3. MOLU K\u00d6Y\u00dc CAM\u0130 4. MOLU K\u00d6Y\u00dc HACI HASANO\u011eULLARI CAM\u0130 5. TA\u015eHAN K\u00d6Y\u00dc B\u00dcY\u00dcK CAM\u0130 6. TA\u015eHAN K\u00d6Y\u00dc K\u00dc\u00c7\u00dcK CAM\u0130 7. VATAN K\u00d6Y\u00dc CAM\u0130 8. AK\u0130N K\u00d6Y\u00dc CAM\u0130 9. YAZIR K\u00d6Y\u00dc MESC\u0130D\u0130 (CAM\u0130) 10. BOYACI K\u00d6Y\u00dc MESC\u0130D\u0130 (CAM\u0130) 11.ERK\u0130LET ARABIDIN MESC\u0130D\u0130 12. ERK\u0130LET ERZADE MESC\u0130D\u0130 T\u00dcRBELER 1. MOLU K\u00d6Y\u00dc BALDAKEN T\u00dcRBE K\u00d6\u015eKLER 1. HIZIR \u0130LYAS K\u00d6\u015eK\u00dc \u00c7E\u015eMELER 1. ERK\u0130LET \u00c7ATAL PINARI (\u0130K\u0130Z) \u00c7E\u015eMES\u0130 2. ERK\u0130LET HACI MEM\u0130\u015e \u00c7E\u015eMES\u0130 3. ERK\u0130LET HASAN BEY \u00c7E\u015eMES\u0130 4. ERK\u0130LET YUKARI MAHALLE \u00c7E\u015eMES\u0130 5. ERK\u0130LET ELMA PINARI 6. ERK\u0130LET HACI OSMAN \u00c7E\u015eMES\u0130 7. TA\u015eHAN K\u00d6Y\u00dc B\u00dcY\u00dcK CAM\u0130 \u00c7E\u015eMES\u0130 8. TA\u015eHAN K\u00d6Y\u00dc K\u00dc\u00c7\u00dcK CAM\u0130 \u00c7E\u015eMES\u0130 9. \u00c7EVR\u0130L K\u00d6Y\u00dc \u00c7E\u015eMES\u0130 10. VATAN K\u00d6Y\u00dc \u00c7E\u015eMES\u0130 11. KEMER K\u00d6Y\u00dc \u00c7E\u015eMES\u0130 12. DADA\u011eI K\u00d6Y\u00dc \u00c7E\u015eMES\u0130 13. YAZIR K\u00d6Y\u00dc \u00c7E\u015eMES\u0130 14. MOLU K\u00d6Y\u00dc PA\u015eA PINARI HAMAM VE K\u00d6PR\u00dcLER 1. ERK\u0130LET MOLU K\u00d6Y\u00dc HAMAMI 2. ERK\u0130LET \u00c7OKG\u00d6Z K\u00d6PR\u00dcS\u00dc 3. ERK\u0130LET BOYACI K\u00d6Y\u00dc K\u00d6PR\u00dcLER\u0130 BEZ\u0130RHANE VE YUNAKLAR 1. ERK\u0130LET BEZ\u0130RHANES\u0130 2. TA\u015eHAN K\u00d6Y\u00dc BEZ\u0130RHANES\u0130 3. KEMER K\u00d6Y\u00dc BEZ\u0130RHANES\u0130 I 4. KEMER K\u00d6Y\u00dc BEZ\u0130RHANES\u0130 II 5. ERK\u0130LET K\u0130RAZLI YUNA\u011eI 6. ERK\u0130LET MAHREMALTI YUNA\u011eI S\u0130V\u0130L M\u0130MAR\u0130 (EVLER) D\u0130\u011eER ESERLER ERK\u0130LET KU\u015e\u00c7U K\u00d6Y\u00dc ESK\u0130 M\u00dcZE EV\u0130 DE\u011eERLEND\u0130RME 1. CAM\u0130 VE MESC\u0130TLER 2. T\u00dcRBELER 3. \u00c7E\u015eMELER 4. HAMAM VE K\u00d6PR\u00dcLER 5. K\u00d6\u015eK(LER) 6. BEZ\u0130RHANELER 7. YUNAKLAR (\u00c7AMA\u015eIRHANELER) 7. S\u0130V\u0130L M\u0130MARLIK ESERLER\u0130 (EVLER-BA\u011e EVLER\u0130) SONU\u00c7 KAYNAK\u00c7A<\/p>\n","protected":false},"excerpt":{"rendered":"<p>\u0130\u00e7indekiler \u00d6NS\u00d6Z ERK\u0130LET\u2019\u0130N CO\u011eRAF\u0130 KONUMU ERK\u0130LET\u2019\u0130N TAR\u0130H\u00c7ES\u0130 CAM\u0130 ve MESC\u0130DLER 1. ERK\u0130LET N\u0130\u015eANCI MEHMET PA\u015eA CAM\u0130 2. ERK\u0130LET (SAF\u0130YE HATUN) YUKARI MAHALLE CAM\u0130 3. MOLU K\u00d6Y\u00dc<span class=\"excerpt-hellip\"> [\u2026]<\/span><\/p>\n","protected":false},"featured_media":0,"template":"","meta":{"_monsterinsights_skip_tracking":false,"_monsterinsights_sitenote_active":false,"_monsterinsights_sitenote_note":"","_monsterinsights_sitenote_category":0},"product_brand":[],"product_cat":[12573,12566],"product_tag":[],"class_list":{"0":"post-750288","1":"product","2":"type-product","3":"status-publish","5":"product_cat-akademik-kitaplar","6":"product_cat-egitim","7":"pa_cilt-ciltsiz","8":"pa_tur-kitap","9":"pa_yayinevi-gazi-kitabevi","10":"pa_yazar-serife-tali","12":"first","13":"instock","14":"sale","15":"shipping-taxable","16":"purchasable","17":"product-type-simple"},"_links":{"self":[{"href":"https:\/\/roveyayinevi.com.tr\/index.php\/wp-json\/wp\/v2\/product\/750288","targetHints":{"allow":["GET"]}}],"collection":[{"href":"https:\/\/roveyayinevi.com.tr\/index.php\/wp-json\/wp\/v2\/product"}],"about":[{"href":"https:\/\/roveyayinevi.com.tr\/index.php\/wp-json\/wp\/v2\/types\/product"}],"wp:attachment":[{"href":"https:\/\/roveyayinevi.com.tr\/index.php\/wp-json\/wp\/v2\/media?parent=750288"}],"wp:term":[{"taxonomy":"product_brand","embeddable":true,"href":"https:\/\/roveyayinevi.com.tr\/index.php\/wp-json\/wp\/v2\/product_brand?post=750288"},{"taxonomy":"product_cat","embeddable":true,"href":"https:\/\/roveyayinevi.com.tr\/index.php\/wp-json\/wp\/v2\/product_cat?post=750288"},{"taxonomy":"product_tag","embeddable":true,"href":"https:\/\/roveyayinevi.com.tr\/index.php\/wp-json\/wp\/v2\/product_tag?post=750288"}],"curies":[{"name":"wp","href":"https:\/\/api.w.org\/{rel}","templated":true}]}}