{"id":750285,"date":"2025-08-28T04:17:12","date_gmt":"2025-08-28T01:17:12","guid":{"rendered":"https:\/\/roveyayinevi.com.tr\/index.php\/urun\/buyuk-yolculuk-2\/"},"modified":"2026-04-11T14:19:10","modified_gmt":"2026-04-11T11:19:10","slug":"buyuk-yolculuk-2","status":"publish","type":"product","link":"https:\/\/roveyayinevi.com.tr\/index.php\/urun\/buyuk-yolculuk-2\/","title":{"rendered":"B\u00fcy\u00fck Yolculuk"},"content":{"rendered":"<p>Ormanda ba\u015fkalar\u0131yla da ayn\u0131 yolu payla\u015ft\u0131\u011f\u0131n\u0131 hi\u00e7 hesaba katmayan, hatta \u00f6nemsemeyen, t\u00fcm yollar sadece kendisine aitmi\u015f gibi mutlu mesut y\u00fcr\u00fcy\u00fc\u015f yapan bir ay\u0131 ve bu ay\u0131n\u0131n ba\u015f\u0131na gelen s\u0131k\u0131nt\u0131y\u0131 ele alan, epey zekice yaz\u0131lm\u0131\u015f, mizah dolu bir hikaye!   Ay\u0131, ormandaki en zeki hayvan oldu\u011funu d\u00fc\u015f\u00fcn\u00fcrd\u00fc. Di\u011fer hayvanlara caka satmaya ise bay\u0131l\u0131rd\u0131. Can\u0131 ne isterse onu yapar, hi\u00e7bir \u015fey hakk\u0131nda ise endi\u015felenmezdi!   G\u00fcnlerden bir g\u00fcn, ormanda koca geyikle kar\u015f\u0131la\u015ft\u0131 ve yine yapaca\u011f\u0131n\u0131 yapt\u0131! Koca geyikle kar\u015f\u0131 kar\u015f\u0131ya geldi\u011fi anda onunla inatla\u015fmaya ba\u015flad\u0131.  Ay\u0131 geyi\u011fe kafa tutarak yolundan \u00e7ekilmesini istedi, kendince yol onun hakk\u0131yd\u0131. Asla bir ad\u0131m bile geri atmay\u0131 d\u00fc\u015f\u00fcnmedi. Tek bir hedef vard\u0131 kafas\u0131nda; ileri, ileri ve daha ileri gitmek\u2026 Ay\u0131  hep kendi yolunda! Di\u011fer t\u00fcm hayvanlara hi\u00e7bir \u00f6ncelik tan\u0131madan hatta sayg\u0131 duymadan\u2026   Sadece kendini d\u00fc\u015f\u00fcnmenin sonunda oldu olanlar! Ay\u0131, ba\u015f\u0131n\u0131 bir derde soktu ve bu dertten kurtulman\u0131n tek yolu, bug\u00fcne dek hi\u00e7 \u00f6nemsemedi\u011fi hayvanlar\u0131n dostlu\u011fuydu. Ah, ay\u0131 ba\u015f\u0131n\u0131 nas\u0131l bir derde sokmu\u015ftu! \u0130\u015fbirli\u011fi yapacak m\u0131yd\u0131 yoksa zor yoldan m\u0131 bu kazadan ders \u00e7\u0131karacakt\u0131?   Kendi ihtiya\u00e7lar\u0131m\u0131z kadar ba\u015fkalar\u0131n\u0131n da ihtiya\u00e7lar\u0131n\u0131 \u00f6nemseme, birlikte ya\u015farken uyulmas\u0131 \u00f6nemli olan toplumsal kurallar ve yard\u0131mla\u015fman\u0131n \u00f6nemi hakk\u0131ndaki bu hikaye; ba\u015fkalar\u0131n\u0131n alan\u0131na sayg\u0131 duyma ve dayan\u0131\u015fman\u0131n \u00f6nemi konusunda t\u00fcm yeti\u015fkin ve \u00e7ocuklara harika bir model olacak. <\/p>\n","protected":false},"excerpt":{"rendered":"<p>Ormanda ba\u015fkalar\u0131yla da ayn\u0131 yolu payla\u015ft\u0131\u011f\u0131n\u0131 hi\u00e7 hesaba katmayan, hatta \u00f6nemsemeyen, t\u00fcm yollar sadece kendisine aitmi\u015f gibi mutlu mesut y\u00fcr\u00fcy\u00fc\u015f yapan bir ay\u0131 ve bu ay\u0131n\u0131n<span class=\"excerpt-hellip\"> [\u2026]<\/span><\/p>\n","protected":false},"featured_media":0,"template":"","meta":{"_monsterinsights_skip_tracking":false,"_monsterinsights_sitenote_active":false,"_monsterinsights_sitenote_note":"","_monsterinsights_sitenote_category":0},"product_brand":[],"product_cat":[12274,12284],"product_tag":[],"class_list":{"0":"post-750285","1":"product","2":"type-product","3":"status-publish","5":"product_cat-cocuk-ve-genclik-kitaplari","6":"product_cat-hikayeler","7":"pa_cilt-ciltsiz","8":"pa_tur-kitap","9":"pa_yayinevi-okuyan-koala","10":"pa_yazar-alex-willmore","12":"first","13":"instock","14":"sale","15":"shipping-taxable","16":"purchasable","17":"product-type-simple"},"_links":{"self":[{"href":"https:\/\/roveyayinevi.com.tr\/index.php\/wp-json\/wp\/v2\/product\/750285","targetHints":{"allow":["GET"]}}],"collection":[{"href":"https:\/\/roveyayinevi.com.tr\/index.php\/wp-json\/wp\/v2\/product"}],"about":[{"href":"https:\/\/roveyayinevi.com.tr\/index.php\/wp-json\/wp\/v2\/types\/product"}],"wp:attachment":[{"href":"https:\/\/roveyayinevi.com.tr\/index.php\/wp-json\/wp\/v2\/media?parent=750285"}],"wp:term":[{"taxonomy":"product_brand","embeddable":true,"href":"https:\/\/roveyayinevi.com.tr\/index.php\/wp-json\/wp\/v2\/product_brand?post=750285"},{"taxonomy":"product_cat","embeddable":true,"href":"https:\/\/roveyayinevi.com.tr\/index.php\/wp-json\/wp\/v2\/product_cat?post=750285"},{"taxonomy":"product_tag","embeddable":true,"href":"https:\/\/roveyayinevi.com.tr\/index.php\/wp-json\/wp\/v2\/product_tag?post=750285"}],"curies":[{"name":"wp","href":"https:\/\/api.w.org\/{rel}","templated":true}]}}