{"id":750284,"date":"2025-08-28T04:17:11","date_gmt":"2025-08-28T01:17:11","guid":{"rendered":"https:\/\/roveyayinevi.com.tr\/index.php\/urun\/aciyi-yutmak\/"},"modified":"2026-04-16T03:03:37","modified_gmt":"2026-04-16T00:03:37","slug":"aciyi-yutmak","status":"publish","type":"product","link":"https:\/\/roveyayinevi.com.tr\/index.php\/urun\/aciyi-yutmak\/","title":{"rendered":"Ac\u0131y\u0131 Yutmak"},"content":{"rendered":"<p>\u201cAk\u0131l sa\u011fl\u0131\u011f\u0131n\u0131n karma\u015f\u0131k d\u00fcnyas\u0131na y\u00f6nelik insanc\u0131l, \u015fefkatli ve son derece yararl\u0131 bir rehber. Neyin yanl\u0131\u015f oldu\u011funu ve ne zaman yard\u0131m istenece\u011fini bilmek ya\u015fam\u0131 de\u011fi\u015ftirebilir. Morton\u2019\u0131n kitab\u0131, ak\u0131l sa\u011fl\u0131\u011f\u0131 sorunlar\u0131yla dolu ya\u015famlar\u0131m\u0131zda yolumuzu bulmam\u0131za yarayacak ara\u00e7 ve ipu\u00e7lar\u0131yla dolu.\u201d \u2012 John Green, Uluslararas\u0131 Bestseller Ayn\u0131 Y\u0131ld\u0131z\u0131n Alt\u0131nda\u2019n\u0131n yazar\u0131   Ac\u0131y\u0131 Yutmak, psikoterapist Kati Morton\u2019\u0131n kariyeri boyunca kar\u015f\u0131la\u015ft\u0131\u011f\u0131 ve yard\u0131mc\u0131 oldu\u011fu dan\u0131\u015fanlar\u0131n\u0131n ge\u00e7mi\u015fte ya\u015fad\u0131\u011f\u0131 ger\u00e7ek travmalar\u0131n \u00fczerine kuruldu. Travman\u0131n ne oldu\u011fu, belirtileri, farkl\u0131 t\u00fcrleri ve nas\u0131l tedavi edilebilece\u011fi detayl\u0131 bir \u015fekilde ele al\u0131n\u0131yor.   Travma sonras\u0131 stres bozuklu\u011fu (TSSB) veya kompleks travma gibi yayg\u0131n psikolojik sorunlar ya\u015fayanlar i\u00e7in bir rehber niteli\u011fi ta\u015f\u0131yan eser, okuyuculara ya\u015fad\u0131klar\u0131 travmalar\u0131n ne oldu\u011funu anlamalar\u0131na, belirtileri tan\u0131malar\u0131na ve do\u011fru yard\u0131m\u0131 aramalar\u0131na yard\u0131mc\u0131 olacak ara\u00e7lar ve bilgiler sunuyor. Yazar\u0131n s\u0131cak ve samimi \u00fcslubu, okuyucular\u0131 bilgilendirirken ayn\u0131 zamanda rahatlat\u0131yor da.   E\u011fer bir travma ge\u00e7irdiyseniz, kendinizi yaln\u0131z hissetmenize gerek yok. Bu kitap, size ya\u015fad\u0131\u011f\u0131n\u0131z travmalar\u0131n ad\u0131n\u0131 koyma ve do\u011fru yard\u0131m\u0131 arama yolunda bir ba\u015flang\u0131\u00e7 noktas\u0131 sunacak. <\/p>\n","protected":false},"excerpt":{"rendered":"<p>\u201cAk\u0131l sa\u011fl\u0131\u011f\u0131n\u0131n karma\u015f\u0131k d\u00fcnyas\u0131na y\u00f6nelik insanc\u0131l, \u015fefkatli ve son derece yararl\u0131 bir rehber. Neyin yanl\u0131\u015f oldu\u011funu ve ne zaman yard\u0131m istenece\u011fini bilmek ya\u015fam\u0131 de\u011fi\u015ftirebilir. Morton\u2019\u0131n kitab\u0131,<span class=\"excerpt-hellip\"> [\u2026]<\/span><\/p>\n","protected":false},"featured_media":0,"template":"","meta":{"_monsterinsights_skip_tracking":false,"_monsterinsights_sitenote_active":false,"_monsterinsights_sitenote_note":"","_monsterinsights_sitenote_category":0},"product_brand":[],"product_cat":[12357],"product_tag":[],"class_list":{"0":"post-750284","1":"product","2":"type-product","3":"status-publish","5":"product_cat-psikoloji","6":"pa_cilt-ciltsiz","7":"pa_tur-kitap","8":"pa_yayinevi-okuyan-us-yayin","9":"pa_yazar-kati-morton","11":"first","12":"instock","13":"sale","14":"shipping-taxable","15":"purchasable","16":"product-type-simple"},"_links":{"self":[{"href":"https:\/\/roveyayinevi.com.tr\/index.php\/wp-json\/wp\/v2\/product\/750284","targetHints":{"allow":["GET"]}}],"collection":[{"href":"https:\/\/roveyayinevi.com.tr\/index.php\/wp-json\/wp\/v2\/product"}],"about":[{"href":"https:\/\/roveyayinevi.com.tr\/index.php\/wp-json\/wp\/v2\/types\/product"}],"wp:attachment":[{"href":"https:\/\/roveyayinevi.com.tr\/index.php\/wp-json\/wp\/v2\/media?parent=750284"}],"wp:term":[{"taxonomy":"product_brand","embeddable":true,"href":"https:\/\/roveyayinevi.com.tr\/index.php\/wp-json\/wp\/v2\/product_brand?post=750284"},{"taxonomy":"product_cat","embeddable":true,"href":"https:\/\/roveyayinevi.com.tr\/index.php\/wp-json\/wp\/v2\/product_cat?post=750284"},{"taxonomy":"product_tag","embeddable":true,"href":"https:\/\/roveyayinevi.com.tr\/index.php\/wp-json\/wp\/v2\/product_tag?post=750284"}],"curies":[{"name":"wp","href":"https:\/\/api.w.org\/{rel}","templated":true}]}}