{"id":750283,"date":"2025-08-28T04:17:09","date_gmt":"2025-08-28T01:17:09","guid":{"rendered":"https:\/\/roveyayinevi.com.tr\/index.php\/urun\/geride-kalan-2\/"},"modified":"2026-04-16T03:03:37","modified_gmt":"2026-04-16T00:03:37","slug":"geride-kalan-2","status":"publish","type":"product","link":"https:\/\/roveyayinevi.com.tr\/index.php\/urun\/geride-kalan-2\/","title":{"rendered":"Geride Kalan"},"content":{"rendered":"<p>Yeni do\u011fan k\u0131z\u0131n\u0131n \u00f6l\u00fcm\u00fcnden sonra amans\u0131z bir depresyonun pen\u00e7esine d\u00fc\u015fen bir kad\u0131n\u0131n, hayat\u0131n\u0131 ve kendini yeniden ke\u015ffetmesinin hikayesi.   Geride Kalan, depresyon ve intihar gibi zorlu konularla m\u00fccadele eden say\u0131s\u0131z insan i\u00e7in bir umut \u0131\u015f\u0131\u011f\u0131. Yazar Mary Cregan, ya\u015fad\u0131klar\u0131ndan yola \u00e7\u0131karak en karanl\u0131k gecenin sabah\u0131na \u00e7\u0131kman\u0131n m\u00fcmk\u00fcn oldu\u011funu g\u00f6steriyor, bunu yaparken edebiyat\u0131n, k\u00fclt\u00fcrel tarihin ve bilimsel ara\u015ft\u0131rmalar\u0131n soka\u011f\u0131ndan ge\u00e7meyi de ihmal etmiyor. Bu kitap, yaln\u0131zca bir otobiyografi de\u011fil, ayn\u0131 zamanda depresyon hakk\u0131nda derin bir anlay\u0131\u015f sunan kapsaml\u0131 bir \u00e7al\u0131\u015fma. A\u015f\u0131lmas\u0131 zor g\u00f6r\u00fcnen g\u00fc\u00e7l\u00fcklerle kar\u015f\u0131la\u015fan ve hayatlar\u0131n\u0131 daha iyi bir y\u00f6nde de\u011fi\u015ftirmek isteyen herkes i\u00e7in g\u00fc\u00e7l\u00fc bir ilham kayna\u011f\u0131 olmaya aday. <\/p>\n","protected":false},"excerpt":{"rendered":"<p>Yeni do\u011fan k\u0131z\u0131n\u0131n \u00f6l\u00fcm\u00fcnden sonra amans\u0131z bir depresyonun pen\u00e7esine d\u00fc\u015fen bir kad\u0131n\u0131n, hayat\u0131n\u0131 ve kendini yeniden ke\u015ffetmesinin hikayesi. Geride Kalan, depresyon ve intihar gibi zorlu konularla<span class=\"excerpt-hellip\"> [\u2026]<\/span><\/p>\n","protected":false},"featured_media":0,"template":"","meta":{"_monsterinsights_skip_tracking":false,"_monsterinsights_sitenote_active":false,"_monsterinsights_sitenote_note":"","_monsterinsights_sitenote_category":0},"product_brand":[],"product_cat":[12357],"product_tag":[],"class_list":{"0":"post-750283","1":"product","2":"type-product","3":"status-publish","5":"product_cat-psikoloji","6":"pa_cilt-ciltsiz","7":"pa_tur-kitap","8":"pa_yayinevi-okuyan-us-yayin","9":"pa_yazar-mary-cregan","11":"first","12":"instock","13":"sale","14":"shipping-taxable","15":"purchasable","16":"product-type-simple"},"_links":{"self":[{"href":"https:\/\/roveyayinevi.com.tr\/index.php\/wp-json\/wp\/v2\/product\/750283","targetHints":{"allow":["GET"]}}],"collection":[{"href":"https:\/\/roveyayinevi.com.tr\/index.php\/wp-json\/wp\/v2\/product"}],"about":[{"href":"https:\/\/roveyayinevi.com.tr\/index.php\/wp-json\/wp\/v2\/types\/product"}],"wp:attachment":[{"href":"https:\/\/roveyayinevi.com.tr\/index.php\/wp-json\/wp\/v2\/media?parent=750283"}],"wp:term":[{"taxonomy":"product_brand","embeddable":true,"href":"https:\/\/roveyayinevi.com.tr\/index.php\/wp-json\/wp\/v2\/product_brand?post=750283"},{"taxonomy":"product_cat","embeddable":true,"href":"https:\/\/roveyayinevi.com.tr\/index.php\/wp-json\/wp\/v2\/product_cat?post=750283"},{"taxonomy":"product_tag","embeddable":true,"href":"https:\/\/roveyayinevi.com.tr\/index.php\/wp-json\/wp\/v2\/product_tag?post=750283"}],"curies":[{"name":"wp","href":"https:\/\/api.w.org\/{rel}","templated":true}]}}