{"id":750282,"date":"2025-08-28T04:17:08","date_gmt":"2025-08-28T01:17:08","guid":{"rendered":"https:\/\/roveyayinevi.com.tr\/index.php\/urun\/noropsikanaliz\/"},"modified":"2026-04-16T03:03:37","modified_gmt":"2026-04-16T00:03:37","slug":"noropsikanaliz","status":"publish","type":"product","link":"https:\/\/roveyayinevi.com.tr\/index.php\/urun\/noropsikanaliz\/","title":{"rendered":"N\u00f6ropsikanaliz"},"content":{"rendered":"<p>Elinizdeki kitap n\u00f6ropsikanalizi tan\u0131tmak i\u00e7in yaz\u0131ld\u0131. N\u00f6ropsikanaliz, ezel\u00ee ruh-madde meselesinin bir \u00e7e\u015fidi olan zihin-beyin meselesine \u00e7a\u011fda\u015f yan\u0131t aray\u0131\u015flar\u0131ndan biri. Bu aray\u0131\u015f\u0131n k\u00f6klerinin -ikisi de son zamanlarda yeniden ke\u015ffedilen- Freud ve Spinoza\u2019da bulundu\u011funu s\u00f6ylemek yanl\u0131\u015f olmaz.   Zihin-beyin ili\u015fkisi gibi geni\u015f kapsaml\u0131 bir konunun tek bir kitapta t\u00fcketilemeyece\u011fi a\u00e7\u0131k. Ayr\u0131ca, meseleyi daha iyi kavramak i\u00e7in her iki alana (hem sinirbilime, hem de psikanalize) belli d\u00fczeylerde a\u015fin\u00e2 olmak \u015fart. Kitapta bu a\u00e7\u0131\u011f\u0131 kapatmak i\u00e7in, k\u0131sa da olsa, psikanaliz ve sinirbilime dair b\u00f6l\u00fcmler bulunuyor. Daha sonra, beynin toplumsall\u0131\u011f\u0131 i\u00e7inde ve toplumla ili\u015fkileri yoluyla anla\u015f\u0131labilece\u011fi inanc\u0131n\u0131n \u00fcr\u00fcn\u00fc olan \u2018toplumsal zihin\u2019 ve \u2018kendilik\u2019 b\u00f6l\u00fcmleri geliyor. Son b\u00f6l\u00fcmde ise n\u00f6ropsikanalizin k\u0131sa bir tarih\u00e7esi, bu alandaki son \u00e7al\u0131\u015fmalar ve zihin modelleri sunuluyor.   N\u00f6ropsikanaliz, daha \u00e7ok ruh sa\u011fl\u0131\u011f\u0131 ile ilgilenen psikologlar, psikiyatristler, sinirbilimciler i\u00e7in bir ba\u015fvuru kayna\u011f\u0131 gibi haz\u0131rlanm\u0131\u015f olmakla birlikte, Freud\u2019un deyimiyle \u2018genel entelekt\u00fcel okur\u2019un da ilgisini \u00e7ekebilecek konular i\u00e7eriyor ve zihin-beyin meselesi \u00fczerine felsef\u00ee tart\u0131\u015fmalara da m\u00fctevazi bir katk\u0131 sunmaya murat ediyor. <\/p>\n","protected":false},"excerpt":{"rendered":"<p>Elinizdeki kitap n\u00f6ropsikanalizi tan\u0131tmak i\u00e7in yaz\u0131ld\u0131. N\u00f6ropsikanaliz, ezel\u00ee ruh-madde meselesinin bir \u00e7e\u015fidi olan zihin-beyin meselesine \u00e7a\u011fda\u015f yan\u0131t aray\u0131\u015flar\u0131ndan biri. Bu aray\u0131\u015f\u0131n k\u00f6klerinin -ikisi de son zamanlarda<span class=\"excerpt-hellip\"> [\u2026]<\/span><\/p>\n","protected":false},"featured_media":0,"template":"","meta":{"_monsterinsights_skip_tracking":false,"_monsterinsights_sitenote_active":false,"_monsterinsights_sitenote_note":"","_monsterinsights_sitenote_category":0},"product_brand":[],"product_cat":[12357],"product_tag":[],"class_list":{"0":"post-750282","1":"product","2":"type-product","3":"status-publish","5":"product_cat-psikoloji","6":"pa_cilt-ciltsiz","7":"pa_tur-kitap","8":"pa_yayinevi-okuyan-us-yayin","9":"pa_yazar-hakan-atalay","11":"first","12":"instock","13":"sale","14":"shipping-taxable","15":"purchasable","16":"product-type-simple"},"_links":{"self":[{"href":"https:\/\/roveyayinevi.com.tr\/index.php\/wp-json\/wp\/v2\/product\/750282","targetHints":{"allow":["GET"]}}],"collection":[{"href":"https:\/\/roveyayinevi.com.tr\/index.php\/wp-json\/wp\/v2\/product"}],"about":[{"href":"https:\/\/roveyayinevi.com.tr\/index.php\/wp-json\/wp\/v2\/types\/product"}],"wp:attachment":[{"href":"https:\/\/roveyayinevi.com.tr\/index.php\/wp-json\/wp\/v2\/media?parent=750282"}],"wp:term":[{"taxonomy":"product_brand","embeddable":true,"href":"https:\/\/roveyayinevi.com.tr\/index.php\/wp-json\/wp\/v2\/product_brand?post=750282"},{"taxonomy":"product_cat","embeddable":true,"href":"https:\/\/roveyayinevi.com.tr\/index.php\/wp-json\/wp\/v2\/product_cat?post=750282"},{"taxonomy":"product_tag","embeddable":true,"href":"https:\/\/roveyayinevi.com.tr\/index.php\/wp-json\/wp\/v2\/product_tag?post=750282"}],"curies":[{"name":"wp","href":"https:\/\/api.w.org\/{rel}","templated":true}]}}