{"id":750278,"date":"2025-08-28T04:17:00","date_gmt":"2025-08-28T01:17:00","guid":{"rendered":"https:\/\/roveyayinevi.com.tr\/index.php\/urun\/dedemin-saatleri\/"},"modified":"2026-04-16T03:03:37","modified_gmt":"2026-04-16T00:03:37","slug":"dedemin-saatleri","status":"publish","type":"product","link":"https:\/\/roveyayinevi.com.tr\/index.php\/urun\/dedemin-saatleri\/","title":{"rendered":"Dedemin Saatleri"},"content":{"rendered":"<p>Arya ve karde\u015fi Arda\u2019yla birlikte ne\u015feli bir maceraya haz\u0131r m\u0131s\u0131n\u0131z? Yelkovan\u0131n akrebi, dakikalar\u0131n saatleri kovalad\u0131\u011f\u0131 bu zaman kar\u015f\u0131 yar\u0131\u015fta \u00f6nce bilmecenin cevab\u0131n\u0131 bulman\u0131z gerekiyor.    Benim evim iki hece, \u00e7al\u0131\u015f\u0131r\u0131m g\u00fcnd\u00fcz gece.Kim oldu\u011fumu merak ediyorsan evimi bul ilk \u00f6nce! <\/p>\n","protected":false},"excerpt":{"rendered":"<p>Arya ve karde\u015fi Arda\u2019yla birlikte ne\u015feli bir maceraya haz\u0131r m\u0131s\u0131n\u0131z? Yelkovan\u0131n akrebi, dakikalar\u0131n saatleri kovalad\u0131\u011f\u0131 bu zaman kar\u015f\u0131 yar\u0131\u015fta \u00f6nce bilmecenin cevab\u0131n\u0131 bulman\u0131z gerekiyor. Benim evim<span class=\"excerpt-hellip\"> [\u2026]<\/span><\/p>\n","protected":false},"featured_media":0,"template":"","meta":{"_monsterinsights_skip_tracking":false,"_monsterinsights_sitenote_active":false,"_monsterinsights_sitenote_note":"","_monsterinsights_sitenote_category":0},"product_brand":[],"product_cat":[12274,12284],"product_tag":[],"class_list":{"0":"post-750278","1":"product","2":"type-product","3":"status-publish","5":"product_cat-cocuk-ve-genclik-kitaplari","6":"product_cat-hikayeler","7":"pa_cilt-ciltsiz","8":"pa_tur-kitap","9":"pa_yayinevi-kirmizi-kedi-yayinevi","10":"pa_yazar-burcu-bahar","12":"first","13":"instock","14":"sale","15":"shipping-taxable","16":"purchasable","17":"product-type-simple"},"_links":{"self":[{"href":"https:\/\/roveyayinevi.com.tr\/index.php\/wp-json\/wp\/v2\/product\/750278","targetHints":{"allow":["GET"]}}],"collection":[{"href":"https:\/\/roveyayinevi.com.tr\/index.php\/wp-json\/wp\/v2\/product"}],"about":[{"href":"https:\/\/roveyayinevi.com.tr\/index.php\/wp-json\/wp\/v2\/types\/product"}],"wp:attachment":[{"href":"https:\/\/roveyayinevi.com.tr\/index.php\/wp-json\/wp\/v2\/media?parent=750278"}],"wp:term":[{"taxonomy":"product_brand","embeddable":true,"href":"https:\/\/roveyayinevi.com.tr\/index.php\/wp-json\/wp\/v2\/product_brand?post=750278"},{"taxonomy":"product_cat","embeddable":true,"href":"https:\/\/roveyayinevi.com.tr\/index.php\/wp-json\/wp\/v2\/product_cat?post=750278"},{"taxonomy":"product_tag","embeddable":true,"href":"https:\/\/roveyayinevi.com.tr\/index.php\/wp-json\/wp\/v2\/product_tag?post=750278"}],"curies":[{"name":"wp","href":"https:\/\/api.w.org\/{rel}","templated":true}]}}