{"id":750275,"date":"2025-08-28T04:16:55","date_gmt":"2025-08-28T01:16:55","guid":{"rendered":"https:\/\/roveyayinevi.com.tr\/index.php\/urun\/beni-bul\/"},"modified":"2026-04-16T03:03:37","modified_gmt":"2026-04-16T00:03:37","slug":"beni-bul","status":"publish","type":"product","link":"https:\/\/roveyayinevi.com.tr\/index.php\/urun\/beni-bul\/","title":{"rendered":"Beni Bul"},"content":{"rendered":"<p>\u201cBeni Bul\u201dda ormanda g\u00f6m\u00fcl\u00fc bir gizem bulacaks\u0131n\u0131z ve bu gizem sizi belki de ilk a\u015fka g\u00f6t\u00fcrecek. Sevgi ve c\u00f6mertli\u011fin zaman\u0131n engellerini a\u015ft\u0131\u011f\u0131 bir hik\u00e2ye.   \u201cSevgili Yabanc\u0131, Bunu okudu\u011funda, l\u00fctfen nerede olursam olay\u0131m gelip beni bul. Bana yard\u0131m et. Ailem beni \u015fehre g\u00f6t\u00fcr\u00fcyor ama ben gitmek istemiyorum. Burada kalmak istiyorum. Sana te\u015fekk\u00fcrlerimi sunuyor, bir de \u00f6p\u00fcc\u00fck g\u00f6nderiyorum. Celia\u201d <\/p>\n","protected":false},"excerpt":{"rendered":"<p>\u201cBeni Bul\u201dda ormanda g\u00f6m\u00fcl\u00fc bir gizem bulacaks\u0131n\u0131z ve bu gizem sizi belki de ilk a\u015fka g\u00f6t\u00fcrecek. Sevgi ve c\u00f6mertli\u011fin zaman\u0131n engellerini a\u015ft\u0131\u011f\u0131 bir hik\u00e2ye. \u201cSevgili Yabanc\u0131,<span class=\"excerpt-hellip\"> [\u2026]<\/span><\/p>\n","protected":false},"featured_media":0,"template":"","meta":{"_monsterinsights_skip_tracking":false,"_monsterinsights_sitenote_active":false,"_monsterinsights_sitenote_note":"","_monsterinsights_sitenote_category":0},"product_brand":[],"product_cat":[12274,12284],"product_tag":[],"class_list":{"0":"post-750275","1":"product","2":"type-product","3":"status-publish","5":"product_cat-cocuk-ve-genclik-kitaplari","6":"product_cat-hikayeler","7":"pa_cilt-ciltsiz","8":"pa_tur-kitap","9":"pa_yayinevi-yapi-kredi-yayinlari","10":"pa_yazar-javier-marias","12":"first","13":"instock","14":"sale","15":"shipping-taxable","16":"purchasable","17":"product-type-simple"},"_links":{"self":[{"href":"https:\/\/roveyayinevi.com.tr\/index.php\/wp-json\/wp\/v2\/product\/750275","targetHints":{"allow":["GET"]}}],"collection":[{"href":"https:\/\/roveyayinevi.com.tr\/index.php\/wp-json\/wp\/v2\/product"}],"about":[{"href":"https:\/\/roveyayinevi.com.tr\/index.php\/wp-json\/wp\/v2\/types\/product"}],"wp:attachment":[{"href":"https:\/\/roveyayinevi.com.tr\/index.php\/wp-json\/wp\/v2\/media?parent=750275"}],"wp:term":[{"taxonomy":"product_brand","embeddable":true,"href":"https:\/\/roveyayinevi.com.tr\/index.php\/wp-json\/wp\/v2\/product_brand?post=750275"},{"taxonomy":"product_cat","embeddable":true,"href":"https:\/\/roveyayinevi.com.tr\/index.php\/wp-json\/wp\/v2\/product_cat?post=750275"},{"taxonomy":"product_tag","embeddable":true,"href":"https:\/\/roveyayinevi.com.tr\/index.php\/wp-json\/wp\/v2\/product_tag?post=750275"}],"curies":[{"name":"wp","href":"https:\/\/api.w.org\/{rel}","templated":true}]}}