{"id":750274,"date":"2025-08-28T04:16:53","date_gmt":"2025-08-28T01:16:53","guid":{"rendered":"https:\/\/roveyayinevi.com.tr\/index.php\/urun\/siire-kisa-ovgu\/"},"modified":"2026-04-16T03:03:37","modified_gmt":"2026-04-16T00:03:37","slug":"siire-kisa-ovgu","status":"publish","type":"product","link":"https:\/\/roveyayinevi.com.tr\/index.php\/urun\/siire-kisa-ovgu\/","title":{"rendered":"\u015eiire K\u0131sa \u00d6vg\u00fc"},"content":{"rendered":"<p>\u015eiirin felsefi, ele\u015ftirel, bireysel, g\u00fcndelik, d\u00fc\u015f\u00fcnsel, tarihsel, dilsel, anar\u015fist, sanatsal, ger\u00e7ek\u00e7i, \u00fctopik, devrimci, siyasi, varolu\u015fsal, duyusal, toplumsal, psikolojik \u00f6vg\u00fcs\u00fc. <\/p>\n","protected":false},"excerpt":{"rendered":"<p>\u015eiirin felsefi, ele\u015ftirel, bireysel, g\u00fcndelik, d\u00fc\u015f\u00fcnsel, tarihsel, dilsel, anar\u015fist, sanatsal, ger\u00e7ek\u00e7i, \u00fctopik, devrimci, siyasi, varolu\u015fsal, duyusal, toplumsal, psikolojik \u00f6vg\u00fcs\u00fc.<\/p>\n","protected":false},"featured_media":0,"template":"","meta":{"_monsterinsights_skip_tracking":false,"_monsterinsights_sitenote_active":false,"_monsterinsights_sitenote_note":"","_monsterinsights_sitenote_category":0},"product_brand":[],"product_cat":[12777,12291],"product_tag":[],"class_list":{"0":"post-750274","1":"product","2":"type-product","3":"status-publish","5":"product_cat-deneme","6":"product_cat-edebiyat","7":"pa_cilt-ciltsiz","8":"pa_tur-kitap","9":"pa_yayinevi-yapi-kredi-yayinlari","10":"pa_yazar-jean-pierre-simeon","12":"first","13":"instock","14":"sale","15":"shipping-taxable","16":"purchasable","17":"product-type-simple"},"_links":{"self":[{"href":"https:\/\/roveyayinevi.com.tr\/index.php\/wp-json\/wp\/v2\/product\/750274","targetHints":{"allow":["GET"]}}],"collection":[{"href":"https:\/\/roveyayinevi.com.tr\/index.php\/wp-json\/wp\/v2\/product"}],"about":[{"href":"https:\/\/roveyayinevi.com.tr\/index.php\/wp-json\/wp\/v2\/types\/product"}],"wp:attachment":[{"href":"https:\/\/roveyayinevi.com.tr\/index.php\/wp-json\/wp\/v2\/media?parent=750274"}],"wp:term":[{"taxonomy":"product_brand","embeddable":true,"href":"https:\/\/roveyayinevi.com.tr\/index.php\/wp-json\/wp\/v2\/product_brand?post=750274"},{"taxonomy":"product_cat","embeddable":true,"href":"https:\/\/roveyayinevi.com.tr\/index.php\/wp-json\/wp\/v2\/product_cat?post=750274"},{"taxonomy":"product_tag","embeddable":true,"href":"https:\/\/roveyayinevi.com.tr\/index.php\/wp-json\/wp\/v2\/product_tag?post=750274"}],"curies":[{"name":"wp","href":"https:\/\/api.w.org\/{rel}","templated":true}]}}