{"id":750269,"date":"2025-08-28T04:16:44","date_gmt":"2025-08-28T01:16:44","guid":{"rendered":"https:\/\/roveyayinevi.com.tr\/index.php\/urun\/zeynepin-hikayeleri\/"},"modified":"2026-04-16T03:03:36","modified_gmt":"2026-04-16T00:03:36","slug":"zeynepin-hikayeleri","status":"publish","type":"product","link":"https:\/\/roveyayinevi.com.tr\/index.php\/urun\/zeynepin-hikayeleri\/","title":{"rendered":"Zeynep\u2019in Hikayeleri"},"content":{"rendered":"<p>ZEYNEP NE ZAMAN B\u0130R K\u0130TABIN SAYFASINI \u00c7EV\u0130RSE S\u0130H\u0130RL\u0130 D\u00dcNYALARA B\u0130R KAPI A\u00c7ILIYOR. Bir hik\u00e2yede u\u00e7an hal\u0131s\u0131yla sihirli yerlere giderken, ba\u015fka bir hik\u00e2yede kendini harikalar diyar\u0131nda buluyor. Hik\u00e2yeler bu kadar heyecanl\u0131yken Zeynep\u2019in g\u00f6z\u00fcne uyku girebilir mi? <\/p>\n","protected":false},"excerpt":{"rendered":"<p>ZEYNEP NE ZAMAN B\u0130R K\u0130TABIN SAYFASINI \u00c7EV\u0130RSE S\u0130H\u0130RL\u0130 D\u00dcNYALARA B\u0130R KAPI A\u00c7ILIYOR. Bir hik\u00e2yede u\u00e7an hal\u0131s\u0131yla sihirli yerlere giderken, ba\u015fka bir hik\u00e2yede kendini harikalar diyar\u0131nda buluyor.<span class=\"excerpt-hellip\"> [\u2026]<\/span><\/p>\n","protected":false},"featured_media":0,"template":"","meta":{"_monsterinsights_skip_tracking":false,"_monsterinsights_sitenote_active":false,"_monsterinsights_sitenote_note":"","_monsterinsights_sitenote_category":0},"product_brand":[],"product_cat":[12274,12518],"product_tag":[],"class_list":{"0":"post-750269","1":"product","2":"type-product","3":"status-publish","5":"product_cat-cocuk-ve-genclik-kitaplari","6":"product_cat-okul-oncesi-kitaplar","7":"pa_cilt-ciltsiz","8":"pa_tur-kitap","9":"pa_yayinevi-is-bankasi-kultur-yayinlari","10":"pa_yazar-devon-holzwarth","12":"first","13":"instock","14":"sale","15":"shipping-taxable","16":"purchasable","17":"product-type-simple"},"_links":{"self":[{"href":"https:\/\/roveyayinevi.com.tr\/index.php\/wp-json\/wp\/v2\/product\/750269","targetHints":{"allow":["GET"]}}],"collection":[{"href":"https:\/\/roveyayinevi.com.tr\/index.php\/wp-json\/wp\/v2\/product"}],"about":[{"href":"https:\/\/roveyayinevi.com.tr\/index.php\/wp-json\/wp\/v2\/types\/product"}],"wp:attachment":[{"href":"https:\/\/roveyayinevi.com.tr\/index.php\/wp-json\/wp\/v2\/media?parent=750269"}],"wp:term":[{"taxonomy":"product_brand","embeddable":true,"href":"https:\/\/roveyayinevi.com.tr\/index.php\/wp-json\/wp\/v2\/product_brand?post=750269"},{"taxonomy":"product_cat","embeddable":true,"href":"https:\/\/roveyayinevi.com.tr\/index.php\/wp-json\/wp\/v2\/product_cat?post=750269"},{"taxonomy":"product_tag","embeddable":true,"href":"https:\/\/roveyayinevi.com.tr\/index.php\/wp-json\/wp\/v2\/product_tag?post=750269"}],"curies":[{"name":"wp","href":"https:\/\/api.w.org\/{rel}","templated":true}]}}