{"id":750267,"date":"2025-08-28T04:16:41","date_gmt":"2025-08-28T01:16:41","guid":{"rendered":"https:\/\/roveyayinevi.com.tr\/index.php\/urun\/hepsi-bizim-duygularimiz\/"},"modified":"2026-04-16T03:03:36","modified_gmt":"2026-04-16T00:03:36","slug":"hepsi-bizim-duygularimiz","status":"publish","type":"product","link":"https:\/\/roveyayinevi.com.tr\/index.php\/urun\/hepsi-bizim-duygularimiz\/","title":{"rendered":"Hepsi Bizim Duygular\u0131m\u0131z"},"content":{"rendered":"<p>Poyraz kendisini tehlikeli bir duruma sokup re\u00e7el kavanozunu k\u0131rd\u0131\u011f\u0131nda, annesi tepki g\u00f6sterdi. \u0130\u00e7ini \u00f6fke kaplayan Poyraz, aynada kendini tan\u0131yamad\u0131. Bah\u00e7eye \u00e7\u0131k\u0131p olanlar\u0131 d\u00fc\u015f\u00fcnd\u00fc\u011f\u00fcnde sakinle\u015fmeye ba\u015flad\u0131. Ya\u015fama uyum sa\u011flama i\u015flevi olan duygular, \u00e7ocuklar\u0131n hayat\u0131nda \u00f6nemli bir rol oynar. Hik\u00e2yemiz duyarl\u0131 bir yakla\u015f\u0131mla duygular\u0131n \u00e7e\u015fitlili\u011fini anlat\u0131rken, \u00e7ocu\u011fa fark\u0131ndal\u0131k, kendini sevme ve kabullenmeyle ilgili ipu\u00e7lar\u0131 veriyor. Duygular\u0131m\u0131z hayat\u0131n kendisi kadar renkli&#8230; <\/p>\n","protected":false},"excerpt":{"rendered":"<p>Poyraz kendisini tehlikeli bir duruma sokup re\u00e7el kavanozunu k\u0131rd\u0131\u011f\u0131nda, annesi tepki g\u00f6sterdi. \u0130\u00e7ini \u00f6fke kaplayan Poyraz, aynada kendini tan\u0131yamad\u0131. Bah\u00e7eye \u00e7\u0131k\u0131p olanlar\u0131 d\u00fc\u015f\u00fcnd\u00fc\u011f\u00fcnde sakinle\u015fmeye ba\u015flad\u0131. Ya\u015fama<span class=\"excerpt-hellip\"> [\u2026]<\/span><\/p>\n","protected":false},"featured_media":0,"template":"","meta":{"_monsterinsights_skip_tracking":false,"_monsterinsights_sitenote_active":false,"_monsterinsights_sitenote_note":"","_monsterinsights_sitenote_category":0},"product_brand":[],"product_cat":[12274,12518],"product_tag":[],"class_list":{"0":"post-750267","1":"product","2":"type-product","3":"status-publish","5":"product_cat-cocuk-ve-genclik-kitaplari","6":"product_cat-okul-oncesi-kitaplar","7":"pa_cilt-ciltsiz","8":"pa_tur-kitap","9":"pa_yayinevi-is-bankasi-kultur-yayinlari","10":"pa_yazar-michael-engler","12":"first","13":"instock","14":"sale","15":"shipping-taxable","16":"purchasable","17":"product-type-simple"},"_links":{"self":[{"href":"https:\/\/roveyayinevi.com.tr\/index.php\/wp-json\/wp\/v2\/product\/750267","targetHints":{"allow":["GET"]}}],"collection":[{"href":"https:\/\/roveyayinevi.com.tr\/index.php\/wp-json\/wp\/v2\/product"}],"about":[{"href":"https:\/\/roveyayinevi.com.tr\/index.php\/wp-json\/wp\/v2\/types\/product"}],"wp:attachment":[{"href":"https:\/\/roveyayinevi.com.tr\/index.php\/wp-json\/wp\/v2\/media?parent=750267"}],"wp:term":[{"taxonomy":"product_brand","embeddable":true,"href":"https:\/\/roveyayinevi.com.tr\/index.php\/wp-json\/wp\/v2\/product_brand?post=750267"},{"taxonomy":"product_cat","embeddable":true,"href":"https:\/\/roveyayinevi.com.tr\/index.php\/wp-json\/wp\/v2\/product_cat?post=750267"},{"taxonomy":"product_tag","embeddable":true,"href":"https:\/\/roveyayinevi.com.tr\/index.php\/wp-json\/wp\/v2\/product_tag?post=750267"}],"curies":[{"name":"wp","href":"https:\/\/api.w.org\/{rel}","templated":true}]}}