{"id":750264,"date":"2025-08-28T04:16:37","date_gmt":"2025-08-28T01:16:37","guid":{"rendered":"https:\/\/roveyayinevi.com.tr\/index.php\/urun\/arkadasim-elif-elif-ile-kedisi-mirnavin-sirri\/"},"modified":"2026-04-08T03:10:10","modified_gmt":"2026-04-08T00:10:10","slug":"arkadasim-elif-elif-ile-kedisi-mirnavin-sirri","status":"publish","type":"product","link":"https:\/\/roveyayinevi.com.tr\/index.php\/urun\/arkadasim-elif-elif-ile-kedisi-mirnavin-sirri\/","title":{"rendered":"Arkada\u015fim Elif &#8211; Elif \u0130le Kedisi M\u0131rnav\u2019in S\u0131rr\u0131"},"content":{"rendered":"<p>Elif ile kedisi M\u0131rnav\u2019\u0131n b\u00fcy\u00fck maceras\u0131! Elif okul gezisine kat\u0131laca\u011f\u0131 i\u00e7in \u00e7ok heyecanl\u0131yd\u0131! \u00dc\u00e7 g\u00fcn boyunca tarihi bir de\u011firmende kalacaklard\u0131. Arkada\u015flar\u0131yla de\u011firmene vard\u0131klar\u0131nda masallar\u0131 aratmayan manzara kar\u015f\u0131s\u0131nda b\u00fcy\u00fclendiler. Elif ak\u015fam oldu\u011funda kedisi M\u0131rnav\u2019\u0131n da gizlice onlarla geldi\u011fini fark etti. M\u0131rnav\u2019\u0131 kimsenin g\u00f6rmemesi gerekiyordu. Ertesi g\u00fcn de\u011firmende tuhaf olaylar ya\u015fand\u0131. Elif arkada\u015flar\u0131yla birlikte bu gizemi \u00e7\u00f6zmeye karar verdi. <\/p>\n","protected":false},"excerpt":{"rendered":"<p>Elif ile kedisi M\u0131rnav\u2019\u0131n b\u00fcy\u00fck maceras\u0131! Elif okul gezisine kat\u0131laca\u011f\u0131 i\u00e7in \u00e7ok heyecanl\u0131yd\u0131! \u00dc\u00e7 g\u00fcn boyunca tarihi bir de\u011firmende kalacaklard\u0131. Arkada\u015flar\u0131yla de\u011firmene vard\u0131klar\u0131nda masallar\u0131 aratmayan manzara<span class=\"excerpt-hellip\"> [\u2026]<\/span><\/p>\n","protected":false},"featured_media":0,"template":"","meta":{"_monsterinsights_skip_tracking":false,"_monsterinsights_sitenote_active":false,"_monsterinsights_sitenote_note":"","_monsterinsights_sitenote_category":0},"product_brand":[],"product_cat":[12274,12284],"product_tag":[],"class_list":{"0":"post-750264","1":"product","2":"type-product","3":"status-publish","5":"product_cat-cocuk-ve-genclik-kitaplari","6":"product_cat-hikayeler","7":"pa_cilt-ciltsiz","8":"pa_tur-kitap","9":"pa_yayinevi-is-bankasi-kultur-yayinlari","10":"pa_yazar-liane-schneider","12":"first","13":"instock","14":"sale","15":"shipping-taxable","16":"purchasable","17":"product-type-simple"},"_links":{"self":[{"href":"https:\/\/roveyayinevi.com.tr\/index.php\/wp-json\/wp\/v2\/product\/750264","targetHints":{"allow":["GET"]}}],"collection":[{"href":"https:\/\/roveyayinevi.com.tr\/index.php\/wp-json\/wp\/v2\/product"}],"about":[{"href":"https:\/\/roveyayinevi.com.tr\/index.php\/wp-json\/wp\/v2\/types\/product"}],"wp:attachment":[{"href":"https:\/\/roveyayinevi.com.tr\/index.php\/wp-json\/wp\/v2\/media?parent=750264"}],"wp:term":[{"taxonomy":"product_brand","embeddable":true,"href":"https:\/\/roveyayinevi.com.tr\/index.php\/wp-json\/wp\/v2\/product_brand?post=750264"},{"taxonomy":"product_cat","embeddable":true,"href":"https:\/\/roveyayinevi.com.tr\/index.php\/wp-json\/wp\/v2\/product_cat?post=750264"},{"taxonomy":"product_tag","embeddable":true,"href":"https:\/\/roveyayinevi.com.tr\/index.php\/wp-json\/wp\/v2\/product_tag?post=750264"}],"curies":[{"name":"wp","href":"https:\/\/api.w.org\/{rel}","templated":true}]}}