{"id":750262,"date":"2025-08-28T04:16:34","date_gmt":"2025-08-28T01:16:34","guid":{"rendered":"https:\/\/roveyayinevi.com.tr\/index.php\/urun\/risale-i-nur-kulliyati-buyuk-boy_2-renk-14-kitap\/"},"modified":"2026-04-16T03:03:36","modified_gmt":"2026-04-16T00:03:36","slug":"risale-i-nur-kulliyati-buyuk-boy_2-renk-14-kitap","status":"publish","type":"product","link":"https:\/\/roveyayinevi.com.tr\/index.php\/urun\/risale-i-nur-kulliyati-buyuk-boy_2-renk-14-kitap\/","title":{"rendered":"Risale-i Nur K\u00fclliyat\u0131 B\u00fcy\u00fck Boy_2 Renk (14 Kitap)"},"content":{"rendered":"<p>Risale-i Nur K\u00fclliyat\u0131Geni\u015f sayfa alt\u0131 s\u00f6zl\u00fc\u011f\u00fcAyet ve hadis mealleriAyet ve hadis kaynaklar\u0131Arap\u00e7a metinlerin terc\u00fcmeleriRisalelerin telif tarihleriAlt\u0131 farkl\u0131 indeks\u0130thal termo deri kapak ASA-YI MUSA_B\u00fcy\u00fck Boy_2 Renk \/S\u00d6Z BASIM BARLA LAH\u0130KASI_B\u00fcy\u00fck Boy_2 Renk \/S\u00d6Z BASIM EM\u0130RDA\u011e LAH\u0130KASI_B\u00fcy\u00fck Boy_2 Renk \/S\u00d6Z BASIM \u0130MAN VE K\u00dcF\u00dcR MUVAZENELER\u0130_B\u00fcy\u00fck Boy_2 Renk \/S\u00d6Z BASIM \u0130\u015eARAT\u00dc&#8217;L-\u0130&#8217;CAZ_B\u00fcy\u00fck Boy_2 Renk \/S\u00d6Z BASIM KASTAMONU LAH\u0130KASI_B\u00fcy\u00fck Boy_2 Renk \/S\u00d6Z BASIM Tan\u0131t\u0131m Metni: Risale-i Nur K\u00fclliyat\u0131Geni\u015f sayfa alt\u0131 s\u00f6zl\u00fc\u011f\u00fcAyet ve hadis mealleriAyet ve hadis kaynaklar\u0131Arap\u00e7a metinlerin terc\u00fcmeleriRisalelerin telif tarihleriAlt\u0131 farkl\u0131 indeks\u0130thal termo deri kapak ASA-YI MUSA_B\u00fcy\u00fck Boy_2 Renk \/S\u00d6Z BASIM BARLA LAH\u0130KASI_B\u00fcy\u00fck Boy_2 Renk \/S\u00d6Z BASIM EM\u0130RDA\u011e LAH\u0130KASI_B\u00fcy\u00fck Boy_2 Renk \/S\u00d6Z BASIM \u0130MAN VE K\u00dcF\u00dcR MUVAZENELER\u0130_B\u00fcy\u00fck Boy_2 Renk \/S\u00d6Z BASIM \u0130\u015eARAT\u00dc&#8217;L-\u0130&#8217;CAZ_B\u00fcy\u00fck Boy_2 Renk \/S\u00d6Z BASIM KASTAMONU LAH\u0130KASI_B\u00fcy\u00fck Boy_2 Renk \/S\u00d6Z BASIM LEM&#8217;ALAR_B\u00fcy\u00fck Boy_2 Renk \/S\u00d6Z BASIM MEKTUBAT_B\u00fcy\u00fck Boy_2 Renk \/S\u00d6Z BASIM MESNEV\u0130-\u0130 NUR\u0130YE_B\u00fcy\u00fck Boy_2 Renk \/S\u00d6Z BASIM MUHAKEMAT_B\u00fcy\u00fck Boy_2 Renk \/S\u00d6Z BASIM S\u0130KKE-\u0130 TASDIK-\u0130 GAYB\u0130_B\u00fcy\u00fck Boy_2 Renk \/S\u00d6Z BASIM S\u00d6ZLER_B\u00fcy\u00fck Boy_2 Renk \/S\u00d6Z BASIM \u015eUALAR_B\u00fcy\u00fck Boy_2 Renk \/S\u00d6Z BASIM TAR\u0130H\u00c7E-\u0130 HAYAT_B\u00fcy\u00fck Boy_2 Renk \/S\u00d6Z BASIM <\/p>\n","protected":false},"excerpt":{"rendered":"<p>Risale-i Nur K\u00fclliyat\u0131Geni\u015f sayfa alt\u0131 s\u00f6zl\u00fc\u011f\u00fcAyet ve hadis mealleriAyet ve hadis kaynaklar\u0131Arap\u00e7a metinlerin terc\u00fcmeleriRisalelerin telif tarihleriAlt\u0131 farkl\u0131 indeks\u0130thal termo deri kapak ASA-YI MUSA_B\u00fcy\u00fck Boy_2 Renk \/S\u00d6Z<span class=\"excerpt-hellip\"> [\u2026]<\/span><\/p>\n","protected":false},"featured_media":0,"template":"","meta":{"_monsterinsights_skip_tracking":false,"_monsterinsights_sitenote_active":false,"_monsterinsights_sitenote_note":"","_monsterinsights_sitenote_category":0},"product_brand":[],"product_cat":[12718,12719],"product_tag":[],"class_list":{"0":"post-750262","1":"product","2":"type-product","3":"status-publish","5":"product_cat-din","6":"product_cat-islam","7":"pa_cilt-ciltli","8":"pa_tur-kitap","9":"pa_yayinevi-soz-basim-yayin","10":"pa_yazar-bediuzzaman-said-i-nursi","12":"first","13":"instock","14":"sale","15":"shipping-taxable","16":"purchasable","17":"product-type-simple"},"_links":{"self":[{"href":"https:\/\/roveyayinevi.com.tr\/index.php\/wp-json\/wp\/v2\/product\/750262","targetHints":{"allow":["GET"]}}],"collection":[{"href":"https:\/\/roveyayinevi.com.tr\/index.php\/wp-json\/wp\/v2\/product"}],"about":[{"href":"https:\/\/roveyayinevi.com.tr\/index.php\/wp-json\/wp\/v2\/types\/product"}],"wp:attachment":[{"href":"https:\/\/roveyayinevi.com.tr\/index.php\/wp-json\/wp\/v2\/media?parent=750262"}],"wp:term":[{"taxonomy":"product_brand","embeddable":true,"href":"https:\/\/roveyayinevi.com.tr\/index.php\/wp-json\/wp\/v2\/product_brand?post=750262"},{"taxonomy":"product_cat","embeddable":true,"href":"https:\/\/roveyayinevi.com.tr\/index.php\/wp-json\/wp\/v2\/product_cat?post=750262"},{"taxonomy":"product_tag","embeddable":true,"href":"https:\/\/roveyayinevi.com.tr\/index.php\/wp-json\/wp\/v2\/product_tag?post=750262"}],"curies":[{"name":"wp","href":"https:\/\/api.w.org\/{rel}","templated":true}]}}