{"id":750256,"date":"2025-08-28T04:16:25","date_gmt":"2025-08-28T01:16:25","guid":{"rendered":"https:\/\/roveyayinevi.com.tr\/index.php\/urun\/iste-geldim-deniz-kenari\/"},"modified":"2026-04-16T03:03:36","modified_gmt":"2026-04-16T00:03:36","slug":"iste-geldim-deniz-kenari","status":"publish","type":"product","link":"https:\/\/roveyayinevi.com.tr\/index.php\/urun\/iste-geldim-deniz-kenari\/","title":{"rendered":"\u0130\u015fte Geldim Deniz Kenar\u0131"},"content":{"rendered":"<p>\u201cHayat Romanlardan Daha Tuhaf\u201d \u00fc\u00e7lemesi \u2013Ard\u0131\u00e7 A\u011fac\u0131n\u0131n Alt\u0131nda, Ayr\u0131l\u0131k \u00c7e\u015fmesi Soka\u011f\u0131\u2013 \u0130\u015fte Geldim Deniz Kenar\u0131 ile tamamlan\u0131yor. Londra\u2019da bilgisayar m\u00fchendisli\u011fi akademisyenli\u011fi yapan Harun, on bir y\u0131l \u00f6nce ayr\u0131ld\u0131\u011f\u0131 \u0130stanbul\u2019a beklenmedik bir nedenle d\u00f6nmek zorunda kal\u0131r. K\u00fc\u00e7\u00fckl\u00fc\u011f\u00fcnden beri yaln\u0131zl\u0131\u011f\u0131na e\u015flik eden Salacak sahiline gider ve Deniz Kenar\u0131\u2019na gizemli ge\u00e7mi\u015fini anlatmaya ba\u015flar&#8230; Ona yuvada olma hissini ya\u015fatan yeti\u015fkinler anne ve babas\u0131 de\u011fildir. Mahalle ortam\u0131n\u0131n, t\u00fcrl\u00fc tesad\u00fcflerle ya\u015fam\u0131n kar\u015f\u0131s\u0131na \u00e7\u0131kard\u0131\u011f\u0131 kimi iyi, kimi kudretli ki\u015filerin ve en \u00e7ok da kitaplar\u0131n s\u0131cakl\u0131\u011f\u0131yla yeti\u015fir Harun. Y\u0131llar sonra \u0130stanbul\u2019a d\u00f6n\u00fc\u015f\u00fcyle kar\u015f\u0131s\u0131na \u00e7\u0131kan iki ki\u015fiyle ya\u015fam burgusu bir kez daha m\u0131 d\u00f6necektir? \u00c7\u00fcnk\u00fc her ac\u0131n\u0131n sonunda bir kap\u0131 vard\u0131r&#8230;                                                                                                  \u201cBizans Sultan\u0131\u2019n\u0131 b\u00fcy\u00fck bir zevkle okudum.                                                                                                    B\u00fcy\u00fcleyici bir hik\u00e2ye ve anlat\u0131m\u0131 \u015fa\u015f\u0131rt\u0131c\u0131 bir                                                                                                   zek\u00e2 \u00fcr\u00fcn\u00fc&#8230;M\u00fcthi\u015f bir yazar ke\u015ffettim.\u201d                                                                                                                                            Alberto Manguel                                                                                                                                                 15.10.2019 <\/p>\n","protected":false},"excerpt":{"rendered":"<p>\u201cHayat Romanlardan Daha Tuhaf\u201d \u00fc\u00e7lemesi \u2013Ard\u0131\u00e7 A\u011fac\u0131n\u0131n Alt\u0131nda, Ayr\u0131l\u0131k \u00c7e\u015fmesi Soka\u011f\u0131\u2013 \u0130\u015fte Geldim Deniz Kenar\u0131 ile tamamlan\u0131yor. Londra\u2019da bilgisayar m\u00fchendisli\u011fi akademisyenli\u011fi yapan Harun, on bir y\u0131l<span class=\"excerpt-hellip\"> [\u2026]<\/span><\/p>\n","protected":false},"featured_media":0,"template":"","meta":{"_monsterinsights_skip_tracking":false,"_monsterinsights_sitenote_active":false,"_monsterinsights_sitenote_note":"","_monsterinsights_sitenote_category":0},"product_brand":[],"product_cat":[12291,12711],"product_tag":[],"class_list":{"0":"post-750256","1":"product","2":"type-product","3":"status-publish","5":"product_cat-edebiyat","6":"product_cat-roman-oyku","7":"pa_cilt-ciltsiz","8":"pa_tur-kitap","9":"pa_yayinevi-is-bankasi-kultur-yayinlari","10":"pa_yazar-selcuk-altun","12":"first","13":"instock","14":"sale","15":"shipping-taxable","16":"purchasable","17":"product-type-simple"},"_links":{"self":[{"href":"https:\/\/roveyayinevi.com.tr\/index.php\/wp-json\/wp\/v2\/product\/750256","targetHints":{"allow":["GET"]}}],"collection":[{"href":"https:\/\/roveyayinevi.com.tr\/index.php\/wp-json\/wp\/v2\/product"}],"about":[{"href":"https:\/\/roveyayinevi.com.tr\/index.php\/wp-json\/wp\/v2\/types\/product"}],"wp:attachment":[{"href":"https:\/\/roveyayinevi.com.tr\/index.php\/wp-json\/wp\/v2\/media?parent=750256"}],"wp:term":[{"taxonomy":"product_brand","embeddable":true,"href":"https:\/\/roveyayinevi.com.tr\/index.php\/wp-json\/wp\/v2\/product_brand?post=750256"},{"taxonomy":"product_cat","embeddable":true,"href":"https:\/\/roveyayinevi.com.tr\/index.php\/wp-json\/wp\/v2\/product_cat?post=750256"},{"taxonomy":"product_tag","embeddable":true,"href":"https:\/\/roveyayinevi.com.tr\/index.php\/wp-json\/wp\/v2\/product_tag?post=750256"}],"curies":[{"name":"wp","href":"https:\/\/api.w.org\/{rel}","templated":true}]}}