{"id":750253,"date":"2025-08-28T04:16:20","date_gmt":"2025-08-28T01:16:20","guid":{"rendered":"https:\/\/roveyayinevi.com.tr\/index.php\/urun\/ongorulemeyen-bir-dunyada-yasamak\/"},"modified":"2026-04-16T03:03:36","modified_gmt":"2026-04-16T00:03:36","slug":"ongorulemeyen-bir-dunyada-yasamak","status":"publish","type":"product","link":"https:\/\/roveyayinevi.com.tr\/index.php\/urun\/ongorulemeyen-bir-dunyada-yasamak\/","title":{"rendered":"\u00d6ng\u00f6r\u00fclemeyen Bir D\u00fcnyada Ya\u015famak"},"content":{"rendered":"<p>Frans\u0131z d\u00fc\u015f\u00fcn\u00fcr Fr\u00e9d\u00e9ric Lenoir \u201chayatta kalmaya ve olgunla\u015fmaya dair\u201d bir k\u0131lavuz olarak tasarlad\u0131\u011f\u0131 bu kitab\u0131nda pandemiden yola \u00e7\u0131karak daha genel bir soruna, kriz zamanlar\u0131nda nas\u0131l daha iyi ya\u015fanabilece\u011fine odaklan\u0131yor. Stoac\u0131lar, Montaigne, Spinoza gibi ge\u00e7mi\u015f zaman filozoflar\u0131ndan ald\u0131\u011f\u0131 ilhamla sinirbilim ve psikoloji kaynakl\u0131 daha \u00e7a\u011fda\u015f d\u00fc\u015f\u00fcnceleri bir araya getirerek \u015fu sorulara kar\u015f\u0131l\u0131k ar\u0131yor: \u201cGittik\u00e7e daha kaotik ve \u00f6ng\u00f6r\u00fclemez hale gelen bir d\u00fcnyada nas\u0131l sakin, hatta mutlu kalmaya \u00e7al\u0131\u015fabiliriz? \u0130stikrar\u0131m\u0131z\u0131, dengemizi bozan bir ger\u00e7ekli\u011fe m\u00fcmk\u00fcn oldu\u011funca olumlu bir \u015fekilde uyum sa\u011flamak i\u00e7in kendimizi nas\u0131l de\u011fi\u015ftirebilir veya bak\u0131\u015f a\u00e7\u0131m\u0131z\u0131 nas\u0131l d\u00f6n\u00fc\u015ft\u00fcrebiliriz?\u201d <\/p>\n","protected":false},"excerpt":{"rendered":"<p>Frans\u0131z d\u00fc\u015f\u00fcn\u00fcr Fr\u00e9d\u00e9ric Lenoir \u201chayatta kalmaya ve olgunla\u015fmaya dair\u201d bir k\u0131lavuz olarak tasarlad\u0131\u011f\u0131 bu kitab\u0131nda pandemiden yola \u00e7\u0131karak daha genel bir soruna, kriz zamanlar\u0131nda nas\u0131l daha<span class=\"excerpt-hellip\"> [\u2026]<\/span><\/p>\n","protected":false},"featured_media":0,"template":"","meta":{"_monsterinsights_skip_tracking":false,"_monsterinsights_sitenote_active":false,"_monsterinsights_sitenote_note":"","_monsterinsights_sitenote_category":0},"product_brand":[],"product_cat":[14787,13488],"product_tag":[],"class_list":{"0":"post-750253","1":"product","2":"type-product","3":"status-publish","5":"product_cat-diger-toplum-ve-insan","6":"product_cat-toplum-ve-insan","7":"pa_cilt-ciltsiz","8":"pa_tur-kitap","9":"pa_yayinevi-is-bankasi-kultur-yayinlari","10":"pa_yazar-frederic-lenoir","12":"first","13":"instock","14":"sale","15":"shipping-taxable","16":"purchasable","17":"product-type-simple"},"_links":{"self":[{"href":"https:\/\/roveyayinevi.com.tr\/index.php\/wp-json\/wp\/v2\/product\/750253","targetHints":{"allow":["GET"]}}],"collection":[{"href":"https:\/\/roveyayinevi.com.tr\/index.php\/wp-json\/wp\/v2\/product"}],"about":[{"href":"https:\/\/roveyayinevi.com.tr\/index.php\/wp-json\/wp\/v2\/types\/product"}],"wp:attachment":[{"href":"https:\/\/roveyayinevi.com.tr\/index.php\/wp-json\/wp\/v2\/media?parent=750253"}],"wp:term":[{"taxonomy":"product_brand","embeddable":true,"href":"https:\/\/roveyayinevi.com.tr\/index.php\/wp-json\/wp\/v2\/product_brand?post=750253"},{"taxonomy":"product_cat","embeddable":true,"href":"https:\/\/roveyayinevi.com.tr\/index.php\/wp-json\/wp\/v2\/product_cat?post=750253"},{"taxonomy":"product_tag","embeddable":true,"href":"https:\/\/roveyayinevi.com.tr\/index.php\/wp-json\/wp\/v2\/product_tag?post=750253"}],"curies":[{"name":"wp","href":"https:\/\/api.w.org\/{rel}","templated":true}]}}