{"id":750241,"date":"2025-08-28T04:16:00","date_gmt":"2025-08-28T01:16:00","guid":{"rendered":"https:\/\/roveyayinevi.com.tr\/index.php\/urun\/bilincli-ebeveynlik\/"},"modified":"2026-04-16T03:03:36","modified_gmt":"2026-04-16T00:03:36","slug":"bilincli-ebeveynlik","status":"publish","type":"product","link":"https:\/\/roveyayinevi.com.tr\/index.php\/urun\/bilincli-ebeveynlik\/","title":{"rendered":"Bilin\u00e7li Ebeveynlik"},"content":{"rendered":"<p>Zor zamanlar i\u00e7in aile ba\u011flar\u0131n\u0131 g\u00fc\u00e7lendiren bir rehber.Her \u015feyin gitgide karma\u015f\u0131kla\u015ft\u0131\u011f\u0131 bir d\u00fcnyada, anne baba olmak b\u00fcy\u00fcleyici oldu\u011fu kadar zorlay\u0131c\u0131 ve korkutucu olabilir. Bilin\u00e7li Ebeveynlik kitab\u0131 \u00e7ocuklar\u0131m\u0131z\u0131 kontrol etmekle ilgilenmez, bunun yerine onlara yeti\u015fkinli\u011fe g\u00fcvenle, at\u0131lganl\u0131kla, kendileriyle kurduklar\u0131 derin bir ba\u011fla, duygusal ve ruhsal dayan\u0131kl\u0131l\u0131kla ad\u0131m atmalar\u0131n\u0131 sa\u011flayan bir temel vermekle ilgilenir.Giri\u015fimci, yazar ve belgesel yap\u0131mc\u0131s\u0131 Pedram Shoja\u0131 Omd ve Nick Polizzi ebeveynlik dan\u0131\u015fmanlar\u0131n\u0131n, terapistlerinin, \u00e7ocuk doktorlar\u0131n\u0131n ve \u00e7ocuk e\u011fitimcilerinin kap\u0131s\u0131n\u0131 \u00e7alarak, onlar\u0131n bilgeli\u011fine ve i\u00e7g\u00f6r\u00fcs\u00fcne kulak veriyor. Bilin\u00e7li ebeveynli\u011fi bir ya\u015fam bi\u00e7imi olarak benimsemek ve \u00e7ocuklar\u0131 i\u00e7in daha iyi bir gelecek yaratmak isteyen t\u00fcm ebeveynler i\u00e7in e\u015fsiz bir kaynak ortaya \u00e7\u0131kar\u0131yor.Bilin\u00e7li ebeveynlik ger\u00e7ek d\u00fcnyadaki varolu\u015fsal tehditler ve korkularla y\u00fczle\u015fmek, teknoloji ba\u011f\u0131ml\u0131l\u0131\u011f\u0131n\u0131n esaretinde duygusal ba\u011f kurmak, aile i\u00e7inde bir b\u00fct\u00fcn hissedebilmek ve \u00e7ocuklar\u0131n\u0131 g\u00fcvenle b\u00fcy\u00fctmek isteyen her anne baban\u0131n ba\u015fucunda olacak zamans\u0131z bir rehber.<\/p>\n","protected":false},"excerpt":{"rendered":"<p>Zor zamanlar i\u00e7in aile ba\u011flar\u0131n\u0131 g\u00fc\u00e7lendiren bir rehber.Her \u015feyin gitgide karma\u015f\u0131kla\u015ft\u0131\u011f\u0131 bir d\u00fcnyada, anne baba olmak b\u00fcy\u00fcleyici oldu\u011fu kadar zorlay\u0131c\u0131 ve korkutucu olabilir. Bilin\u00e7li Ebeveynlik kitab\u0131<span class=\"excerpt-hellip\"> [\u2026]<\/span><\/p>\n","protected":false},"featured_media":0,"template":"","meta":{"_monsterinsights_skip_tracking":false,"_monsterinsights_sitenote_active":false,"_monsterinsights_sitenote_note":"","_monsterinsights_sitenote_category":0},"product_brand":[],"product_cat":[12831,12324],"product_tag":[],"class_list":{"0":"post-750241","1":"product","2":"type-product","3":"status-publish","5":"product_cat-aile-ve-cocuk","6":"product_cat-sosyoloji","7":"pa_cilt-ciltsiz","8":"pa_tur-kitap","9":"pa_yayinevi-serenad-yayinevi","10":"pa_yazar-pedram-shojai-o-m-d-nick-polizzi","12":"first","13":"instock","14":"sale","15":"shipping-taxable","16":"purchasable","17":"product-type-simple"},"_links":{"self":[{"href":"https:\/\/roveyayinevi.com.tr\/index.php\/wp-json\/wp\/v2\/product\/750241","targetHints":{"allow":["GET"]}}],"collection":[{"href":"https:\/\/roveyayinevi.com.tr\/index.php\/wp-json\/wp\/v2\/product"}],"about":[{"href":"https:\/\/roveyayinevi.com.tr\/index.php\/wp-json\/wp\/v2\/types\/product"}],"wp:attachment":[{"href":"https:\/\/roveyayinevi.com.tr\/index.php\/wp-json\/wp\/v2\/media?parent=750241"}],"wp:term":[{"taxonomy":"product_brand","embeddable":true,"href":"https:\/\/roveyayinevi.com.tr\/index.php\/wp-json\/wp\/v2\/product_brand?post=750241"},{"taxonomy":"product_cat","embeddable":true,"href":"https:\/\/roveyayinevi.com.tr\/index.php\/wp-json\/wp\/v2\/product_cat?post=750241"},{"taxonomy":"product_tag","embeddable":true,"href":"https:\/\/roveyayinevi.com.tr\/index.php\/wp-json\/wp\/v2\/product_tag?post=750241"}],"curies":[{"name":"wp","href":"https:\/\/api.w.org\/{rel}","templated":true}]}}