{"id":750238,"date":"2025-08-28T04:15:54","date_gmt":"2025-08-28T01:15:54","guid":{"rendered":"https:\/\/roveyayinevi.com.tr\/index.php\/urun\/efsaneler-gecidi\/"},"modified":"2026-04-16T03:03:36","modified_gmt":"2026-04-16T00:03:36","slug":"efsaneler-gecidi","status":"publish","type":"product","link":"https:\/\/roveyayinevi.com.tr\/index.php\/urun\/efsaneler-gecidi\/","title":{"rendered":"Efsaneler Ge\u00e7idi"},"content":{"rendered":"<p>Zamandan zamana s\u0131\u00e7rayan bir at\u0131n \u00fcst\u00fcnde maceraya var m\u0131s\u0131n?     Davetsiz misafirlerle hayat\u0131 alt \u00fcst olan \u00d6mer, kendini heyecan dolu bir maceran\u0131n i\u00e7inde bulur. Zamandan zamana s\u0131\u00e7rayan bir at\u0131n \u00fcst\u00fcnde g\u00f6zlerini a\u00e7t\u0131\u011f\u0131nda, ba\u015f\u0131na geleceklerden habersizdir. \u00c7ukurova\u2019da, efsanelerin ya\u015fand\u0131\u011f\u0131 bir d\u00f6nemde, \u00d6mer hayatta kal\u0131p evine d\u00f6nebilecek mi?   Hayriye G\u00f6zta\u015f\u2019\u0131n kaleminden; S\u0131r Elif, G\u00f6k\u00e7e O\u011flak, Anavarza, Lokman Hekim, \u015eahmeran efsaneleriyle harmanlanm\u0131\u015f ola\u011fan\u00fcst\u00fc bir hik\u00e2ye\u2026 <\/p>\n","protected":false},"excerpt":{"rendered":"<p>Zamandan zamana s\u0131\u00e7rayan bir at\u0131n \u00fcst\u00fcnde maceraya var m\u0131s\u0131n? Davetsiz misafirlerle hayat\u0131 alt \u00fcst olan \u00d6mer, kendini heyecan dolu bir maceran\u0131n i\u00e7inde bulur. Zamandan zamana s\u0131\u00e7rayan<span class=\"excerpt-hellip\"> [\u2026]<\/span><\/p>\n","protected":false},"featured_media":0,"template":"","meta":{"_monsterinsights_skip_tracking":false,"_monsterinsights_sitenote_active":false,"_monsterinsights_sitenote_note":"","_monsterinsights_sitenote_category":0},"product_brand":[],"product_cat":[12274,12284],"product_tag":[],"class_list":{"0":"post-750238","1":"product","2":"type-product","3":"status-publish","5":"product_cat-cocuk-ve-genclik-kitaplari","6":"product_cat-hikayeler","7":"pa_cilt-ciltsiz","8":"pa_tur-kitap","9":"pa_yayinevi-hayykitap","10":"pa_yazar-hayriye-goztas","12":"first","13":"instock","14":"sale","15":"shipping-taxable","16":"purchasable","17":"product-type-simple"},"_links":{"self":[{"href":"https:\/\/roveyayinevi.com.tr\/index.php\/wp-json\/wp\/v2\/product\/750238","targetHints":{"allow":["GET"]}}],"collection":[{"href":"https:\/\/roveyayinevi.com.tr\/index.php\/wp-json\/wp\/v2\/product"}],"about":[{"href":"https:\/\/roveyayinevi.com.tr\/index.php\/wp-json\/wp\/v2\/types\/product"}],"wp:attachment":[{"href":"https:\/\/roveyayinevi.com.tr\/index.php\/wp-json\/wp\/v2\/media?parent=750238"}],"wp:term":[{"taxonomy":"product_brand","embeddable":true,"href":"https:\/\/roveyayinevi.com.tr\/index.php\/wp-json\/wp\/v2\/product_brand?post=750238"},{"taxonomy":"product_cat","embeddable":true,"href":"https:\/\/roveyayinevi.com.tr\/index.php\/wp-json\/wp\/v2\/product_cat?post=750238"},{"taxonomy":"product_tag","embeddable":true,"href":"https:\/\/roveyayinevi.com.tr\/index.php\/wp-json\/wp\/v2\/product_tag?post=750238"}],"curies":[{"name":"wp","href":"https:\/\/api.w.org\/{rel}","templated":true}]}}