{"id":750236,"date":"2025-08-28T04:15:51","date_gmt":"2025-08-28T01:15:51","guid":{"rendered":"https:\/\/roveyayinevi.com.tr\/index.php\/urun\/gaslight-etkisi-psikolojik-manipulasyon\/"},"modified":"2026-04-16T03:03:36","modified_gmt":"2026-04-16T00:03:36","slug":"gaslight-etkisi-psikolojik-manipulasyon","status":"publish","type":"product","link":"https:\/\/roveyayinevi.com.tr\/index.php\/urun\/gaslight-etkisi-psikolojik-manipulasyon\/","title":{"rendered":"Gaslight Etkisi -Psikolojik Manip\u00fclasyon"},"content":{"rendered":"<p>\u201c\u00c7ok hassass\u0131n!\u201d \u201cHer \u015feyi b\u00fcy\u00fct\u00fcyorsun!\u201d \u201cBen asla b\u00f6yle bir \u015fey demedim, uyduruyorsun!\u201d   Bu t\u00fcr ifadeler baz\u0131 durumlarda duygusal \u015fiddete i\u015faret ediyor olabilir. \u201cGaslighting\u201d, bir ki\u015finin manip\u00fclasyonlarla davran\u0131\u015flar\u0131n\u0131zdan, haf\u0131zan\u0131zdan, ger\u00e7eklik alg\u0131n\u0131zdan \u015f\u00fcphe etmenize neden oldu\u011fu bir duygusal istismar t\u00fcr\u00fcd\u00fcr. Bu durum ebeveynler, e\u015fler, sevgililer, arkada\u015flar, hatta i\u015f arkada\u015flar\u0131 ve patronlarla kurulan ili\u015fkilerde s\u0131kl\u0131kla g\u00f6r\u00fclebiliyor. Terapist Dr. Robin Stern hem kendi hayat\u0131nda g\u00f6zlemledi\u011fi hem de profesyonel hayat\u0131nda dan\u0131\u015fanlar\u0131ndan tekrar tekrar dinledi\u011fi bu istismar t\u00fcr\u00fcne \u201cGaslight Etkisi\u201d ismini vermi\u015ftir. Bu kitapta Stern, genellikle yava\u015f yava\u015f ve sinsice ilerleyen gaslighting\u2019in \u00fc\u00e7 a\u015famas\u0131n\u0131 \u00f6rneklerle detayland\u0131rarak anlat\u0131yor. Ayn\u0131 zamanda gaslighting uygulayan ki\u015filerin \u00fc\u00e7 tipik t\u00fcr\u00fcn\u00fc, kulland\u0131klar\u0131 y\u00f6ntemleri irdeleyerek tan\u0131t\u0131yor. Gaslighting\u2019e son vermek i\u00e7in alt\u0131 ad\u0131ml\u0131k bir plan sunan Stern, kontrol\u00fc elinize alman\u0131z\u0131 sa\u011flayarak hayat\u0131n\u0131z\u0131 gaslighting\u2019den uzak tutman\u0131n yollar\u0131n\u0131 g\u00f6steriyor. Hangi ili\u015fkilerin kurtar\u0131lmaya de\u011fer oldu\u011funa ve hangilerinden uzakla\u015fman\u0131z gerekti\u011fine karar vermenize yard\u0131mc\u0131 olan kitap, gaslighting\u2019i herhangi bir a\u015famas\u0131nda fark etmenizi sa\u011flayarak ikili ili\u015fkilerinize \u00f6zg\u00fcrce ve g\u00fcvenle devam etmeniz i\u00e7in bir yol g\u00f6sterici olacak. <\/p>\n","protected":false},"excerpt":{"rendered":"<p>\u201c\u00c7ok hassass\u0131n!\u201d \u201cHer \u015feyi b\u00fcy\u00fct\u00fcyorsun!\u201d \u201cBen asla b\u00f6yle bir \u015fey demedim, uyduruyorsun!\u201d Bu t\u00fcr ifadeler baz\u0131 durumlarda duygusal \u015fiddete i\u015faret ediyor olabilir. \u201cGaslighting\u201d, bir ki\u015finin manip\u00fclasyonlarla<span class=\"excerpt-hellip\"> [\u2026]<\/span><\/p>\n","protected":false},"featured_media":0,"template":"","meta":{"_monsterinsights_skip_tracking":false,"_monsterinsights_sitenote_active":false,"_monsterinsights_sitenote_note":"","_monsterinsights_sitenote_category":0},"product_brand":[],"product_cat":[12358,12357],"product_tag":[],"class_list":{"0":"post-750236","1":"product","2":"type-product","3":"status-publish","5":"product_cat-genel-psikoloji","6":"product_cat-psikoloji","7":"pa_cilt-ciltsiz","8":"pa_tur-kitap","9":"pa_yayinevi-diyojen-yayincilik","10":"pa_yazar-robin-stern","12":"first","13":"instock","14":"sale","15":"shipping-taxable","16":"purchasable","17":"product-type-simple"},"_links":{"self":[{"href":"https:\/\/roveyayinevi.com.tr\/index.php\/wp-json\/wp\/v2\/product\/750236","targetHints":{"allow":["GET"]}}],"collection":[{"href":"https:\/\/roveyayinevi.com.tr\/index.php\/wp-json\/wp\/v2\/product"}],"about":[{"href":"https:\/\/roveyayinevi.com.tr\/index.php\/wp-json\/wp\/v2\/types\/product"}],"wp:attachment":[{"href":"https:\/\/roveyayinevi.com.tr\/index.php\/wp-json\/wp\/v2\/media?parent=750236"}],"wp:term":[{"taxonomy":"product_brand","embeddable":true,"href":"https:\/\/roveyayinevi.com.tr\/index.php\/wp-json\/wp\/v2\/product_brand?post=750236"},{"taxonomy":"product_cat","embeddable":true,"href":"https:\/\/roveyayinevi.com.tr\/index.php\/wp-json\/wp\/v2\/product_cat?post=750236"},{"taxonomy":"product_tag","embeddable":true,"href":"https:\/\/roveyayinevi.com.tr\/index.php\/wp-json\/wp\/v2\/product_tag?post=750236"}],"curies":[{"name":"wp","href":"https:\/\/api.w.org\/{rel}","templated":true}]}}