{"id":750235,"date":"2025-08-28T04:15:49","date_gmt":"2025-08-28T01:15:49","guid":{"rendered":"https:\/\/roveyayinevi.com.tr\/index.php\/urun\/kule-serisi-1-gecidin-otesi\/"},"modified":"2026-04-16T03:03:36","modified_gmt":"2026-04-16T00:03:36","slug":"kule-serisi-1-gecidin-otesi","status":"publish","type":"product","link":"https:\/\/roveyayinevi.com.tr\/index.php\/urun\/kule-serisi-1-gecidin-otesi\/","title":{"rendered":"Kule Serisi 1- Ge\u00e7idin \u00d6tesi"},"content":{"rendered":"<p>Ne\u015feli bir aile tatili hik\u00e2yesi olabilirdi anlat\u0131lan; yuvarlanan toplar\u0131n\u0131n pe\u015finden ko\u015fan iki k\u00fc\u00e7\u00fck \u00e7ocuk ortadan kaybolduktan sonra onlar\u0131 bulmak i\u00e7in yard\u0131ma gelen arkeologlar hayalini bile kuramayacaklar\u0131 bir ke\u015fifte bulunmasalard\u0131\u2026 Tarih, mitoloji, bilim ve efsaneler aras\u0131nda dolan\u0131rken biriktirdiklerinden yepyeni bir d\u00fcnya yarat\u0131yor Alpay Asar.O d\u00fcnyan\u0131n kap\u0131s\u0131 Ge\u00e7idin \u00d6tesi\u2019nde\u2026 \u201cE\u011fer g\u00f6zlerini kapatsayd\u0131, sert kuzey r\u00fczg\u00e2r\u0131nda cesurca dalgalanan sancaklar\u0131 g\u00f6rebilirdi Halit; buna cesaret edemedi. G\u00f6zlerini a\u00e7\u0131k tutmak i\u00e7in direndi \u00e7\u00fcnk\u00fc kapat\u0131rsa g\u00f6receklerinden korkuyordu. Bir kez daha teyit etti kendi kendine; yanaklar\u0131na \u00e7arpan r\u00fczg\u00e2r do\u011fudan esiyordu ve kalede dalgalanan tek sancak Profes\u00f6r\u2019\u00fcn kald\u0131\u011f\u0131 \u00e7ad\u0131r\u0131n brandas\u0131yd\u0131\u2026 Daha \u00f6nce onlarca kaz\u0131ya kat\u0131lm\u0131\u015f olsa da hi\u00e7 b\u00f6yle hissetmemi\u015fti. O an kalenin i\u00e7inde hapsolmu\u015f ruhlar\u0131 bile hissedebiliyordu. Biliyordu, izleniyorlard\u0131. \u00c7\u0131k\u0131\u015f yollar\u0131n\u0131n a\u00e7\u0131lmas\u0131n\u0131 bekleyenler ile onlar\u0131 \u015fu an olduklar\u0131 yerde tutma vazifesi verilmi\u015flerin g\u00f6zlerini hissedebiliyordu.\u201d<\/p>\n","protected":false},"excerpt":{"rendered":"<p>Ne\u015feli bir aile tatili hik\u00e2yesi olabilirdi anlat\u0131lan; yuvarlanan toplar\u0131n\u0131n pe\u015finden ko\u015fan iki k\u00fc\u00e7\u00fck \u00e7ocuk ortadan kaybolduktan sonra onlar\u0131 bulmak i\u00e7in yard\u0131ma gelen arkeologlar hayalini bile kuramayacaklar\u0131<span class=\"excerpt-hellip\"> [\u2026]<\/span><\/p>\n","protected":false},"featured_media":0,"template":"","meta":{"_monsterinsights_skip_tracking":false,"_monsterinsights_sitenote_active":false,"_monsterinsights_sitenote_note":"","_monsterinsights_sitenote_category":0},"product_brand":[],"product_cat":[12291,12711],"product_tag":[],"class_list":{"0":"post-750235","1":"product","2":"type-product","3":"status-publish","5":"product_cat-edebiyat","6":"product_cat-roman-oyku","7":"pa_cilt-ciltsiz","8":"pa_tur-kitap","9":"pa_yayinevi-epsilon-yayinlari","10":"pa_yazar-alpay-asar","12":"first","13":"instock","14":"sale","15":"shipping-taxable","16":"purchasable","17":"product-type-simple"},"_links":{"self":[{"href":"https:\/\/roveyayinevi.com.tr\/index.php\/wp-json\/wp\/v2\/product\/750235","targetHints":{"allow":["GET"]}}],"collection":[{"href":"https:\/\/roveyayinevi.com.tr\/index.php\/wp-json\/wp\/v2\/product"}],"about":[{"href":"https:\/\/roveyayinevi.com.tr\/index.php\/wp-json\/wp\/v2\/types\/product"}],"wp:attachment":[{"href":"https:\/\/roveyayinevi.com.tr\/index.php\/wp-json\/wp\/v2\/media?parent=750235"}],"wp:term":[{"taxonomy":"product_brand","embeddable":true,"href":"https:\/\/roveyayinevi.com.tr\/index.php\/wp-json\/wp\/v2\/product_brand?post=750235"},{"taxonomy":"product_cat","embeddable":true,"href":"https:\/\/roveyayinevi.com.tr\/index.php\/wp-json\/wp\/v2\/product_cat?post=750235"},{"taxonomy":"product_tag","embeddable":true,"href":"https:\/\/roveyayinevi.com.tr\/index.php\/wp-json\/wp\/v2\/product_tag?post=750235"}],"curies":[{"name":"wp","href":"https:\/\/api.w.org\/{rel}","templated":true}]}}