{"id":750234,"date":"2025-08-28T04:15:48","date_gmt":"2025-08-28T01:15:48","guid":{"rendered":"https:\/\/roveyayinevi.com.tr\/index.php\/urun\/tersine-evrim\/"},"modified":"2025-10-17T08:51:04","modified_gmt":"2025-10-17T05:51:04","slug":"tersine-evrim","status":"publish","type":"product","link":"https:\/\/roveyayinevi.com.tr\/index.php\/urun\/tersine-evrim\/","title":{"rendered":"Tersine Evrim"},"content":{"rendered":"<p>HAYVAN DO\u011eAMIZI ANLAMAK \u0130NSAN DO\u011eAMIZI ANLAMAKTIR. Biz insanlar gezegenimizdeki en sorgulay\u0131c\u0131, duygusal, hayalperest, sald\u0131rgan ve \u015fa\u015f\u0131rt\u0131c\u0131 hayvanlar\u0131z. Ancak bizler ayn\u0131 zamanda hayvan oldu\u011funu d\u00fc\u015f\u00fcnmeyen hayvanlar\u0131z. Bir yar\u0131m\u0131z ya\u015flanan bir hayvan bedeninden, di\u011fer yar\u0131m\u0131z zek\u00e2 ve \u00f6z fark\u0131ndal\u0131ktan kaynaklan\u0131yormu\u015f gibi g\u00f6r\u00fcnen o m\u00fcstesna par\u00e7adan, yani ruhtan olu\u015fur. Binlerce y\u0131ld\u0131r s\u00fcren bir macerada Homo sapiens k\u00f6klerimizden tar\u0131msal ve end\u00fcstriyel devrimlere, internet \u00e7a\u011f\u0131na yolculuk yapt\u0131k. Bug\u00fcnse yapay zek\u00e2n\u0131n ve yar\u0131 insan yar\u0131 makineden olu\u015fan aray\u00fczlerin oldu\u011fu bir gelece\u011fe do\u011fru ilerliyoruz. Peki asl\u0131nda biz neyiz? Kendimizi yeterince tan\u0131yor muyuz? Ara\u015ft\u0131rmac\u0131 Melanie Challenger Tersine Evrim\u2019de, insan olman\u0131n ne anlama geldi\u011fine dair \u015fiirsel ve bilimsel bir hik\u00e2ye anlat\u0131yor. Varl\u0131\u011f\u0131m\u0131z\u0131n merkezinde hayvan olmakla ilgili ciddi bir m\u00fccadelenin oldu\u011funu savunarak insanl\u0131k tarihini yeniden yaz\u0131yor. Biyoloji, genetik, zooloji, hukuk, paleontoloji, evrimsel psikoloji ve felsefenin \u00e7arp\u0131c\u0131 bir kar\u0131\u015f\u0131m\u0131 olan bu zengin kitap hem insan olmay\u0131 anlaman\u0131n b\u00fcy\u00fcleyici bir yeniden de\u011ferlendirmesi hem de varl\u0131\u011f\u0131m\u0131zla ilgili derin d\u00fc\u015f\u00fcnmeye felsefi bir davet. <\/p>\n","protected":false},"excerpt":{"rendered":"<p>HAYVAN DO\u011eAMIZI ANLAMAK \u0130NSAN DO\u011eAMIZI ANLAMAKTIR. Biz insanlar gezegenimizdeki en sorgulay\u0131c\u0131, duygusal, hayalperest, sald\u0131rgan ve \u015fa\u015f\u0131rt\u0131c\u0131 hayvanlar\u0131z. Ancak bizler ayn\u0131 zamanda hayvan oldu\u011funu d\u00fc\u015f\u00fcnmeyen hayvanlar\u0131z. Bir<span class=\"excerpt-hellip\"> [\u2026]<\/span><\/p>\n","protected":false},"featured_media":0,"template":"","meta":{"_monsterinsights_skip_tracking":false,"_monsterinsights_sitenote_active":false,"_monsterinsights_sitenote_note":"","_monsterinsights_sitenote_category":0},"product_brand":[],"product_cat":[15499,13488],"product_tag":[],"class_list":{"0":"post-750234","1":"product","2":"type-product","3":"status-publish","5":"product_cat-antropoloji","6":"product_cat-toplum-ve-insan","7":"pa_cilt-ciltsiz","8":"pa_tur-kitap","9":"pa_yayinevi-beyaz-baykus-yayinlari","10":"pa_yazar-melanie-challenger","12":"first","13":"instock","14":"sale","15":"shipping-taxable","16":"purchasable","17":"product-type-simple"},"_links":{"self":[{"href":"https:\/\/roveyayinevi.com.tr\/index.php\/wp-json\/wp\/v2\/product\/750234","targetHints":{"allow":["GET"]}}],"collection":[{"href":"https:\/\/roveyayinevi.com.tr\/index.php\/wp-json\/wp\/v2\/product"}],"about":[{"href":"https:\/\/roveyayinevi.com.tr\/index.php\/wp-json\/wp\/v2\/types\/product"}],"wp:attachment":[{"href":"https:\/\/roveyayinevi.com.tr\/index.php\/wp-json\/wp\/v2\/media?parent=750234"}],"wp:term":[{"taxonomy":"product_brand","embeddable":true,"href":"https:\/\/roveyayinevi.com.tr\/index.php\/wp-json\/wp\/v2\/product_brand?post=750234"},{"taxonomy":"product_cat","embeddable":true,"href":"https:\/\/roveyayinevi.com.tr\/index.php\/wp-json\/wp\/v2\/product_cat?post=750234"},{"taxonomy":"product_tag","embeddable":true,"href":"https:\/\/roveyayinevi.com.tr\/index.php\/wp-json\/wp\/v2\/product_tag?post=750234"}],"curies":[{"name":"wp","href":"https:\/\/api.w.org\/{rel}","templated":true}]}}