{"id":750233,"date":"2025-08-28T04:15:46","date_gmt":"2025-08-28T01:15:46","guid":{"rendered":"https:\/\/roveyayinevi.com.tr\/index.php\/urun\/50-maddede-polisiye-edebiyat\/"},"modified":"2026-04-16T03:03:36","modified_gmt":"2026-04-16T00:03:36","slug":"50-maddede-polisiye-edebiyat","status":"publish","type":"product","link":"https:\/\/roveyayinevi.com.tr\/index.php\/urun\/50-maddede-polisiye-edebiyat\/","title":{"rendered":"50 Maddede Polisiye Edebiyat"},"content":{"rendered":"<p>\u0130lk polisiye eserin Edgar Allan Poe\u2019nun Morgue Soka\u011f\u0131 Cinayetleri oldu\u011fu kabul edilir&#8230; Peki sekizinci y\u00fczy\u0131lda yaz\u0131lm\u0131\u015f, bir \u00c7in hanedan\u0131n\u0131n polisiye maceralar\u0131n\u0131 anlatan \u00f6yk\u00fcleri hi\u00e7 duymu\u015f muydunuz? Felsefeden s\u0131n\u0131fsal farkl\u0131l\u0131klara kadar uzanan geni\u015f bir yelpazeye de\u011finen ama dedektifi insan olmayan bir polisiye seriye denk geldiniz mi? 6-7 Eyl\u00fcl olaylar\u0131na Taksim\u2019de \u015fahit olan, d\u00fcnya polisiyesinin en me\u015fhur ve bir o kadar da gizemli yazarlar\u0131ndan birinin neden o s\u0131rada \u0130stanbul\u2019da oldu\u011funu biliyor musunuz? Polisiye tarihinden pek \u00e7ok enteresan anekdot ve farkl\u0131 \u00fclkelerin polisiye edebiyatlar\u0131n\u0131n geli\u015fimine dair detaylar 50 Maddede Polisiye Edebiyat kitab\u0131nda sizi bekliyor! <\/p>\n","protected":false},"excerpt":{"rendered":"<p>\u0130lk polisiye eserin Edgar Allan Poe\u2019nun Morgue Soka\u011f\u0131 Cinayetleri oldu\u011fu kabul edilir&#8230; Peki sekizinci y\u00fczy\u0131lda yaz\u0131lm\u0131\u015f, bir \u00c7in hanedan\u0131n\u0131n polisiye maceralar\u0131n\u0131 anlatan \u00f6yk\u00fcleri hi\u00e7 duymu\u015f muydunuz?<span class=\"excerpt-hellip\"> [\u2026]<\/span><\/p>\n","protected":false},"featured_media":0,"template":"","meta":{"_monsterinsights_skip_tracking":false,"_monsterinsights_sitenote_active":false,"_monsterinsights_sitenote_note":"","_monsterinsights_sitenote_category":0},"product_brand":[],"product_cat":[13072,12291],"product_tag":[],"class_list":{"0":"post-750233","1":"product","2":"type-product","3":"status-publish","5":"product_cat-arastirma-inceleme-referans","6":"product_cat-edebiyat","7":"pa_cilt-ciltsiz","8":"pa_tur-kitap","9":"pa_yayinevi-kara-karga-yayinlari","10":"pa_yazar-alper-kaya","12":"first","13":"instock","14":"sale","15":"shipping-taxable","16":"purchasable","17":"product-type-simple"},"_links":{"self":[{"href":"https:\/\/roveyayinevi.com.tr\/index.php\/wp-json\/wp\/v2\/product\/750233","targetHints":{"allow":["GET"]}}],"collection":[{"href":"https:\/\/roveyayinevi.com.tr\/index.php\/wp-json\/wp\/v2\/product"}],"about":[{"href":"https:\/\/roveyayinevi.com.tr\/index.php\/wp-json\/wp\/v2\/types\/product"}],"wp:attachment":[{"href":"https:\/\/roveyayinevi.com.tr\/index.php\/wp-json\/wp\/v2\/media?parent=750233"}],"wp:term":[{"taxonomy":"product_brand","embeddable":true,"href":"https:\/\/roveyayinevi.com.tr\/index.php\/wp-json\/wp\/v2\/product_brand?post=750233"},{"taxonomy":"product_cat","embeddable":true,"href":"https:\/\/roveyayinevi.com.tr\/index.php\/wp-json\/wp\/v2\/product_cat?post=750233"},{"taxonomy":"product_tag","embeddable":true,"href":"https:\/\/roveyayinevi.com.tr\/index.php\/wp-json\/wp\/v2\/product_tag?post=750233"}],"curies":[{"name":"wp","href":"https:\/\/api.w.org\/{rel}","templated":true}]}}