{"id":750231,"date":"2025-08-28T04:15:43","date_gmt":"2025-08-28T01:15:43","guid":{"rendered":"https:\/\/roveyayinevi.com.tr\/index.php\/urun\/metristen-meclise-sendikaci-siyasetci\/"},"modified":"2026-04-16T03:03:36","modified_gmt":"2026-04-16T00:03:36","slug":"metristen-meclise-sendikaci-siyasetci","status":"publish","type":"product","link":"https:\/\/roveyayinevi.com.tr\/index.php\/urun\/metristen-meclise-sendikaci-siyasetci\/","title":{"rendered":"Metris&#8217;ten Meclis&#8217;e Sendikac\u0131, Siyaset\u00e7i"},"content":{"rendered":"<p>\u201cMag\u0306lubiyet deg\u0306il ama&#8230; Gelecek kus\u0327aklara u\u0308zerimizdeki yu\u0308ku\u0308 b\u0131rakmak zorunda oldug\u0306umuz ic\u0327in eziklik hissediyorum&#8230; [ama] en az\u0131ndan bu mu\u0308cadeleye kat\u0131ld\u0131g\u0306\u0131m ic\u0327in mutluyum&#8230; Verdig\u0306im mu\u0308cadele onurlu ve dog\u0306ruydu, emeg\u0306i, halk\u0131n insanca kos\u0327ullarda yas\u0327amas\u0131n\u0131 savundum.\u201d Fehmi Is\u0327\u0131klar is\u0327c\u0327ilerin \u201ckendinde s\u0131n\u0131f\u201dtan \u201ckendi ic\u0327in s\u0131n\u0131fa\u201d evrildig\u0306i 1960\u2019lar\u0131n sonunda sendikal mu\u0308cadeleye girdi. Tu\u0308rk-I\u0307s\u0327\u2019in \u201cuzlas\u0327mac\u0131u\u0308cret sendikac\u0131l\u0131g\u0306\u0131\u201d dar gelince \u201cs\u0131n\u0131f ve kitle sendikas\u0131\u201d DI\u0307SK\u2019e kat\u0131ld\u0131. Abdullah Bas\u0327tu\u0308rk\u2019u\u0308n \u201cilerlemecilere\u201d kars\u0327\u0131 genel bas\u0327kan sec\u0327ildig\u0306i 1977 genel kurulunda DI\u0307SK genel sekreteri oldu. 12 Eylu\u0308l darbesinde Metris\u2019te yatt\u0131, idamla yarg\u0131land\u0131. 1987\u2019de Erdal I\u0307no\u0308nu\u0308\u2019nu\u0308n SHP\u2019sinden milletvekili sec\u0327ildi. Paris Ku\u0308rt Konferans\u0131\u2019na kat\u0131ld\u0131klar\u0131 ic\u0327in ihrac\u0327 edilen milletvekillerinin ard\u0131ndan SHP\u2019den istifa etti. \u201cElinde silah olan hic\u0327 kimseyi mutlu etmedi\u201d diyerek and\u0131g\u0306\u0131, Ku\u0308rt hareketinin ilk yasal siyasi partisi HEP\u2019in genel bas\u0327kan\u0131 oldu. HEP\u2019in sec\u0327imlere girmesi engellenince SHP listesinden Diyarbak\u0131r milletvekili oldu, TBMM bas\u0327kanvekillig\u0306i yapt\u0131. \u201cKu\u0308rtc\u0327e yemin krizi\u201dnde SHP\u2019de kalmas\u0131na rag\u0306men HEP kapat\u0131ld\u0131g\u0306\u0131nda milletvekillig\u0306i du\u0308s\u0327u\u0308ru\u0308ldu\u0308. SHP ve birles\u0327me sonras\u0131 CHP genel bas\u0327kan yard\u0131mc\u0131l\u0131g\u0306\u0131 yapt\u0131. Baykal\u2019\u0131n \u201cele gec\u0327irmesinin\u201d ard\u0131ndan partiden uzaklas\u0327t\u0131. Fehmi Is\u0327\u0131klar bu so\u0308yles\u0327ide; \u201cSeydis\u0327ehir Alu\u0308minyum\u201d toplu so\u0308zles\u0327mesinden \u201cTARI\u0307S\u0327 grevi\u201dne, \u201cOtag\u0306-\u0131 Hu\u0308mayun\u201d is\u0327kencelerinden Diyarbak\u0131r-Metris hu\u0308crelerine, Meclis ku\u0308rsu\u0308su\u0308nden mahkeme salonlar\u0131na sendika ve siyasette yas\u0327ad\u0131klar\u0131n\u0131 siyasetbilimci Ekin Kadir Selc\u0327uk\u2019a anlat\u0131yor. <\/p>\n","protected":false},"excerpt":{"rendered":"<p>\u201cMag\u0306lubiyet deg\u0306il ama&#8230; Gelecek kus\u0327aklara u\u0308zerimizdeki yu\u0308ku\u0308 b\u0131rakmak zorunda oldug\u0306umuz ic\u0327in eziklik hissediyorum&#8230; [ama] en az\u0131ndan bu mu\u0308cadeleye kat\u0131ld\u0131g\u0306\u0131m ic\u0327in mutluyum&#8230; Verdig\u0306im mu\u0308cadele onurlu ve dog\u0306ruydu,<span class=\"excerpt-hellip\"> [\u2026]<\/span><\/p>\n","protected":false},"featured_media":0,"template":"","meta":{"_monsterinsights_skip_tracking":false,"_monsterinsights_sitenote_active":false,"_monsterinsights_sitenote_note":"","_monsterinsights_sitenote_category":0},"product_brand":[],"product_cat":[12337,14543],"product_tag":[],"class_list":{"0":"post-750231","1":"product","2":"type-product","3":"status-publish","5":"product_cat-politika-siyaset","6":"product_cat-turkiye-siyaseti-ve-politikasi","7":"pa_cilt-ciltsiz","8":"pa_tur-kitap","9":"pa_yayinevi-iletisim-yayinlari","10":"pa_yazar-fehmi-isiklar","12":"first","13":"instock","14":"sale","15":"shipping-taxable","16":"purchasable","17":"product-type-simple"},"_links":{"self":[{"href":"https:\/\/roveyayinevi.com.tr\/index.php\/wp-json\/wp\/v2\/product\/750231","targetHints":{"allow":["GET"]}}],"collection":[{"href":"https:\/\/roveyayinevi.com.tr\/index.php\/wp-json\/wp\/v2\/product"}],"about":[{"href":"https:\/\/roveyayinevi.com.tr\/index.php\/wp-json\/wp\/v2\/types\/product"}],"wp:attachment":[{"href":"https:\/\/roveyayinevi.com.tr\/index.php\/wp-json\/wp\/v2\/media?parent=750231"}],"wp:term":[{"taxonomy":"product_brand","embeddable":true,"href":"https:\/\/roveyayinevi.com.tr\/index.php\/wp-json\/wp\/v2\/product_brand?post=750231"},{"taxonomy":"product_cat","embeddable":true,"href":"https:\/\/roveyayinevi.com.tr\/index.php\/wp-json\/wp\/v2\/product_cat?post=750231"},{"taxonomy":"product_tag","embeddable":true,"href":"https:\/\/roveyayinevi.com.tr\/index.php\/wp-json\/wp\/v2\/product_tag?post=750231"}],"curies":[{"name":"wp","href":"https:\/\/api.w.org\/{rel}","templated":true}]}}