{"id":750229,"date":"2025-08-28T04:15:11","date_gmt":"2025-08-28T01:15:11","guid":{"rendered":"https:\/\/roveyayinevi.com.tr\/index.php\/urun\/sen-olmadan-var-olmaz\/"},"modified":"2026-04-16T03:03:36","modified_gmt":"2026-04-16T00:03:36","slug":"sen-olmadan-var-olmaz","status":"publish","type":"product","link":"https:\/\/roveyayinevi.com.tr\/index.php\/urun\/sen-olmadan-var-olmaz\/","title":{"rendered":"Sen Olmadan Var Olmaz"},"content":{"rendered":"<p>Hepimizin en temel meselesi varolmak. \u00c7ocuklar ise bu kutsal m\u00fccadele i\u00e7in do\u011fuyor. Bir \u00e7ocu\u011fun var olma yolculu\u011fu ise sevdiklerinin, \u00f6nemsediklerinin g\u00f6z\u00fcnde kendini g\u00f6rerek geli\u015fiyor. Anne-babalar ve e\u011fitimciler i\u015fte bu d\u00f6n\u00fcp bak\u0131lan ilk g\u00f6zlerin ve bu nedenle de \u00e7ok \u00f6nemli bir g\u00f6revin sahibi. Bu yolculu\u011fa e\u015flik etmek ve kolayla\u015ft\u0131rmak veya bu yolculu\u011fu \u00e7ocuk ve olaca\u011f\u0131 yeti\u015fkin i\u00e7in zorla\u015ft\u0131rmak m\u00fcmk\u00fcn. Bu kitapta, Merve Sancar bu yolda yap\u0131lan se\u00e7imlerin nas\u0131l bir gelecek yaratabilece\u011fini anlat\u0131yor, iyi niyetle \u00e7ocu\u011fa yakla\u015fmak, geli\u015fimine katk\u0131 koymak isteyenlere bir i\u00e7g\u00f6r\u00fc kazand\u0131rmaya \u00e7al\u0131\u015f\u0131yor. (Polat Do\u011fru) <\/p>\n","protected":false},"excerpt":{"rendered":"<p>Hepimizin en temel meselesi varolmak. \u00c7ocuklar ise bu kutsal m\u00fccadele i\u00e7in do\u011fuyor. Bir \u00e7ocu\u011fun var olma yolculu\u011fu ise sevdiklerinin, \u00f6nemsediklerinin g\u00f6z\u00fcnde kendini g\u00f6rerek geli\u015fiyor. Anne-babalar ve<span class=\"excerpt-hellip\"> [\u2026]<\/span><\/p>\n","protected":false},"featured_media":0,"template":"","meta":{"_monsterinsights_skip_tracking":false,"_monsterinsights_sitenote_active":false,"_monsterinsights_sitenote_note":"","_monsterinsights_sitenote_category":0},"product_brand":[],"product_cat":[26509,13365],"product_tag":[],"class_list":{"0":"post-750229","1":"product","2":"type-product","3":"status-publish","5":"product_cat-cocuk-gelisimi","6":"product_cat-saglik","7":"pa_cilt-ciltsiz","8":"pa_tur-kitap","9":"pa_yayinevi-defne-yayinevi","10":"pa_yazar-merve-sancar","12":"first","13":"instock","14":"sale","15":"shipping-taxable","16":"purchasable","17":"product-type-simple"},"_links":{"self":[{"href":"https:\/\/roveyayinevi.com.tr\/index.php\/wp-json\/wp\/v2\/product\/750229","targetHints":{"allow":["GET"]}}],"collection":[{"href":"https:\/\/roveyayinevi.com.tr\/index.php\/wp-json\/wp\/v2\/product"}],"about":[{"href":"https:\/\/roveyayinevi.com.tr\/index.php\/wp-json\/wp\/v2\/types\/product"}],"wp:attachment":[{"href":"https:\/\/roveyayinevi.com.tr\/index.php\/wp-json\/wp\/v2\/media?parent=750229"}],"wp:term":[{"taxonomy":"product_brand","embeddable":true,"href":"https:\/\/roveyayinevi.com.tr\/index.php\/wp-json\/wp\/v2\/product_brand?post=750229"},{"taxonomy":"product_cat","embeddable":true,"href":"https:\/\/roveyayinevi.com.tr\/index.php\/wp-json\/wp\/v2\/product_cat?post=750229"},{"taxonomy":"product_tag","embeddable":true,"href":"https:\/\/roveyayinevi.com.tr\/index.php\/wp-json\/wp\/v2\/product_tag?post=750229"}],"curies":[{"name":"wp","href":"https:\/\/api.w.org\/{rel}","templated":true}]}}