{"id":750224,"date":"2025-08-28T04:15:04","date_gmt":"2025-08-28T01:15:04","guid":{"rendered":"https:\/\/roveyayinevi.com.tr\/index.php\/urun\/benim-kuran-i-kerim-sozlugum-fleksi-cilt\/"},"modified":"2026-04-16T03:03:35","modified_gmt":"2026-04-16T00:03:35","slug":"benim-kuran-i-kerim-sozlugum-fleksi-cilt","status":"publish","type":"product","link":"https:\/\/roveyayinevi.com.tr\/index.php\/urun\/benim-kuran-i-kerim-sozlugum-fleksi-cilt\/","title":{"rendered":"Benim Kur&#8217;an-\u0131 Kerim S\u00f6zl\u00fc\u011f\u00fcm (Fleksi Cilt)"},"content":{"rendered":"<p>Kur&#8217;an bizlere yol g\u00f6steren ve m\u00fcthi\u015f bilgiler bar\u0131nd\u0131ran bir hazinedir. Ondan daha fazla faydalabilmek bizleri ad\u0131m ad\u0131m g\u00fczel bir hayata ilerletecektir.  S\u00f6zl\u00fc\u011f\u00fcn birinci b\u00f6l\u00fcm\u00fcnde Kur&#8217;an&#8217;da ge\u00e7en ki\u015fi, yer, olay ve kavramlarla ilgili kelimelerin a\u00e7\u0131klamas\u0131na ula\u015facaks\u0131n\u0131z. \u0130kinci b\u00f6l\u00fcm\u00fcnde ise \u201cK\u0131sa S\u00fbreler\u201dde ge\u00e7en kelimelerin anlamlar\u0131n\u0131 ve s\u00fbreler hakk\u0131nda detayl\u0131 bilgiyi bulacaks\u0131n\u0131z. <\/p>\n","protected":false},"excerpt":{"rendered":"<p>Kur&#8217;an bizlere yol g\u00f6steren ve m\u00fcthi\u015f bilgiler bar\u0131nd\u0131ran bir hazinedir. Ondan daha fazla faydalabilmek bizleri ad\u0131m ad\u0131m g\u00fczel bir hayata ilerletecektir. S\u00f6zl\u00fc\u011f\u00fcn birinci b\u00f6l\u00fcm\u00fcnde Kur&#8217;an&#8217;da ge\u00e7en<span class=\"excerpt-hellip\"> [\u2026]<\/span><\/p>\n","protected":false},"featured_media":0,"template":"","meta":{"_monsterinsights_skip_tracking":false,"_monsterinsights_sitenote_active":false,"_monsterinsights_sitenote_note":"","_monsterinsights_sitenote_category":0},"product_brand":[],"product_cat":[12566,13611],"product_tag":[],"class_list":{"0":"post-750224","1":"product","2":"type-product","3":"status-publish","5":"product_cat-egitim","6":"product_cat-sozlukler-ve-konusma-kilavuzlari","7":"pa_cilt-ciltsiz","8":"pa_tur-kitap","9":"pa_yayinevi-gulce-kitap","10":"pa_yazar-nuriye-celegen","12":"first","13":"instock","14":"sale","15":"shipping-taxable","16":"purchasable","17":"product-type-simple"},"_links":{"self":[{"href":"https:\/\/roveyayinevi.com.tr\/index.php\/wp-json\/wp\/v2\/product\/750224","targetHints":{"allow":["GET"]}}],"collection":[{"href":"https:\/\/roveyayinevi.com.tr\/index.php\/wp-json\/wp\/v2\/product"}],"about":[{"href":"https:\/\/roveyayinevi.com.tr\/index.php\/wp-json\/wp\/v2\/types\/product"}],"wp:attachment":[{"href":"https:\/\/roveyayinevi.com.tr\/index.php\/wp-json\/wp\/v2\/media?parent=750224"}],"wp:term":[{"taxonomy":"product_brand","embeddable":true,"href":"https:\/\/roveyayinevi.com.tr\/index.php\/wp-json\/wp\/v2\/product_brand?post=750224"},{"taxonomy":"product_cat","embeddable":true,"href":"https:\/\/roveyayinevi.com.tr\/index.php\/wp-json\/wp\/v2\/product_cat?post=750224"},{"taxonomy":"product_tag","embeddable":true,"href":"https:\/\/roveyayinevi.com.tr\/index.php\/wp-json\/wp\/v2\/product_tag?post=750224"}],"curies":[{"name":"wp","href":"https:\/\/api.w.org\/{rel}","templated":true}]}}