{"id":750219,"date":"2025-08-28T04:14:56","date_gmt":"2025-08-28T01:14:56","guid":{"rendered":"https:\/\/roveyayinevi.com.tr\/index.php\/urun\/internetimizii-geri-almanin-yolu\/"},"modified":"2026-04-16T03:03:35","modified_gmt":"2026-04-16T00:03:35","slug":"internetimizii-geri-almanin-yolu","status":"publish","type":"product","link":"https:\/\/roveyayinevi.com.tr\/index.php\/urun\/internetimizii-geri-almanin-yolu\/","title":{"rendered":"\u0130nternetimizii Geri Alman\u0131n Yolu"},"content":{"rendered":"<p>\u201cAg\u0306 nostaljisine kap\u0131lmak istemiyorsak ve uyumlu, kimlig\u0306i esas alan topluluk inanc\u0327lar\u0131n\u0131 methetmeyi reddediyorsak, platform mant\u0131g\u0306\u0131ndan nas\u0131l uzaklas\u0327abilir, bes\u0327 milyar kullan\u0131c\u0131ya ev sahiplig\u0306i yapan bir medyaya uygun yeni tekno-sosyallig\u0306in bic\u0327imlerini nas\u0131l yaratabiliriz?O as\u0327amaya gelebilmemiz ic\u0327in Platform Meselesini siyasallas\u0327t\u0131r\u0131p deneylere bas\u0327lamam\u0131z gerekir. Du\u0308zenleyici rejimlerin on y\u0131llard\u0131r zay\u0131f du\u0308s\u0327tu\u0308g\u0306u\u0308, siyaset erbab\u0131n\u0131n da bir sonraki sec\u0327imler ic\u0327in platformlara muhtac\u0327 oldug\u0306u du\u0308s\u0327u\u0308nu\u0308lu\u0308rse, mesele daha umutsuz olmasa da daha acil bir hal al\u0131yor. \u2018I\u0307nternet mimarisi\u2019 ku\u0308resel gu\u0308ndemde hic\u0327 yer ald\u0131 m\u0131, bilmiyoruz ama s\u0327u anda gu\u0308ndemde olmad\u0131g\u0306\u0131 kesin. Benim tezim ise s\u0327u: Platform sosyalizmi platformu kucaklamamal\u0131, lag\u0306vetmelidir.\u201d Sosyal medya diye bildig\u0306imiz platformlar milyarlarca insan\u0131n gu\u0308ndelik rutininin bu\u0308yu\u0308k bir k\u0131sm\u0131n\u0131 is\u0327gal ediyor. Bunu da ad\u0131 u\u0308zerinde bir \u201cag\u0306\u201d gibi gu\u0308ndelik pek c\u0327ok is\u0327levi birbirine bag\u0306layarak, denetleyerek, tes\u0327vik ederek ve hep daha fazlas\u0131n\u0131 talep ederek yap\u0131yor. Bu dijital ag\u0306 ku\u0308ltu\u0308ru\u0308nu\u0308n hayat\u0131 kolaylas\u0327t\u0131rd\u0131g\u0306\u0131n\u0131 ve h\u0131zland\u0131rd\u0131g\u0306\u0131n\u0131 iddia edenler kadar platformlar\u0131n arkas\u0131ndaki iktisadi mant\u0131g\u0306a, reklam endu\u0308strisine ve tu\u0308ketim ku\u0308ltu\u0308ru\u0308nu\u0308n yeniden u\u0308retimine dikkat c\u0327ekip toplumsal yas\u0327am\u0131 daraltan etkilerini eles\u0327tirenler de var. Uzun y\u0131llard\u0131r ag\u0306 ku\u0308ltu\u0308ru\u0308 ve medya hakk\u0131nda o\u0308nemli yay\u0131nlar yapan Geert Lovink, I\u0307nternetimizi Geri Alman\u0131n Yolu: Platformdan Kac\u0327\u0131s\u0327\u2019ta interneti yeniden \u201cbizim\u201d k\u0131lmak ic\u0327in platformlar\u0131n tekelles\u0327mis\u0327 ku\u0308ltu\u0308ru\u0308nden bir kac\u0327\u0131s\u0327 o\u0308neriyor ve \u201cbas\u0327ka bir ag\u0306 ku\u0308ltu\u0308ru\u0308\u201d mu\u0308mku\u0308n diyor<\/p>\n","protected":false},"excerpt":{"rendered":"<p>\u201cAg\u0306 nostaljisine kap\u0131lmak istemiyorsak ve uyumlu, kimlig\u0306i esas alan topluluk inanc\u0327lar\u0131n\u0131 methetmeyi reddediyorsak, platform mant\u0131g\u0306\u0131ndan nas\u0131l uzaklas\u0327abilir, bes\u0327 milyar kullan\u0131c\u0131ya ev sahiplig\u0306i yapan bir medyaya uygun<span class=\"excerpt-hellip\"> [\u2026]<\/span><\/p>\n","protected":false},"featured_media":0,"template":"","meta":{"_monsterinsights_skip_tracking":false,"_monsterinsights_sitenote_active":false,"_monsterinsights_sitenote_note":"","_monsterinsights_sitenote_category":0},"product_brand":[],"product_cat":[15983,13488],"product_tag":[],"class_list":{"0":"post-750219","1":"product","2":"type-product","3":"status-publish","5":"product_cat-iletisim-ve-medya","6":"product_cat-toplum-ve-insan","7":"pa_cilt-ciltsiz","8":"pa_tur-kitap","9":"pa_yayinevi-iletisim-yayinlari","10":"pa_yazar-geert-lovink","12":"first","13":"instock","14":"sale","15":"shipping-taxable","16":"purchasable","17":"product-type-simple"},"_links":{"self":[{"href":"https:\/\/roveyayinevi.com.tr\/index.php\/wp-json\/wp\/v2\/product\/750219","targetHints":{"allow":["GET"]}}],"collection":[{"href":"https:\/\/roveyayinevi.com.tr\/index.php\/wp-json\/wp\/v2\/product"}],"about":[{"href":"https:\/\/roveyayinevi.com.tr\/index.php\/wp-json\/wp\/v2\/types\/product"}],"wp:attachment":[{"href":"https:\/\/roveyayinevi.com.tr\/index.php\/wp-json\/wp\/v2\/media?parent=750219"}],"wp:term":[{"taxonomy":"product_brand","embeddable":true,"href":"https:\/\/roveyayinevi.com.tr\/index.php\/wp-json\/wp\/v2\/product_brand?post=750219"},{"taxonomy":"product_cat","embeddable":true,"href":"https:\/\/roveyayinevi.com.tr\/index.php\/wp-json\/wp\/v2\/product_cat?post=750219"},{"taxonomy":"product_tag","embeddable":true,"href":"https:\/\/roveyayinevi.com.tr\/index.php\/wp-json\/wp\/v2\/product_tag?post=750219"}],"curies":[{"name":"wp","href":"https:\/\/api.w.org\/{rel}","templated":true}]}}