{"id":750216,"date":"2025-08-28T04:14:53","date_gmt":"2025-08-28T01:14:53","guid":{"rendered":"https:\/\/roveyayinevi.com.tr\/index.php\/urun\/ilk-hucre-ve-sonuna-kadar-kanserin-pesini-birakmamanin-insana-bedelleri\/"},"modified":"2026-04-16T03:03:35","modified_gmt":"2026-04-16T00:03:35","slug":"ilk-hucre-ve-sonuna-kadar-kanserin-pesini-birakmamanin-insana-bedelleri","status":"publish","type":"product","link":"https:\/\/roveyayinevi.com.tr\/index.php\/urun\/ilk-hucre-ve-sonuna-kadar-kanserin-pesini-birakmamanin-insana-bedelleri\/","title":{"rendered":"\u0130lk H\u00fccre Ve Sonuna Kadar Kanserin Pe\u015fini B\u0131rakmaman\u0131n \u0130nsana Bedelleri"},"content":{"rendered":"<p>D\u00fcnya \u00e7ap\u0131nda \u00fcnl\u00fc onkolog, kanserin mevcut durumunu ve kendisi de d\u00e2hil olmak \u00fczere insanlar \u00fczerindeki y\u0131k\u0131c\u0131 etkisini de\u011ferlendiriyor.Azra Raza \u00e7oksatan \u0130lk H\u00fccre kitab\u0131nda hem t\u0131bb\u0131n kanser tedavisi anlay\u0131\u015f\u0131ndaki hem de toplumumuzun kansere kar\u015f\u0131 yakla\u015f\u0131m\u0131ndaki yanl\u0131\u015flar, nas\u0131l daha iyisini yapabilece\u011fimiz ve bunu neden yapmam\u0131z gerekti\u011fi konusuna son derece g\u00fc\u00e7l\u00fc bir a\u00e7\u0131klama getiriyor. Umuttan \u00e7aresizli\u011fe ve tekrar umuda do\u011fru \u015fiirsel bir yolculuk olarak tarif edilebilecek \u0130lk H\u00fccre kitab\u0131nda kanser her a\u00e7\u0131dan (t\u0131bbi, bilimsel, k\u00fclt\u00fcrel ve ki\u015fisel) ke\u015ffediliyor. \u00c7al\u0131\u015fmalar\u0131yla \u00e7ok say\u0131da \u00f6d\u00fcle lay\u0131k g\u00f6r\u00fclen Dr. Raza\u2019n\u0131n, l\u00f6semiye boyun e\u011fen e\u015finin onkolo\u011fu olman\u0131n korkun\u00e7 y\u00fck\u00fcn\u00fc nas\u0131l s\u0131rtland\u0131\u011f\u0131n\u0131 da anlatt\u0131\u011f\u0131 \u0130lk H\u00fccre s\u0131radan bir t\u0131p kitab\u0131 de\u011fil, dayan\u0131lmaz olan\u0131 dayan\u0131lacak hale getirmeye hayat\u0131n\u0131 adam\u0131\u015f bir yazar\u0131n kaleminden \u00e7\u0131km\u0131\u015f bir merhamet ve bilgelik eseridir\u2026  \u201cBir g\u00fcn kanserin tarihi yaz\u0131ld\u0131\u011f\u0131nda, Raza\u2019n\u0131n kitab\u0131 zafere giden yolu ayd\u0131nlatan mihenk ta\u015flar\u0131ndan biri olacak.\u201d Amanda Foreman \u201c\u0130lk H\u00fccre \u015fiirsel anekdotlar ile otoritelerden al\u0131nt\u0131lar\u0131 m\u00fcthi\u015f bir harmoniyle \u00f6ren, hastalar\u0131n \u0131zd\u0131rab\u0131n\u0131 t\u0131bbi inovasyonun \u00f6n plan\u0131na dokuyan bir eser. Raza kanserin korkun\u00e7 dans\u0131n\u0131n karma\u015f\u0131k koreografisini ustaca a\u00e7\u0131kl\u0131yor ve kanser tedavisini yirminci y\u00fczy\u0131ldan yirmi birinci y\u00fczy\u0131la ta\u015f\u0131yacak harika teklifini sunuyor.\u201d Tina Brown \u201cAzra Raza en az otuz y\u0131ll\u0131k klinik uygulamas\u0131ndan dam\u0131t\u0131lm\u0131\u015f bilgeli\u011fi ve \u015fairane hassasiyetiyle, hastalar\u0131 bekleyen sonu\u00e7lar\u0131 iyile\u015ftirmenin anahtar\u0131n\u0131n, kanserin herhangi bir terapinin ba\u015f edemeyece\u011fi kadar karma\u015f\u0131kla\u015fmadan \u00f6nce erkenden te\u015fhis ve tedavi edilmesi oldu\u011funa dair b\u00fcy\u00fcleyici arg\u00fcman\u0131n\u0131 ortaya at\u0131yor.\u201d Uzm. Dr. David Steensma  \u201cZarif bir \u015fekilde tasarlanm\u0131\u015f, etkileyici bir dille yaz\u0131lm\u0131\u015f ve kanserle ilgili g\u00fcndemi gelecek onlarca y\u0131l boyunca de\u011fi\u015ftirecek geni\u015f kapsaml\u0131 bir eser.\u201d Siddhartha Mukherjee \u201c\u0130lk H\u00fccre daha en ba\u015f\u0131nda \u00e7evremizi karsinojenlerle dolduran vurgunculu\u011fu da kanser tedavisinden k\u00e2r sa\u011flayanlar\u0131 da sorguluyor. Raza olmas\u0131 gereken odak noktas\u0131n\u0131 vurguluyor: \u00f6nlem ve erken tespit.\u201d Gloria Steinem \u201cMerhametin kanser hastalar\u0131 i\u00e7in uygulanan ila\u00e7 tedavileri kadar \u00f6nemli oldu\u011funu g\u00f6steren Raza\u2019n\u0131n bu son derece ki\u015fisel eseri, ham bilimsel a\u00e7\u0131klamalar\u0131n hi\u00e7bir zaman yapamayaca\u011f\u0131 bir empati uyand\u0131r\u0131yor.\u201d Publishers Weekly \u201cKanseri yenenlerden biri olarak, Dr. Raza\u2019n\u0131n erken tespit i\u00e7in daha fazla eylem \u00e7a\u011fr\u0131s\u0131nda bulunmas\u0131n\u0131n ne kadar hayati bir \u00f6nemi oldu\u011funa \u015fahidim. K\u00e2r odakl\u0131 bir d\u00fcnyada hastalar\u0131n\u0131 \u00f6n planda tutan bir doktorun kaleme ald\u0131\u011f\u0131 bir kitap bu.\u201d Ruchira Gupta \u201cBu kitab\u0131n en iyi y\u00f6nlerinden biri, hastal\u0131kla ba\u015f etme \u00e7abalar\u0131n\u0131 sava\u015f ya da m\u00fccadele ba\u011flam\u0131nda de\u011fil, daha merhametli, bilimsel ve ger\u00e7ek\u00e7i bir pencereden g\u00f6rmemiz gerekti\u011fini savunmas\u0131. Bir kanser hastas\u0131 olarak, Raza\u2019n\u0131n i\u00e7ten yakla\u015f\u0131m\u0131 ger\u00e7ek anlamda moralimi y\u00fckseltti.\u201d Do\u00e7. Dr. Robert Meyer ve Dan Koeppel, LitHub \u201cEdebiyat\u0131n ve hayat\u0131n, bilimin ve son kanser ara\u015ft\u0131rmalar\u0131n\u0131n i\u00e7 i\u00e7e ge\u00e7ti\u011fi, insanlar\u0131n zaman\u0131m\u0131z\u0131n en trajik katiline dair anlay\u0131\u015f\u0131n\u0131 radikal bir bi\u00e7imde de\u011fi\u015ftiren bir eser.\u201d Rafia Zakaria \u201cRaza, zarif edeb\u00ee al\u0131nt\u0131larla ve hastalar ile aileleri aras\u0131ndaki etkile\u015fimi derinden ki\u015fiselle\u015ftiren bir merhametle, okurlar\u0131 daha iyi bir yol bulmaya te\u015fvik ediyor. Zek\u00e2, empati ve iyimserlik, g\u00fcn\u00fcm\u00fczde h\u00e2l\u00e2 \u00e7ekilen ac\u0131lar\u0131n giderilmesi i\u00e7in yeni kanser ara\u015ft\u0131rmalar\u0131 gerekti\u011fi arg\u00fcman\u0131n\u0131 destekliyor.\u201d Kirkus\u201c\u00c7o\u011fu insan\u0131n korku listesindeki en korkun\u00e7 hastal\u0131\u011f\u0131 tedavi etmede ne durumda oldu\u011fumuza dair etkileyici, b\u00fcy\u00fcleyici, zamans\u0131z ve son derece d\u00fcr\u00fcst bir bak\u0131\u015f sunuyor.\u201d Steven Pinker, Harvard \u00dcniversitesi Johnstone Psikoloji Profes\u00f6r\u00fc\u201cRaza cevaplamas\u0131 zor sorular soruyor&#8230; ve insanlar\u0131 kansere kar\u015f\u0131 verilen sava\u015fta yeni bir paradigma aray\u0131\u015f\u0131na girmeye te\u015fvik etmeyi umuyor.\u201dHenry Marsh, beyin ve sinir cerrah\u0131\u201cGer\u00e7ek hik\u00e2yelerin, y\u00fcrek burkan an\u0131lar\u0131n ve sert ele\u015ftirilerin harmonisi\u2026\u201dNature\u201cKanser ara\u015ft\u0131rmac\u0131lar\u0131n\u0131n yazd\u0131\u011f\u0131 sava\u015f anlat\u0131lar\u0131na al\u0131\u015fk\u0131n\u0131z. Doktorlar, sava\u015f\u00e7\u0131 hastalar\u0131yla birlikte cephede bulunan generaller. \u0130lerleme yava\u015f olsa da sava\u015f a\u015fama a\u015fama kazan\u0131l\u0131yor. Ama bu kitap ba\u015fka bir hik\u00e2ye anlat\u0131yor. \u0130la\u00e7lar \u00f6mr\u00fc yaln\u0131zca ac\u0131 dolu birka\u00e7 hafta daha uzatt\u0131\u011f\u0131 i\u00e7in ba\u015far\u0131l\u0131 addediliyor. En iyi klinisyenler genellikle, \u00f6\u011frenciyken geriye d\u00f6n\u00fcp bak\u0131nca utan\u00e7 duyacaklar\u0131n\u0131 d\u00fc\u015f\u00fcnd\u00fckleri ilkel kesme-zehirleme-yakma kombinasyonuyla idare etmek zorunda kal\u0131yor. Ismarlama genetik tedavilerin \u00e7ok ciddi k\u0131s\u0131tlamalar\u0131 var. Raza bir sava\u015f vermiyor. Diren\u00e7li ve dinamik bir d\u00fc\u015fmanla m\u00fczakerelerde bulunuyor. \u00c7at\u0131\u015fma terimlerini de\u011fi\u015ftirmek istiyor. Final m\u00fccadelesi vermek yerine ilk anormal h\u00fccreleri avlamaktan bahsediyor. Bu kitap tutkulu bir proje, ki\u015fisel bir hik\u00e2ye, bilimsel bir teklif ve basit\u00e7e ifade etmek gerekirse, okuyaca\u011f\u0131n\u0131z en b\u00fcy\u00fcleyici kitaplardan biri. Standart s\u00f6ylemi alt\u00fcst ediyor ve yepyeni bir s\u00f6ylem yarat\u0131yor. \u0130\u015fe yar\u0131yor. Sonuna geldi\u011finizde onun devriminde sizin de imzan\u0131z olsun isteyeceksiniz.\u201d Sherry Turkle, MIT\u2019de Abby Rockefeller Mauz\u00e9 Profes\u00f6r\u00fc\u201cHem \u00f6nde gelen bir kanser uzman\u0131n\u0131n hem de hastalar\u0131na de\u011fer veren, hayat\u0131n\u0131 onlara adam\u0131\u015f bir klinisyenin g\u00fczel kaleminden \u00e7\u0131km\u0131\u015f m\u00fcthi\u015f bir eser.\u201d Peter D. Kramer, psikiyatrist ve \u00f6\u011fretim \u00fcyesi\u201cAzra Raza onkoloji alan\u0131nda bir titan olarak nam sald\u0131. Belki de daha az bilinen \u015fey, onun ayn\u0131 zamanda ne kadar hassas ve tutkulu bir yazar oldu\u011fuydu. Raza, \u0130lk H\u00fccre kitab\u0131nda bilimi ve insan\u0131, t\u0131bb\u0131 ve sanat\u0131 bir araya getirerek hepimizin hayat\u0131na dokunan bir \u015feye e\u015fsiz bir bak\u0131\u015f sunuyor; bize hem umut etmemiz hem de kederlenmemiz i\u00e7in sebepler sunuyor.\u201d  Mohsin Hamid, G\u00f6n\u00fcls\u00fcz K\u00f6ktendinci ve Bat\u0131 \u00c7\u0131k\u0131\u015f\u0131\u2019n\u0131n yazar\u0131<\/p>\n","protected":false},"excerpt":{"rendered":"<p>D\u00fcnya \u00e7ap\u0131nda \u00fcnl\u00fc onkolog, kanserin mevcut durumunu ve kendisi de d\u00e2hil olmak \u00fczere insanlar \u00fczerindeki y\u0131k\u0131c\u0131 etkisini de\u011ferlendiriyor.Azra Raza \u00e7oksatan \u0130lk H\u00fccre kitab\u0131nda hem t\u0131bb\u0131n kanser<span class=\"excerpt-hellip\"> [\u2026]<\/span><\/p>\n","protected":false},"featured_media":0,"template":"","meta":{"_monsterinsights_skip_tracking":false,"_monsterinsights_sitenote_active":false,"_monsterinsights_sitenote_note":"","_monsterinsights_sitenote_category":0},"product_brand":[],"product_cat":[24520,13365],"product_tag":[],"class_list":{"0":"post-750216","1":"product","2":"type-product","3":"status-publish","5":"product_cat-aile-sagligi","6":"product_cat-saglik","7":"pa_cilt-ciltsiz","8":"pa_tur-kitap","9":"pa_yayinevi-pegasus-yayinlari","10":"pa_yazar-azra-raza","12":"first","13":"instock","14":"sale","15":"shipping-taxable","16":"purchasable","17":"product-type-simple"},"_links":{"self":[{"href":"https:\/\/roveyayinevi.com.tr\/index.php\/wp-json\/wp\/v2\/product\/750216","targetHints":{"allow":["GET"]}}],"collection":[{"href":"https:\/\/roveyayinevi.com.tr\/index.php\/wp-json\/wp\/v2\/product"}],"about":[{"href":"https:\/\/roveyayinevi.com.tr\/index.php\/wp-json\/wp\/v2\/types\/product"}],"wp:attachment":[{"href":"https:\/\/roveyayinevi.com.tr\/index.php\/wp-json\/wp\/v2\/media?parent=750216"}],"wp:term":[{"taxonomy":"product_brand","embeddable":true,"href":"https:\/\/roveyayinevi.com.tr\/index.php\/wp-json\/wp\/v2\/product_brand?post=750216"},{"taxonomy":"product_cat","embeddable":true,"href":"https:\/\/roveyayinevi.com.tr\/index.php\/wp-json\/wp\/v2\/product_cat?post=750216"},{"taxonomy":"product_tag","embeddable":true,"href":"https:\/\/roveyayinevi.com.tr\/index.php\/wp-json\/wp\/v2\/product_tag?post=750216"}],"curies":[{"name":"wp","href":"https:\/\/api.w.org\/{rel}","templated":true}]}}