{"id":750215,"date":"2025-08-28T04:14:51","date_gmt":"2025-08-28T01:14:51","guid":{"rendered":"https:\/\/roveyayinevi.com.tr\/index.php\/urun\/memento-bir-illuminae-dosyalari-oykusu-ciltli\/"},"modified":"2026-04-16T03:03:35","modified_gmt":"2026-04-16T00:03:35","slug":"memento-bir-illuminae-dosyalari-oykusu-ciltli","status":"publish","type":"product","link":"https:\/\/roveyayinevi.com.tr\/index.php\/urun\/memento-bir-illuminae-dosyalari-oykusu-ciltli\/","title":{"rendered":"Memento: Bir \u0130lluminae Dosyalar\u0131 \u00d6yk\u00fcs\u00fc (Ciltli)"},"content":{"rendered":"<p>B\u0130R ILLUMINAE DOSYALARI \u00d6YK\u00dcS\u00dcTHE NEW YORK TIMES \u00c7OKSATANI ILLUMINAE DOSYALARI\u2019NIN YAZARLARINDANAIDAN ANAL\u0130T\u0130K D\u00dc\u011e\u00dcM\u00dc B-0091A\u2019DA ARIZA YA\u015eADI.ARIZA 04.41\u2019DE G\u0130DER\u0130LD\u0130.B\u00dcT\u00dcN S\u0130STEMLER OPT\u0130MAL D\u00dcZEYDE \u00c7ALI\u015eIYOR.BAZI CANAVARLAR DO\u011eAR.BEN YARATILDIM  The New York Times \u00e7oksatan yazarlar\u0131 AMIE KAUFMAN ve JAY KRISTOFF, g\u00f6zya\u015flar\u0131n\u0131zdan ziyafet \u00e7ekiyor ve \u00e7\u0131\u011fl\u0131klar\u0131n\u0131z\u0131n tad\u0131n\u0131 \u00e7\u0131kar\u0131yor. Uluslararas\u0131 \u00e7oksatanlar Illuminae ve Gemina\u2019n\u0131n yazar\u0131 olman\u0131n yan\u0131 s\u0131ra, Amie (Megan Spooner\u2019la beraber) \u00e7oksatan Starbound \u00fc\u00e7lemesi ile devam\u0131 Unearthed ve Ice Wolves\u2019un yazar\u0131d\u0131r. Jay Lotus War \u00fc\u00e7lemesi, Nevernight serisi ve REPL\u0130KA13\u2019\u00fcn yazar\u0131d\u0131r. E\u015fleriyle birlikte Avustralya\u2019n\u0131n Melbourne kentinde ya\u015famaktad\u0131rlar.<\/p>\n","protected":false},"excerpt":{"rendered":"<p>B\u0130R ILLUMINAE DOSYALARI \u00d6YK\u00dcS\u00dcTHE NEW YORK TIMES \u00c7OKSATANI ILLUMINAE DOSYALARI\u2019NIN YAZARLARINDANAIDAN ANAL\u0130T\u0130K D\u00dc\u011e\u00dcM\u00dc B-0091A\u2019DA ARIZA YA\u015eADI.ARIZA 04.41\u2019DE G\u0130DER\u0130LD\u0130.B\u00dcT\u00dcN S\u0130STEMLER OPT\u0130MAL D\u00dcZEYDE \u00c7ALI\u015eIYOR.BAZI CANAVARLAR DO\u011eAR.BEN YARATILDIM The<span class=\"excerpt-hellip\"> [\u2026]<\/span><\/p>\n","protected":false},"featured_media":0,"template":"","meta":{"_monsterinsights_skip_tracking":false,"_monsterinsights_sitenote_active":false,"_monsterinsights_sitenote_note":"","_monsterinsights_sitenote_category":0},"product_brand":[],"product_cat":[12540,12291],"product_tag":[],"class_list":{"0":"post-750215","1":"product","2":"type-product","3":"status-publish","5":"product_cat-bilim-kurgu","6":"product_cat-edebiyat","7":"pa_cilt-ciltli","8":"pa_tur-kitap","9":"pa_yayinevi-pegasus-yayinlari","10":"pa_yazar-amie-kaufman-jay-kristoff","12":"first","13":"instock","14":"sale","15":"shipping-taxable","16":"purchasable","17":"product-type-simple"},"_links":{"self":[{"href":"https:\/\/roveyayinevi.com.tr\/index.php\/wp-json\/wp\/v2\/product\/750215","targetHints":{"allow":["GET"]}}],"collection":[{"href":"https:\/\/roveyayinevi.com.tr\/index.php\/wp-json\/wp\/v2\/product"}],"about":[{"href":"https:\/\/roveyayinevi.com.tr\/index.php\/wp-json\/wp\/v2\/types\/product"}],"wp:attachment":[{"href":"https:\/\/roveyayinevi.com.tr\/index.php\/wp-json\/wp\/v2\/media?parent=750215"}],"wp:term":[{"taxonomy":"product_brand","embeddable":true,"href":"https:\/\/roveyayinevi.com.tr\/index.php\/wp-json\/wp\/v2\/product_brand?post=750215"},{"taxonomy":"product_cat","embeddable":true,"href":"https:\/\/roveyayinevi.com.tr\/index.php\/wp-json\/wp\/v2\/product_cat?post=750215"},{"taxonomy":"product_tag","embeddable":true,"href":"https:\/\/roveyayinevi.com.tr\/index.php\/wp-json\/wp\/v2\/product_tag?post=750215"}],"curies":[{"name":"wp","href":"https:\/\/api.w.org\/{rel}","templated":true}]}}