{"id":750214,"date":"2025-08-28T04:14:49","date_gmt":"2025-08-28T01:14:49","guid":{"rendered":"https:\/\/roveyayinevi.com.tr\/index.php\/urun\/yedinci-muhur\/"},"modified":"2026-04-16T03:03:35","modified_gmt":"2026-04-16T00:03:35","slug":"yedinci-muhur","status":"publish","type":"product","link":"https:\/\/roveyayinevi.com.tr\/index.php\/urun\/yedinci-muhur\/","title":{"rendered":"Yedinci M\u00fch\u00fcr"},"content":{"rendered":"<p>Antarktika\u2019da bir bilim adam\u0131 \u00f6ld\u00fcr\u00fcl\u00fcr ve Interpol, cesedin yan\u0131na b\u0131rak\u0131lan nottaki kutsal bir s\u0131r olan iki bin y\u0131ll\u0131k bir gizemi, 666 say\u0131s\u0131n\u0131 de\u015fifre etmesi i\u00e7in Tom\u00e1s Noronha\u2019yla temasa ge\u00e7er.  Bu numaray\u0131 \u00e7evreleyen gizem, Kodeks 632 ve Tanr\u0131\u2019n\u0131n Form\u00fcl\u00fc romanlar\u0131n\u0131n \u00fcnl\u00fc ara\u015ft\u0131rmac\u0131s\u0131 Tom\u00e1s\u2019\u0131, insanl\u0131\u011f\u0131n en korkutucu an\u0131 olan K\u0131yamet\u2019le y\u00fczle\u015fmek \u00fczere, Portekiz\u2019den Sibirya\u2019ya, Antarktika\u2019dan Avustralya\u2019ya uzanan nefes kesici yeni bir maceraya s\u00fcr\u00fckleyecektir.  Ger\u00e7ek ve g\u00fcncel bilimsel bilgilere dayanan bu roman, petrol krizi, ekoloji, k\u00fcresel \u0131s\u0131nma ve gezegenimizin gelece\u011fini tehdit eden politik ve ekonomik \u00e7\u0131karlar gibi \u00f6nemli \u00e7a\u011fda\u015f temalar\u0131 ele al\u0131yor. Okurlar\u0131n, ba\u015f\u0131ndan sonuna kadar elinden d\u00fc\u015f\u00fcremeyece\u011fi muhte\u015fem bir gerilim kitab\u0131 olan Yedinci M\u00fch\u00fcr hepimizi yak\u0131ndan ilgilendiren ac\u0131 ger\u00e7eklerden yola \u00e7\u0131k\u0131larak kaleme al\u0131nm\u0131\u015f, uluslararas\u0131 entrika ve komplolarla dolu bir roman.  \u201cJos\u00e9 Rodrigues dos Santos gerilim alan\u0131ndaki ustal\u0131\u011f\u0131n\u0131 g\u00f6sterdi\u011fi Yedinci M\u00fch\u00fcr\u2019de \u00e7ok katmanl\u0131 bir gizem a\u011f\u0131 \u00f6rerek okuru k\u0131sk\u0131vrak yakal\u0131yor.\u201d Vis\u00e3o  \u201cOkuru i\u00e7ine \u00e7ekip son sayfaya kadar rahat b\u0131rakmayan bir roman. Kitaptaki tehditlerin hayal \u00fcr\u00fcn\u00fc de\u011fil, ger\u00e7ek olmas\u0131 ise gerilimin dozunu iki kat\u0131na \u00e7\u0131kar\u0131yor.\u201d Extra   \u201cJos\u00e9 Rodrigues dos Santos Yedinci M\u00fch\u00fcr\u2019de d\u00fcnyan\u0131n son zamanlarda kar\u015f\u0131 kar\u015f\u0131ya oldu\u011fu en b\u00fcy\u00fck tehlikeleri m\u00fcthi\u015f bir ustal\u0131kla bir gerilim roman\u0131na \u00e7evirmi\u015f. K\u00fcresel \u0131s\u0131nma ve petrol sorunu hakk\u0131nda bilgi edinmek isteyenlerin ba\u015fka bir kitap okumas\u0131na gerek yok.\u201d Di\u00e1rio do Sul  \u201cYedinci M\u00fch\u00fcr, ger\u00e7ek bilimsel verilerden yola \u00e7\u0131kt\u0131\u011f\u0131 i\u00e7in okuru hem geren hem de g\u00f6zlerini iklim de\u011fi\u015fikli\u011fi ger\u00e7e\u011fine a\u00e7malar\u0131n\u0131 sa\u011flayan bir roman.\u201d Domingo   Portekizli gazeteci, yazar ve halen Yeni Lizbon \u00dcniversitesi\u2019nde gazetecilik \u00fczerine dersler veren bir akademisyen olan Jos\u00e9 Rodrigues dos Santos 1964\u2019te Mozambik\u2019te do\u011fdu. Uzun y\u0131llar BBC ve CNN i\u00e7in G\u00fcneydo\u011fu Asya, G\u00fcney Afrika, Ortado\u011fu, Balkanlar ve Kafkasya gibi \u00e7at\u0131\u015fmalar\u0131n bol oldu\u011fu b\u00f6lgelerde sava\u015f muhabiri olarak \u00e7al\u0131\u015ft\u0131 ve Portekiz Ulusal Televizyonu\u2019nda ana haber program\u0131 sunuculu\u011fu yapt\u0131.  Yakla\u015f\u0131k \u00fc\u00e7 milyon kitap sat\u0131\u015f\u0131yla Portekiz\u2019in en \u00e7ok satan yazarlar\u0131 aras\u0131nda yer alan dos Santos\u2019un kitaplar\u0131 on sekiz dile \u00e7evrildi. Uluslararas\u0131 alanda \u00e7oksatanlar listesine giren Tanr\u0131\u2019n\u0131n Form\u00fcl\u00fc 2012\u2019de Dublin Edebiyat \u00d6d\u00fclleri IMPAC\u2019e aday g\u00f6sterildi. <\/p>\n","protected":false},"excerpt":{"rendered":"<p>Antarktika\u2019da bir bilim adam\u0131 \u00f6ld\u00fcr\u00fcl\u00fcr ve Interpol, cesedin yan\u0131na b\u0131rak\u0131lan nottaki kutsal bir s\u0131r olan iki bin y\u0131ll\u0131k bir gizemi, 666 say\u0131s\u0131n\u0131 de\u015fifre etmesi i\u00e7in Tom\u00e1s<span class=\"excerpt-hellip\"> [\u2026]<\/span><\/p>\n","protected":false},"featured_media":0,"template":"","meta":{"_monsterinsights_skip_tracking":false,"_monsterinsights_sitenote_active":false,"_monsterinsights_sitenote_note":"","_monsterinsights_sitenote_category":0},"product_brand":[],"product_cat":[12291,17033],"product_tag":[],"class_list":{"0":"post-750214","1":"product","2":"type-product","3":"status-publish","5":"product_cat-edebiyat","6":"product_cat-korku-gerilim","7":"pa_cilt-ciltsiz","8":"pa_tur-kitap","9":"pa_yayinevi-pegasus-yayinlari","10":"pa_yazar-jose-rodrigues-dos-santos","12":"first","13":"instock","14":"sale","15":"shipping-taxable","16":"purchasable","17":"product-type-simple"},"_links":{"self":[{"href":"https:\/\/roveyayinevi.com.tr\/index.php\/wp-json\/wp\/v2\/product\/750214","targetHints":{"allow":["GET"]}}],"collection":[{"href":"https:\/\/roveyayinevi.com.tr\/index.php\/wp-json\/wp\/v2\/product"}],"about":[{"href":"https:\/\/roveyayinevi.com.tr\/index.php\/wp-json\/wp\/v2\/types\/product"}],"wp:attachment":[{"href":"https:\/\/roveyayinevi.com.tr\/index.php\/wp-json\/wp\/v2\/media?parent=750214"}],"wp:term":[{"taxonomy":"product_brand","embeddable":true,"href":"https:\/\/roveyayinevi.com.tr\/index.php\/wp-json\/wp\/v2\/product_brand?post=750214"},{"taxonomy":"product_cat","embeddable":true,"href":"https:\/\/roveyayinevi.com.tr\/index.php\/wp-json\/wp\/v2\/product_cat?post=750214"},{"taxonomy":"product_tag","embeddable":true,"href":"https:\/\/roveyayinevi.com.tr\/index.php\/wp-json\/wp\/v2\/product_tag?post=750214"}],"curies":[{"name":"wp","href":"https:\/\/api.w.org\/{rel}","templated":true}]}}