{"id":750213,"date":"2025-08-28T04:14:48","date_gmt":"2025-08-28T01:14:48","guid":{"rendered":"https:\/\/roveyayinevi.com.tr\/index.php\/urun\/davranis-en-iyi-ve-en-kotu-haliyle-insan-biyolojisi\/"},"modified":"2026-04-16T03:03:35","modified_gmt":"2026-04-16T00:03:35","slug":"davranis-en-iyi-ve-en-kotu-haliyle-insan-biyolojisi","status":"publish","type":"product","link":"https:\/\/roveyayinevi.com.tr\/index.php\/urun\/davranis-en-iyi-ve-en-kotu-haliyle-insan-biyolojisi\/","title":{"rendered":"Davran\u0131\u015f: En \u0130yi ve En K\u00f6t\u00fc Haliyle \u0130nsan Biyolojisi"},"content":{"rendered":"<p>\u0130nsan neden davrand\u0131\u011f\u0131 gibi davran\u0131yor?  D\u00fc\u015f\u00fcnsenize bir yandan vah\u015fice \u015fiddet uygulayabiliyoruz, bir yandan son derece nazik davranabiliyoruz: Do\u011fam\u0131z\u0131n bir taraf\u0131 di\u011fer taraf\u0131na galip gelecek mi?  Her insan davran\u0131\u015f\u0131n\u0131n birden fazla nedensellik katman\u0131 vard\u0131r; saniyeler, dakikalar, saatler, g\u00fcnler, aylar, y\u0131llar, hatta y\u00fczy\u0131llar, zaman\u0131n ba\u015flang\u0131c\u0131na ve t\u00fcr\u00fcm\u00fcz\u00fcn k\u00f6kenine geri d\u00f6ner. Tarihin destans\u0131 ilerleyi\u015finde biyolojimiz; sava\u015f ve bar\u0131\u015f, adalet ve zul\u00fcm yay\u0131n\u0131 nas\u0131l geriyor? K\u00fclt\u00fcrlerimizle birlikte beyinlerimiz nas\u0131l geli\u015fti?  Birazdan, insan ahlak\u0131n\u0131n ve insanl\u0131\u011f\u0131n en b\u00fcy\u00fck sorununun temelini olu\u015fturan bilimin heyecan verici hik\u00e2yesini okuyacaks\u0131n\u0131z: Bizi insan yapan nedir?  Bu kitap, insan davran\u0131\u015f\u0131n\u0131n biliminin \u015fimdiye kadar denedi\u011fi ba\u015f d\u00f6nd\u00fcr\u00fcc\u00fc yolculuklar\u0131ndan biridir. Sapolsky, disiplinler aras\u0131 bir y\u00f6ntemi uygulad\u0131\u011f\u0131 \u00e7al\u0131\u015fmas\u0131nda, eylemlerimizin ard\u0131nda yatan hik\u00e2yeyi ortaya \u00e7\u0131kar\u0131yor. Kabilecilik ve yabanc\u0131 d\u00fc\u015fmanl\u0131\u011f\u0131, hiyerar\u015fi ve rekabet, sava\u015f ve bar\u0131\u015f ile ilgili en \u00e7etrefil sorular\u0131m\u0131zdan baz\u0131lar\u0131n\u0131 ele alan Davran\u0131\u015f, en hafif deyimle b\u00fcy\u00fck bir ba\u015far\u0131. Elinizdeki \u00e7al\u0131\u015fma, yapt\u0131\u011f\u0131m\u0131z \u015feyleri neden iyilik ve k\u00f6t\u00fcl\u00fck i\u00e7in yapt\u0131\u011f\u0131m\u0131z\u0131 anlat\u0131yor.<\/p>\n","protected":false},"excerpt":{"rendered":"<p>\u0130nsan neden davrand\u0131\u011f\u0131 gibi davran\u0131yor? D\u00fc\u015f\u00fcnsenize bir yandan vah\u015fice \u015fiddet uygulayabiliyoruz, bir yandan son derece nazik davranabiliyoruz: Do\u011fam\u0131z\u0131n bir taraf\u0131 di\u011fer taraf\u0131na galip gelecek mi? Her<span class=\"excerpt-hellip\"> [\u2026]<\/span><\/p>\n","protected":false},"featured_media":0,"template":"","meta":{"_monsterinsights_skip_tracking":false,"_monsterinsights_sitenote_active":false,"_monsterinsights_sitenote_note":"","_monsterinsights_sitenote_category":0},"product_brand":[],"product_cat":[13005,13006],"product_tag":[],"class_list":{"0":"post-750213","1":"product","2":"type-product","3":"status-publish","5":"product_cat-bilim-muhendislik","6":"product_cat-populer-bilim","7":"pa_cilt-ciltsiz","8":"pa_tur-kitap","9":"pa_yayinevi-pegasus-yayinlari","10":"pa_yazar-robert-m-sapolsky","12":"first","13":"instock","14":"sale","15":"shipping-taxable","16":"purchasable","17":"product-type-simple"},"_links":{"self":[{"href":"https:\/\/roveyayinevi.com.tr\/index.php\/wp-json\/wp\/v2\/product\/750213","targetHints":{"allow":["GET"]}}],"collection":[{"href":"https:\/\/roveyayinevi.com.tr\/index.php\/wp-json\/wp\/v2\/product"}],"about":[{"href":"https:\/\/roveyayinevi.com.tr\/index.php\/wp-json\/wp\/v2\/types\/product"}],"wp:attachment":[{"href":"https:\/\/roveyayinevi.com.tr\/index.php\/wp-json\/wp\/v2\/media?parent=750213"}],"wp:term":[{"taxonomy":"product_brand","embeddable":true,"href":"https:\/\/roveyayinevi.com.tr\/index.php\/wp-json\/wp\/v2\/product_brand?post=750213"},{"taxonomy":"product_cat","embeddable":true,"href":"https:\/\/roveyayinevi.com.tr\/index.php\/wp-json\/wp\/v2\/product_cat?post=750213"},{"taxonomy":"product_tag","embeddable":true,"href":"https:\/\/roveyayinevi.com.tr\/index.php\/wp-json\/wp\/v2\/product_tag?post=750213"}],"curies":[{"name":"wp","href":"https:\/\/api.w.org\/{rel}","templated":true}]}}