{"id":750212,"date":"2025-08-28T04:14:47","date_gmt":"2025-08-28T01:14:47","guid":{"rendered":"https:\/\/roveyayinevi.com.tr\/index.php\/urun\/hayat-icin-12-kural-kaosa-panzehir\/"},"modified":"2026-04-16T03:03:35","modified_gmt":"2026-04-16T00:03:35","slug":"hayat-icin-12-kural-kaosa-panzehir","status":"publish","type":"product","link":"https:\/\/roveyayinevi.com.tr\/index.php\/urun\/hayat-icin-12-kural-kaosa-panzehir\/","title":{"rendered":"Hayat \u0130\u00e7in 12 Kural: Kaosa Panzehir"},"content":{"rendered":"<p>Kaos ve belirsizlik d\u00fcnyas\u0131nda nas\u0131l do\u011fru d\u00fczg\u00fcn ya\u015fayabiliriz? B\u00f6ylesi bir d\u00fcnyada hepimizin bilmesi gereken en \u00f6nemli \u015fey nedir? Modern d\u00fcnyada kural ne anlama gelir? Neden i\u011fneyi kendimize \u00e7uvald\u0131z\u0131 ge\u00e7mi\u015fimize bat\u0131rmal\u0131y\u0131z?   YEN\u0130 \u00c7A\u011eIN REHBER K\u0130TABI   Son y\u0131llar\u0131n sars\u0131c\u0131 entelekt\u00fcellerinden klinik psikolog Jordan B. Peterson, benzersiz de\u011fi\u015fimlerin ya\u015fand\u0131\u011f\u0131 ve kutupla\u015ft\u0131rma siyasetinin \u00f6ne \u00e7\u0131kt\u0131\u011f\u0131 bir \u00e7a\u011fda, bireysel sorumluluk ve bilgeli\u011fin de\u011feri hakk\u0131nda a\u00e7\u0131k ve k\u0131\u015fk\u0131rt\u0131c\u0131 mesaj\u0131 ile t\u00fcm d\u00fcnyada yank\u0131 uyand\u0131r\u0131yor.    Hayat i\u00e7in 12 Kural\u2019da Peterson, ba\u015fkalar\u0131n\u0131 ele\u015ftirmeden \u00f6nce kendimize, d\u00fcn oldu\u011fumuz ki\u015fiye bakmam\u0131z gerekti\u011fini \u00f6\u011f\u00fctleyerek daha anlaml\u0131 bir hayat i\u00e7in on iki e\u015fsiz kural sunuyor. Kendi klinik deneyimlerinden ve ya\u015fam\u0131ndan canl\u0131 \u00f6rnekler sunan yazar, psikoloji ile felsefenin derinliklerine dal\u0131p insanl\u0131\u011f\u0131n tarihsel y\u00fcr\u00fcy\u00fc\u015f\u00fcn\u00fcn de rehberli\u011fiyle hayat\u0131m\u0131zdaki kaosa kar\u015f\u0131 g\u00fc\u00e7l\u00fc bir panzehir sunuyor\u2026    Hayat i\u00e7in 12 Kural; kadim ger\u00e7eklerin, modern sorunlar\u0131m\u0131za nas\u0131l yan\u0131t olabilece\u011fini olduk\u00e7a sarih bir \u015fekilde ortaya koyuyor.   Sunday Times \u00c7oksatanlar, Ulusal ve Uluslararas\u0131 \u00c7oksatanlar Listesinde 1 Numara<\/p>\n","protected":false},"excerpt":{"rendered":"<p>Kaos ve belirsizlik d\u00fcnyas\u0131nda nas\u0131l do\u011fru d\u00fczg\u00fcn ya\u015fayabiliriz? B\u00f6ylesi bir d\u00fcnyada hepimizin bilmesi gereken en \u00f6nemli \u015fey nedir? Modern d\u00fcnyada kural ne anlama gelir? Neden i\u011fneyi<span class=\"excerpt-hellip\"> [\u2026]<\/span><\/p>\n","protected":false},"featured_media":0,"template":"","meta":{"_monsterinsights_skip_tracking":false,"_monsterinsights_sitenote_active":false,"_monsterinsights_sitenote_note":"","_monsterinsights_sitenote_category":0},"product_brand":[],"product_cat":[12358,12357],"product_tag":[],"class_list":{"0":"post-750212","1":"product","2":"type-product","3":"status-publish","5":"product_cat-genel-psikoloji","6":"product_cat-psikoloji","7":"pa_cilt-ciltsiz","8":"pa_tur-kitap","9":"pa_yayinevi-pegasus-yayinlari","10":"pa_yazar-jordan-b-peterson","12":"first","13":"instock","14":"sale","15":"shipping-taxable","16":"purchasable","17":"product-type-simple"},"_links":{"self":[{"href":"https:\/\/roveyayinevi.com.tr\/index.php\/wp-json\/wp\/v2\/product\/750212","targetHints":{"allow":["GET"]}}],"collection":[{"href":"https:\/\/roveyayinevi.com.tr\/index.php\/wp-json\/wp\/v2\/product"}],"about":[{"href":"https:\/\/roveyayinevi.com.tr\/index.php\/wp-json\/wp\/v2\/types\/product"}],"wp:attachment":[{"href":"https:\/\/roveyayinevi.com.tr\/index.php\/wp-json\/wp\/v2\/media?parent=750212"}],"wp:term":[{"taxonomy":"product_brand","embeddable":true,"href":"https:\/\/roveyayinevi.com.tr\/index.php\/wp-json\/wp\/v2\/product_brand?post=750212"},{"taxonomy":"product_cat","embeddable":true,"href":"https:\/\/roveyayinevi.com.tr\/index.php\/wp-json\/wp\/v2\/product_cat?post=750212"},{"taxonomy":"product_tag","embeddable":true,"href":"https:\/\/roveyayinevi.com.tr\/index.php\/wp-json\/wp\/v2\/product_tag?post=750212"}],"curies":[{"name":"wp","href":"https:\/\/api.w.org\/{rel}","templated":true}]}}