{"id":750209,"date":"2025-08-28T04:14:43","date_gmt":"2025-08-28T01:14:43","guid":{"rendered":"https:\/\/roveyayinevi.com.tr\/index.php\/urun\/kapitalizm-bilinmeyen-ideal\/"},"modified":"2026-04-16T03:03:35","modified_gmt":"2026-04-16T00:03:35","slug":"kapitalizm-bilinmeyen-ideal","status":"publish","type":"product","link":"https:\/\/roveyayinevi.com.tr\/index.php\/urun\/kapitalizm-bilinmeyen-ideal\/","title":{"rendered":"Kapitalizm: Bilinmeyen \u0130deal"},"content":{"rendered":"<p>Kapitalizmin temelleri bir altruizm sald\u0131r\u0131s\u0131 alt\u0131nda ve bu da modern d\u00fcnyan\u0131n \u00e7\u00f6k\u00fc\u015f\u00fcn\u00fcn sebebi. Bu, Ayn Rand\u2019\u0131n g\u00f6r\u00fc\u015f\u00fc. Onun g\u00f6r\u00fc\u015f\u00fc mevcut tutumlara o kadar derinden kar\u015f\u0131 ki ba\u015fl\u0131 ba\u015f\u0131na felsefi bir devrim olarak bile addedilebilir. Bu kitab\u0131n i\u00e7indeki makalelerde b\u00fcy\u00fck firmalar\u0131n cezaland\u0131r\u0131lmas\u0131, sava\u015flar\u0131n sebepleri, muhafazak\u00e2rl\u0131\u011f\u0131n iflas\u0131 ve altruizmin \u015feytani y\u00f6n\u00fc gibi konularda duru\u015funu sergilemektedir. Amerika\u2019n\u0131n yeti\u015ftirdi\u011fi en k\u0131\u015fk\u0131rt\u0131c\u0131 entelekt\u00fcellerden birinin modern topluma bak\u0131\u015f a\u00e7\u0131s\u0131n\u0131 burada g\u00f6rebilirsiniz.\u201cKapitalizm ve siyaset hakk\u0131nda bug\u00fcne dek yaz\u0131lm\u0131\u015f en devrimsel ve g\u00fc\u00e7l\u00fc eserlerden biri.\u201dProf. Leonard Peikoff<\/p>\n","protected":false},"excerpt":{"rendered":"<p>Kapitalizmin temelleri bir altruizm sald\u0131r\u0131s\u0131 alt\u0131nda ve bu da modern d\u00fcnyan\u0131n \u00e7\u00f6k\u00fc\u015f\u00fcn\u00fcn sebebi. Bu, Ayn Rand\u2019\u0131n g\u00f6r\u00fc\u015f\u00fc. Onun g\u00f6r\u00fc\u015f\u00fc mevcut tutumlara o kadar derinden kar\u015f\u0131 ki<span class=\"excerpt-hellip\"> [\u2026]<\/span><\/p>\n","protected":false},"featured_media":0,"template":"","meta":{"_monsterinsights_skip_tracking":false,"_monsterinsights_sitenote_active":false,"_monsterinsights_sitenote_note":"","_monsterinsights_sitenote_category":0},"product_brand":[],"product_cat":[13043],"product_tag":[],"class_list":{"0":"post-750209","1":"product","2":"type-product","3":"status-publish","5":"product_cat-ekonomi","6":"pa_cilt-ciltsiz","7":"pa_tur-kitap","8":"pa_yayinevi-pegasus-yayinlari","9":"pa_yazar-ayn-rand","11":"first","12":"instock","13":"sale","14":"shipping-taxable","15":"purchasable","16":"product-type-simple"},"_links":{"self":[{"href":"https:\/\/roveyayinevi.com.tr\/index.php\/wp-json\/wp\/v2\/product\/750209","targetHints":{"allow":["GET"]}}],"collection":[{"href":"https:\/\/roveyayinevi.com.tr\/index.php\/wp-json\/wp\/v2\/product"}],"about":[{"href":"https:\/\/roveyayinevi.com.tr\/index.php\/wp-json\/wp\/v2\/types\/product"}],"wp:attachment":[{"href":"https:\/\/roveyayinevi.com.tr\/index.php\/wp-json\/wp\/v2\/media?parent=750209"}],"wp:term":[{"taxonomy":"product_brand","embeddable":true,"href":"https:\/\/roveyayinevi.com.tr\/index.php\/wp-json\/wp\/v2\/product_brand?post=750209"},{"taxonomy":"product_cat","embeddable":true,"href":"https:\/\/roveyayinevi.com.tr\/index.php\/wp-json\/wp\/v2\/product_cat?post=750209"},{"taxonomy":"product_tag","embeddable":true,"href":"https:\/\/roveyayinevi.com.tr\/index.php\/wp-json\/wp\/v2\/product_tag?post=750209"}],"curies":[{"name":"wp","href":"https:\/\/api.w.org\/{rel}","templated":true}]}}