{"id":750208,"date":"2025-08-28T04:14:42","date_gmt":"2025-08-28T01:14:42","guid":{"rendered":"https:\/\/roveyayinevi.com.tr\/index.php\/urun\/is-adamlari-icin-felsefe\/"},"modified":"2026-04-16T03:03:35","modified_gmt":"2026-04-16T00:03:35","slug":"is-adamlari-icin-felsefe","status":"publish","type":"product","link":"https:\/\/roveyayinevi.com.tr\/index.php\/urun\/is-adamlari-icin-felsefe\/","title":{"rendered":"\u0130\u015f Adamlar\u0131 \u0130\u00e7in Felsefe"},"content":{"rendered":"<p>Her i\u015f adam\u0131n\u0131n y\u00f6netim odas\u0131nda ihtiya\u00e7 duydu\u011fu entelekt\u00fcel dayanak!Devletler ve medya, d\u00fcnyada ya\u015fanan her ekonomik krizden b\u00fcy\u00fck i\u015fletmeleri sorumlu tutarken i\u015f adamlar\u0131 her t\u00fcrl\u00fc yard\u0131ma ihtiya\u00e7 duyar. Kapitalizmin felsefi ilkelerini savunan Ayn Rand ve di\u011fer Objektivist entelekt\u00fcellerin g\u00f6r\u00fc\u015flerini aktaran makaleler i\u00e7in daha do\u011fru bir zaman olamaz. Esasl\u0131 ve pratik bir rehber olan \u0130\u015f Adamlar\u0131 \u0130\u00e7in Felsefe, g\u00fcnl\u00fck operasyonlardan idari kararlara, kurumsal bir \u00e7evrede felsefi prensiplere sahip \u00e7\u0131kman\u0131n \u00f6nemini anlat\u0131yor. \u015eirketlerin ideolojik sald\u0131r\u0131lara dayanabilmesi i\u00e7in gerekli olan rasyonel d\u00fc\u015f\u00fcnce ve taktik bilgisini de ustal\u0131kla a\u00e7\u0131kl\u0131yor.<\/p>\n","protected":false},"excerpt":{"rendered":"<p>Her i\u015f adam\u0131n\u0131n y\u00f6netim odas\u0131nda ihtiya\u00e7 duydu\u011fu entelekt\u00fcel dayanak!Devletler ve medya, d\u00fcnyada ya\u015fanan her ekonomik krizden b\u00fcy\u00fck i\u015fletmeleri sorumlu tutarken i\u015f adamlar\u0131 her t\u00fcrl\u00fc yard\u0131ma ihtiya\u00e7<span class=\"excerpt-hellip\"> [\u2026]<\/span><\/p>\n","protected":false},"featured_media":0,"template":"","meta":{"_monsterinsights_skip_tracking":false,"_monsterinsights_sitenote_active":false,"_monsterinsights_sitenote_note":"","_monsterinsights_sitenote_category":0},"product_brand":[],"product_cat":[12388],"product_tag":[],"class_list":{"0":"post-750208","1":"product","2":"type-product","3":"status-publish","5":"product_cat-felsefe","6":"pa_cilt-ciltsiz","7":"pa_tur-kitap","8":"pa_yayinevi-pegasus-yayinlari","9":"pa_yazar-ayn-rand","11":"first","12":"instock","13":"sale","14":"shipping-taxable","15":"purchasable","16":"product-type-simple"},"_links":{"self":[{"href":"https:\/\/roveyayinevi.com.tr\/index.php\/wp-json\/wp\/v2\/product\/750208","targetHints":{"allow":["GET"]}}],"collection":[{"href":"https:\/\/roveyayinevi.com.tr\/index.php\/wp-json\/wp\/v2\/product"}],"about":[{"href":"https:\/\/roveyayinevi.com.tr\/index.php\/wp-json\/wp\/v2\/types\/product"}],"wp:attachment":[{"href":"https:\/\/roveyayinevi.com.tr\/index.php\/wp-json\/wp\/v2\/media?parent=750208"}],"wp:term":[{"taxonomy":"product_brand","embeddable":true,"href":"https:\/\/roveyayinevi.com.tr\/index.php\/wp-json\/wp\/v2\/product_brand?post=750208"},{"taxonomy":"product_cat","embeddable":true,"href":"https:\/\/roveyayinevi.com.tr\/index.php\/wp-json\/wp\/v2\/product_cat?post=750208"},{"taxonomy":"product_tag","embeddable":true,"href":"https:\/\/roveyayinevi.com.tr\/index.php\/wp-json\/wp\/v2\/product_tag?post=750208"}],"curies":[{"name":"wp","href":"https:\/\/api.w.org\/{rel}","templated":true}]}}