{"id":750207,"date":"2025-08-28T04:14:41","date_gmt":"2025-08-28T01:14:41","guid":{"rendered":"https:\/\/roveyayinevi.com.tr\/index.php\/urun\/ihtiyacimiz-olan-felsefe\/"},"modified":"2026-04-16T03:03:35","modified_gmt":"2026-04-16T00:03:35","slug":"ihtiyacimiz-olan-felsefe","status":"publish","type":"product","link":"https:\/\/roveyayinevi.com.tr\/index.php\/urun\/ihtiyacimiz-olan-felsefe\/","title":{"rendered":"\u0130htiyac\u0131m\u0131z Olan Felsefe"},"content":{"rendered":"<p>\u00c7ok say\u0131da denemenin bir araya getirildi\u011fi bu kitap, Ayn Rand\u2019\u0131n 1982\u2019deki \u00f6l\u00fcm\u00fcnden \u00f6nce bas\u0131m\u0131n\u0131 planlad\u0131\u011f\u0131 son \u00e7al\u0131\u015fma. \u0130htiyac\u0131m\u0131z Olan Felsefe\u2019de Rand, felsefesinin bir \u00f6zetini veriyor ve ekonomiden toplumsal konulara kadar pek \u00e7ok alanda fikirlerini aktar\u0131yor.Ayn Rand\u2019a g\u00f6re \u00f6nemli olan hayatta yaln\u0131zca bir felsefe edinip edinmemek de\u011fil, hangi felsefeyi benimseyece\u011fimiz konusunda karar verebilmektir. Bu felsefe ya rasyonel, bilin\u00e7li ve bu sayede de ger\u00e7ek hayata uygulanabilir olacak ya da \u00e7eli\u015fkili, mu\u011flak ve bunun sonucunda da bireyin ve toplumun gelece\u011fini tehlikeye atacakt\u0131r.Ayn Rand\u2019\u0131n Objektivizm felsefesini ana ak\u0131m Amerikan d\u00fc\u015f\u00fcncesi haline getiren net bir dil ve etkileyici bir \u00fcslupla yaz\u0131lm\u0131\u015f bu denemeler, felsefenin hayatlar\u0131m\u0131zdaki en \u00f6nemli ger\u00e7eklerden biri oldu\u011funu ispatlayacak \u015fekilde e\u011fitim, ahlak, sans\u00fcr ve ekonomi gibi temel meseleleri ele almaktad\u0131r.<\/p>\n","protected":false},"excerpt":{"rendered":"<p>\u00c7ok say\u0131da denemenin bir araya getirildi\u011fi bu kitap, Ayn Rand\u2019\u0131n 1982\u2019deki \u00f6l\u00fcm\u00fcnden \u00f6nce bas\u0131m\u0131n\u0131 planlad\u0131\u011f\u0131 son \u00e7al\u0131\u015fma. \u0130htiyac\u0131m\u0131z Olan Felsefe\u2019de Rand, felsefesinin bir \u00f6zetini veriyor ve<span class=\"excerpt-hellip\"> [\u2026]<\/span><\/p>\n","protected":false},"featured_media":0,"template":"","meta":{"_monsterinsights_skip_tracking":false,"_monsterinsights_sitenote_active":false,"_monsterinsights_sitenote_note":"","_monsterinsights_sitenote_category":0},"product_brand":[],"product_cat":[12388],"product_tag":[],"class_list":{"0":"post-750207","1":"product","2":"type-product","3":"status-publish","5":"product_cat-felsefe","6":"pa_cilt-ciltsiz","7":"pa_tur-kitap","8":"pa_yayinevi-pegasus-yayinlari","9":"pa_yazar-ayn-rand","11":"first","12":"instock","13":"sale","14":"shipping-taxable","15":"purchasable","16":"product-type-simple"},"_links":{"self":[{"href":"https:\/\/roveyayinevi.com.tr\/index.php\/wp-json\/wp\/v2\/product\/750207","targetHints":{"allow":["GET"]}}],"collection":[{"href":"https:\/\/roveyayinevi.com.tr\/index.php\/wp-json\/wp\/v2\/product"}],"about":[{"href":"https:\/\/roveyayinevi.com.tr\/index.php\/wp-json\/wp\/v2\/types\/product"}],"wp:attachment":[{"href":"https:\/\/roveyayinevi.com.tr\/index.php\/wp-json\/wp\/v2\/media?parent=750207"}],"wp:term":[{"taxonomy":"product_brand","embeddable":true,"href":"https:\/\/roveyayinevi.com.tr\/index.php\/wp-json\/wp\/v2\/product_brand?post=750207"},{"taxonomy":"product_cat","embeddable":true,"href":"https:\/\/roveyayinevi.com.tr\/index.php\/wp-json\/wp\/v2\/product_cat?post=750207"},{"taxonomy":"product_tag","embeddable":true,"href":"https:\/\/roveyayinevi.com.tr\/index.php\/wp-json\/wp\/v2\/product_tag?post=750207"}],"curies":[{"name":"wp","href":"https:\/\/api.w.org\/{rel}","templated":true}]}}