{"id":750206,"date":"2025-08-28T04:14:40","date_gmt":"2025-08-28T01:14:40","guid":{"rendered":"https:\/\/roveyayinevi.com.tr\/index.php\/urun\/labirent-deli-sarayi\/"},"modified":"2025-08-31T19:19:54","modified_gmt":"2025-08-31T16:19:54","slug":"labirent-deli-sarayi","status":"publish","type":"product","link":"https:\/\/roveyayinevi.com.tr\/index.php\/urun\/labirent-deli-sarayi\/","title":{"rendered":"Labirent: Deli Saray\u0131"},"content":{"rendered":"<p>Kayran. Labirent. Alev. \u0130SYAN koridorlar\u0131.Fakat Newt art\u0131k arkada\u015flar\u0131yla payla\u015famayaca\u011f\u0131 bir sorunla kar\u015f\u0131 kar\u015f\u0131ya: I\u015f\u0131l.Newt, vir\u00fcse yenilip giderek delili\u011fin \u00f6tesine ge\u00e7ti\u011fi s\u0131rada arkada\u015flar\u0131n\u0131n onu \u00e7aresizce izleyece\u011fi d\u00fc\u015f\u00fcncesine katlanamamaktad\u0131r. Tek bir not b\u0131rakarak Kayranl\u0131lar gelmeden \u00f6nce Kaya\u00e7\u2019tan ayr\u0131l\u0131p vir\u00fcsl\u00fclerin aras\u0131na gider ve umudunu yitirenlerin kendilerini bulduklar\u0131 son yer olan Deli Saray\u0131\u2019na var\u0131r.Arkada\u015flar\u0131ndan uzakla\u015fmaya \u00e7al\u0131\u015fan Newt, Keisha ad\u0131nda gen\u00e7 bir anne ile o\u011flu Dante\u2019yle kar\u015f\u0131la\u015f\u0131r. \u0130kisi onu hayal bile edemeyece\u011fi bir \u015fekilde kurtaracakt\u0131r. Newt ise ka\u00e7\u0131n\u0131lmaz sona do\u011fru ilerlerken yeni bir ama\u00e7 u\u011fruna elinden geleni yapmaya \u00e7al\u0131\u015facakt\u0131r.Son \u0130syan\u2019dan sonra ya\u015fanan olaylar\u0131 anlatan Deli Saray\u0131\u2019nda, Newt ile korkun\u00e7 bir hale b\u00fcr\u00fcnen hayat\u0131nda anlam aray\u0131\u015f\u0131 detayl\u0131 bir \u015fekilde ele al\u0131n\u0131yor. Bir \u015fekilde i\u00e7eri girmeyi ba\u015fard\u0131lar. Beni di\u011fer delilerle birlikte ya\u015famam i\u00e7in g\u00f6t\u00fcr\u00fcyorlar.B\u00f6ylesi daha iyi. Arkada\u015f\u0131m oldu\u011funuz i\u00e7in te\u015fekk\u00fcrler.Ho\u015f\u00e7a kal\u0131n.<\/p>\n","protected":false},"excerpt":{"rendered":"<p>Kayran. Labirent. Alev. \u0130SYAN koridorlar\u0131.Fakat Newt art\u0131k arkada\u015flar\u0131yla payla\u015famayaca\u011f\u0131 bir sorunla kar\u015f\u0131 kar\u015f\u0131ya: I\u015f\u0131l.Newt, vir\u00fcse yenilip giderek delili\u011fin \u00f6tesine ge\u00e7ti\u011fi s\u0131rada arkada\u015flar\u0131n\u0131n onu \u00e7aresizce izleyece\u011fi d\u00fc\u015f\u00fcncesine<span class=\"excerpt-hellip\"> [\u2026]<\/span><\/p>\n","protected":false},"featured_media":0,"template":"","meta":{"_monsterinsights_skip_tracking":false,"_monsterinsights_sitenote_active":false,"_monsterinsights_sitenote_note":"","_monsterinsights_sitenote_category":0},"product_brand":[],"product_cat":[12291,12711],"product_tag":[],"class_list":{"0":"post-750206","1":"product","2":"type-product","3":"status-publish","5":"product_cat-edebiyat","6":"product_cat-roman-oyku","7":"pa_cilt-ciltsiz","8":"pa_tur-kitap","9":"pa_yayinevi-pegasus-yayinlari","10":"pa_yazar-james-dashner","12":"first","13":"instock","14":"sale","15":"shipping-taxable","16":"purchasable","17":"product-type-simple"},"_links":{"self":[{"href":"https:\/\/roveyayinevi.com.tr\/index.php\/wp-json\/wp\/v2\/product\/750206","targetHints":{"allow":["GET"]}}],"collection":[{"href":"https:\/\/roveyayinevi.com.tr\/index.php\/wp-json\/wp\/v2\/product"}],"about":[{"href":"https:\/\/roveyayinevi.com.tr\/index.php\/wp-json\/wp\/v2\/types\/product"}],"wp:attachment":[{"href":"https:\/\/roveyayinevi.com.tr\/index.php\/wp-json\/wp\/v2\/media?parent=750206"}],"wp:term":[{"taxonomy":"product_brand","embeddable":true,"href":"https:\/\/roveyayinevi.com.tr\/index.php\/wp-json\/wp\/v2\/product_brand?post=750206"},{"taxonomy":"product_cat","embeddable":true,"href":"https:\/\/roveyayinevi.com.tr\/index.php\/wp-json\/wp\/v2\/product_cat?post=750206"},{"taxonomy":"product_tag","embeddable":true,"href":"https:\/\/roveyayinevi.com.tr\/index.php\/wp-json\/wp\/v2\/product_tag?post=750206"}],"curies":[{"name":"wp","href":"https:\/\/api.w.org\/{rel}","templated":true}]}}