{"id":750205,"date":"2025-08-28T04:14:39","date_gmt":"2025-08-28T01:14:39","guid":{"rendered":"https:\/\/roveyayinevi.com.tr\/index.php\/urun\/ego\/"},"modified":"2026-04-16T03:03:35","modified_gmt":"2026-04-16T00:03:35","slug":"ego","status":"publish","type":"product","link":"https:\/\/roveyayinevi.com.tr\/index.php\/urun\/ego\/","title":{"rendered":"Ego"},"content":{"rendered":"<p>Ayn Rand\u2019\u0131n bir klasik haline gelmi\u015f distopik \u00f6yk\u00fcs\u00fc Ego, yeni bir Karanl\u0131k \u00c7a\u011f\u2019\u0131n h\u00fck\u00fcm s\u00fcrd\u00fc\u011f\u00fc bir gelecekte bireylerin ellerinden isimlerinin ve \u00f6zg\u00fcrl\u00fcklerinin al\u0131nd\u0131\u011f\u0131 \u201cBiz\u201d d\u00fcnyas\u0131n\u0131 konu al\u0131yor. \u0130nsanlar yaln\u0131zca devlete hizmet etmek i\u00e7in ya\u015f\u0131yorlard\u0131. Kad\u0131nlar ve erkekler yaln\u0131zca kontroll\u00fc bir \u015fekilde E\u015fle\u015fme Saray\u0131\u2019nda bir araya geliyordu. Ya\u015fland\u0131klar\u0131nda da Faydas\u0131zlar Evi\u2019nde \u00f6l\u00fcm\u00fc bekliyorlard\u0131. Be\u015fikten mezara kadar herkes tek bir b\u00fct\u00fcne aitti: B\u0130Z.   Ellerinde hi\u00e7bir \u015fey kalmayan bu insanlar\u0131n aras\u0131nda bir adam vard\u0131; d\u00fc\u015f\u00fcnmeye, aramaya ve sevmeye cesaret eden bir adam. Gelece\u011fin karanl\u0131k \u00e7a\u011f\u0131nda ya\u015f\u0131yordu. Sevgisiz bir d\u00fcnyada kendi se\u00e7ti\u011fi bir kad\u0131na \u00e2\u015f\u0131k olmaya c\u00fcret etti. Bilimin ve uygarl\u0131\u011f\u0131n izine bile rastlanmayan bir \u00e7a\u011fda bilginin pe\u015fine d\u00fc\u015fme cesaretini g\u00f6sterdi. Fakat i\u015fledi\u011fi en b\u00fcy\u00fck su\u00e7 bu de\u011fildi. Nihayetinde \u00f6l\u00fcm cezas\u0131na \u00e7arpt\u0131r\u0131ld\u0131 \u00e7\u00fcnk\u00fc aff\u0131 olmayan bir g\u00fcnah i\u015flemi\u015fti: Akl\u0131n\u0131 kullanmayan insan s\u00fcr\u00fcs\u00fcn\u00fcn \u00f6n\u00fcne ge\u00e7mi\u015fti. Kendi ba\u015f\u0131na bir insan olmu\u015ftu. O kay\u0131p, kutsal s\u00f6zc\u00fc\u011f\u00fc yeniden ke\u015ffetmi\u015fti: BEN. Bireylere bir birey olma konusundaki azami ihtimalleri i\u00e7in tap\u0131yorum, insanl\u0131ktansa bu ihtimalleri ya\u015famay\u0131 ba\u015faramad\u0131\u011f\u0131 i\u00e7in tiksiniyorum.\u2013Ayn Rand<\/p>\n","protected":false},"excerpt":{"rendered":"<p>Ayn Rand\u2019\u0131n bir klasik haline gelmi\u015f distopik \u00f6yk\u00fcs\u00fc Ego, yeni bir Karanl\u0131k \u00c7a\u011f\u2019\u0131n h\u00fck\u00fcm s\u00fcrd\u00fc\u011f\u00fc bir gelecekte bireylerin ellerinden isimlerinin ve \u00f6zg\u00fcrl\u00fcklerinin al\u0131nd\u0131\u011f\u0131 \u201cBiz\u201d d\u00fcnyas\u0131n\u0131 konu<span class=\"excerpt-hellip\"> [\u2026]<\/span><\/p>\n","protected":false},"featured_media":0,"template":"","meta":{"_monsterinsights_skip_tracking":false,"_monsterinsights_sitenote_active":false,"_monsterinsights_sitenote_note":"","_monsterinsights_sitenote_category":0},"product_brand":[],"product_cat":[12388],"product_tag":[],"class_list":{"0":"post-750205","1":"product","2":"type-product","3":"status-publish","5":"product_cat-felsefe","6":"pa_cilt-ciltsiz","7":"pa_tur-kitap","8":"pa_yayinevi-pegasus-yayinlari","9":"pa_yazar-ayn-rand","11":"first","12":"instock","13":"sale","14":"shipping-taxable","15":"purchasable","16":"product-type-simple"},"_links":{"self":[{"href":"https:\/\/roveyayinevi.com.tr\/index.php\/wp-json\/wp\/v2\/product\/750205","targetHints":{"allow":["GET"]}}],"collection":[{"href":"https:\/\/roveyayinevi.com.tr\/index.php\/wp-json\/wp\/v2\/product"}],"about":[{"href":"https:\/\/roveyayinevi.com.tr\/index.php\/wp-json\/wp\/v2\/types\/product"}],"wp:attachment":[{"href":"https:\/\/roveyayinevi.com.tr\/index.php\/wp-json\/wp\/v2\/media?parent=750205"}],"wp:term":[{"taxonomy":"product_brand","embeddable":true,"href":"https:\/\/roveyayinevi.com.tr\/index.php\/wp-json\/wp\/v2\/product_brand?post=750205"},{"taxonomy":"product_cat","embeddable":true,"href":"https:\/\/roveyayinevi.com.tr\/index.php\/wp-json\/wp\/v2\/product_cat?post=750205"},{"taxonomy":"product_tag","embeddable":true,"href":"https:\/\/roveyayinevi.com.tr\/index.php\/wp-json\/wp\/v2\/product_tag?post=750205"}],"curies":[{"name":"wp","href":"https:\/\/api.w.org\/{rel}","templated":true}]}}