{"id":750204,"date":"2025-08-28T04:14:37","date_gmt":"2025-08-28T01:14:37","guid":{"rendered":"https:\/\/roveyayinevi.com.tr\/index.php\/urun\/16-ocak-gecesi\/"},"modified":"2026-04-16T03:03:35","modified_gmt":"2026-04-16T00:03:35","slug":"16-ocak-gecesi","status":"publish","type":"product","link":"https:\/\/roveyayinevi.com.tr\/index.php\/urun\/16-ocak-gecesi\/","title":{"rendered":"16 Ocak Gecesi"},"content":{"rendered":"<p>Bjorn Faulkner. T\u00fcm d\u00fcnya onu uluslararas\u0131 \u00e7apta ba\u015far\u0131l\u0131, devasa bir finans imparatorlu\u011funu y\u00f6neten bir i\u015f adam\u0131 olarak g\u00f6r\u00fcyordu. Hi\u00e7 yan\u0131ndan ay\u0131rmad\u0131\u011f\u0131 sekreteri ve metresi i\u00e7inse Faulkner zihniyle, kalbiyle ve bedeniyle hizmet edece\u011fi tanr\u0131sal bir kahramand\u0131. Aristokrat bir aileye mensup gen\u00e7 kar\u0131s\u0131 ona evcille\u015ftirebilece\u011fi, y\u00f6netebilece\u011fi bir av olarak bak\u0131yor, milyoner kay\u0131npederi ise Faulkner\u2019a, onu tek bir hatas\u0131nda yok edebilecekmi\u015f gibi muamele ediyordu.Peki pek \u00e7ok insan\u0131n hayat\u0131n\u0131n odak noktas\u0131 olan me\u015fhur i\u015f adam\u0131 Bjorn Faulkner ger\u00e7ekte kimdi? Nas\u0131l bir adamd\u0131? Ayn Rand bu sars\u0131c\u0131 oyunda karar\u0131 okuyucuya b\u0131rakt\u0131.\u0130lk bak\u0131\u015fta 16 Ocak Gecesi zeki ve amans\u0131z bir adam\u0131n y\u00fckseli\u015fini ve y\u0131k\u0131m\u0131n\u0131 anlatan etkileyici bir drama olarak tan\u0131mlanabilir. Ancak daha derine inildi\u011finde bu eser Ayn Rand\u2019\u0131n, bir insan\u0131n sahip olabilece\u011fi g\u00fcc\u00fc ve zay\u0131fl\u0131klar\u0131 simgesel olarak canland\u0131rd\u0131\u011f\u0131 felsefi bir ara\u015ft\u0131rmaya d\u00f6n\u00fc\u015f\u00fcyor. Broadway\u2019de sahnelenmesiyle gelen ilk ba\u015far\u0131n\u0131n ard\u0131ndan 16 Ocak Gecesi on y\u0131llard\u0131r t\u00fcm d\u00fcnyada b\u00fcy\u00fck bir ilgiyle yorumlanmaya devam ediyor. <\/p>\n","protected":false},"excerpt":{"rendered":"<p>Bjorn Faulkner. T\u00fcm d\u00fcnya onu uluslararas\u0131 \u00e7apta ba\u015far\u0131l\u0131, devasa bir finans imparatorlu\u011funu y\u00f6neten bir i\u015f adam\u0131 olarak g\u00f6r\u00fcyordu. Hi\u00e7 yan\u0131ndan ay\u0131rmad\u0131\u011f\u0131 sekreteri ve metresi i\u00e7inse Faulkner<span class=\"excerpt-hellip\"> [\u2026]<\/span><\/p>\n","protected":false},"featured_media":0,"template":"","meta":{"_monsterinsights_skip_tracking":false,"_monsterinsights_sitenote_active":false,"_monsterinsights_sitenote_note":"","_monsterinsights_sitenote_category":0},"product_brand":[],"product_cat":[12291,12711],"product_tag":[],"class_list":{"0":"post-750204","1":"product","2":"type-product","3":"status-publish","5":"product_cat-edebiyat","6":"product_cat-roman-oyku","7":"pa_cilt-ciltsiz","8":"pa_tur-kitap","9":"pa_yayinevi-pegasus-yayinlari","10":"pa_yazar-ayn-rand","12":"first","13":"instock","14":"sale","15":"shipping-taxable","16":"purchasable","17":"product-type-simple"},"_links":{"self":[{"href":"https:\/\/roveyayinevi.com.tr\/index.php\/wp-json\/wp\/v2\/product\/750204","targetHints":{"allow":["GET"]}}],"collection":[{"href":"https:\/\/roveyayinevi.com.tr\/index.php\/wp-json\/wp\/v2\/product"}],"about":[{"href":"https:\/\/roveyayinevi.com.tr\/index.php\/wp-json\/wp\/v2\/types\/product"}],"wp:attachment":[{"href":"https:\/\/roveyayinevi.com.tr\/index.php\/wp-json\/wp\/v2\/media?parent=750204"}],"wp:term":[{"taxonomy":"product_brand","embeddable":true,"href":"https:\/\/roveyayinevi.com.tr\/index.php\/wp-json\/wp\/v2\/product_brand?post=750204"},{"taxonomy":"product_cat","embeddable":true,"href":"https:\/\/roveyayinevi.com.tr\/index.php\/wp-json\/wp\/v2\/product_cat?post=750204"},{"taxonomy":"product_tag","embeddable":true,"href":"https:\/\/roveyayinevi.com.tr\/index.php\/wp-json\/wp\/v2\/product_tag?post=750204"}],"curies":[{"name":"wp","href":"https:\/\/api.w.org\/{rel}","templated":true}]}}