{"id":750201,"date":"2025-08-28T04:14:32","date_gmt":"2025-08-28T01:14:32","guid":{"rendered":"https:\/\/roveyayinevi.com.tr\/index.php\/urun\/medeni\/"},"modified":"2026-04-16T03:03:35","modified_gmt":"2026-04-16T00:03:35","slug":"medeni","status":"publish","type":"product","link":"https:\/\/roveyayinevi.com.tr\/index.php\/urun\/medeni\/","title":{"rendered":"Medeni"},"content":{"rendered":"<p>\u201cBir s\u0327ehirde, bir mahallede ya da gezegende birlikte yas\u0327amak ne tu\u0308r sorumluluklar ve haklar u\u0308retir? Kaderdas\u0327l\u0131g\u0306\u0131n hukuku, erdemi, hissi neye benzer? I\u0307nsanl\u0131g\u0306\u0131n derin, engin irfan\u0131 bizim ic\u0327in ne tu\u0308r ipuc\u0327lar\u0131 ic\u0327erir? S\u0131radan insanlar\u0131n erdemi nic\u0327in en deg\u0306erli cevherimizdir? Medeni, bu sorular\u0131n ve benzerlerinin pes\u0327inden gidiyor.\u201d Hakan Alt\u0131nay\u2019\u0131n, ad\u0131 u\u0308stu\u0308nde, medeni olmaya dair, es\u0327itlik ve hakkaniyeti go\u0308zeten insanca bir yas\u0327am\u0131n olanaklar\u0131na dair denemeleri&#8230; Sivil toplum alan\u0131nda uzun su\u0308reli sebatka\u0302r bir c\u0327al\u0131s\u0327ma deneyiminden su\u0308zu\u0308lmu\u0308s\u0327, alc\u0327akgo\u0308nu\u0308llu\u0308, -zaten her s\u0327eyden o\u0308nce alc\u0327akgo\u0308nu\u0308llu\u0308lu\u0308k telkininde bulunan- go\u0308zlemler, fikirler, o\u0308neriler&#8230; \u201cHer c\u0327elis\u0327ki bir hata m\u0131d\u0131r?\u201d, \u201cHakikate borcumuz nedir?\u201d, \u201cDog\u0306ruyu ne zaman so\u0308ylu\u0308yoruz?\u201d gibi hem derin, hem gayet gu\u0308ndelik sorular u\u0308zerinden, sohbet makam\u0131nda konus\u0327uyor Hakan Alt\u0131nay. Yaz\u0131lardan birinin, \u201cKalendermes\u0327replig\u0306e o\u0308vgu\u0308\u201dnu\u0308n bas\u0327l\u0131g\u0306\u0131ndan ilhamla so\u0308ylersek, kalenderce bir so\u0308yleyis\u0327le, ic\u0327erig\u0306inden o\u0308te u\u0308slu\u0302buyla, c\u0327ok s\u0327ey anlat\u0131yor.<\/p>\n","protected":false},"excerpt":{"rendered":"<p>\u201cBir s\u0327ehirde, bir mahallede ya da gezegende birlikte yas\u0327amak ne tu\u0308r sorumluluklar ve haklar u\u0308retir? Kaderdas\u0327l\u0131g\u0306\u0131n hukuku, erdemi, hissi neye benzer? I\u0307nsanl\u0131g\u0306\u0131n derin, engin irfan\u0131 bizim<span class=\"excerpt-hellip\"> [\u2026]<\/span><\/p>\n","protected":false},"featured_media":0,"template":"","meta":{"_monsterinsights_skip_tracking":false,"_monsterinsights_sitenote_active":false,"_monsterinsights_sitenote_note":"","_monsterinsights_sitenote_category":0},"product_brand":[],"product_cat":[12777,12291],"product_tag":[],"class_list":{"0":"post-750201","1":"product","2":"type-product","3":"status-publish","5":"product_cat-deneme","6":"product_cat-edebiyat","7":"pa_cilt-ciltsiz","8":"pa_tur-kitap","9":"pa_yayinevi-iletisim-yayinlari","10":"pa_yazar-hakan-altinay","12":"first","13":"instock","14":"sale","15":"shipping-taxable","16":"purchasable","17":"product-type-simple"},"_links":{"self":[{"href":"https:\/\/roveyayinevi.com.tr\/index.php\/wp-json\/wp\/v2\/product\/750201","targetHints":{"allow":["GET"]}}],"collection":[{"href":"https:\/\/roveyayinevi.com.tr\/index.php\/wp-json\/wp\/v2\/product"}],"about":[{"href":"https:\/\/roveyayinevi.com.tr\/index.php\/wp-json\/wp\/v2\/types\/product"}],"wp:attachment":[{"href":"https:\/\/roveyayinevi.com.tr\/index.php\/wp-json\/wp\/v2\/media?parent=750201"}],"wp:term":[{"taxonomy":"product_brand","embeddable":true,"href":"https:\/\/roveyayinevi.com.tr\/index.php\/wp-json\/wp\/v2\/product_brand?post=750201"},{"taxonomy":"product_cat","embeddable":true,"href":"https:\/\/roveyayinevi.com.tr\/index.php\/wp-json\/wp\/v2\/product_cat?post=750201"},{"taxonomy":"product_tag","embeddable":true,"href":"https:\/\/roveyayinevi.com.tr\/index.php\/wp-json\/wp\/v2\/product_tag?post=750201"}],"curies":[{"name":"wp","href":"https:\/\/api.w.org\/{rel}","templated":true}]}}