{"id":750198,"date":"2025-08-28T04:14:26","date_gmt":"2025-08-28T01:14:26","guid":{"rendered":"https:\/\/roveyayinevi.com.tr\/index.php\/urun\/antika-kral-forsantinin-uyanisi\/"},"modified":"2026-04-16T03:03:35","modified_gmt":"2026-04-16T00:03:35","slug":"antika-kral-forsantinin-uyanisi","status":"publish","type":"product","link":"https:\/\/roveyayinevi.com.tr\/index.php\/urun\/antika-kral-forsantinin-uyanisi\/","title":{"rendered":"Antika Kral &#8211; Forsantin&#8217;in Uyan\u0131\u015f\u0131"},"content":{"rendered":"<p>Bir zamanlar yery\u00fcz\u00fcnde antika bir kral varm\u0131\u015f. \u0130smi Forus Forsantin\u2019mi\u015f. Ona k\u0131saca \u201cForsantin\u201d diyebilirsiniz. \u201cBir dakika! Antika kral m\u0131? O da ne demek?\u201d dedi\u011finizi duyar gibiyim. O zaman Forsantin\u2019in hik\u00e2yesini dinlemek i\u00e7in haz\u0131rlan\u0131n ve arkan\u0131za yaslan\u0131n. Televizyonlar\u0131, bilgisayarlar\u0131 ve telefonlar\u0131 kapat\u0131n. Kendinize sessiz bir yer bulun. D\u0131\u015f d\u00fcnyayla olan ba\u011flant\u0131n\u0131z\u0131 \u015fimdilik kesin. Kemerlerinizi ba\u011flay\u0131n ve derin bir nefes al\u0131n. \u00c7\u00fcnk\u00fc birazdan Forsantin sizi ba\u015fka bir d\u00fcnyaya g\u00f6t\u00fcrecek.<\/p>\n","protected":false},"excerpt":{"rendered":"<p>Bir zamanlar yery\u00fcz\u00fcnde antika bir kral varm\u0131\u015f. \u0130smi Forus Forsantin\u2019mi\u015f. Ona k\u0131saca \u201cForsantin\u201d diyebilirsiniz. \u201cBir dakika! Antika kral m\u0131? O da ne demek?\u201d dedi\u011finizi duyar gibiyim.<span class=\"excerpt-hellip\"> [\u2026]<\/span><\/p>\n","protected":false},"featured_media":0,"template":"","meta":{"_monsterinsights_skip_tracking":false,"_monsterinsights_sitenote_active":false,"_monsterinsights_sitenote_note":"","_monsterinsights_sitenote_category":0},"product_brand":[],"product_cat":[12274,12284],"product_tag":[],"class_list":{"0":"post-750198","1":"product","2":"type-product","3":"status-publish","5":"product_cat-cocuk-ve-genclik-kitaplari","6":"product_cat-hikayeler","7":"pa_cilt-ciltsiz","8":"pa_tur-kitap","9":"pa_yayinevi-timas-cocuk","10":"pa_yazar-omur-uzel","12":"first","13":"instock","14":"sale","15":"shipping-taxable","16":"purchasable","17":"product-type-simple"},"_links":{"self":[{"href":"https:\/\/roveyayinevi.com.tr\/index.php\/wp-json\/wp\/v2\/product\/750198","targetHints":{"allow":["GET"]}}],"collection":[{"href":"https:\/\/roveyayinevi.com.tr\/index.php\/wp-json\/wp\/v2\/product"}],"about":[{"href":"https:\/\/roveyayinevi.com.tr\/index.php\/wp-json\/wp\/v2\/types\/product"}],"wp:attachment":[{"href":"https:\/\/roveyayinevi.com.tr\/index.php\/wp-json\/wp\/v2\/media?parent=750198"}],"wp:term":[{"taxonomy":"product_brand","embeddable":true,"href":"https:\/\/roveyayinevi.com.tr\/index.php\/wp-json\/wp\/v2\/product_brand?post=750198"},{"taxonomy":"product_cat","embeddable":true,"href":"https:\/\/roveyayinevi.com.tr\/index.php\/wp-json\/wp\/v2\/product_cat?post=750198"},{"taxonomy":"product_tag","embeddable":true,"href":"https:\/\/roveyayinevi.com.tr\/index.php\/wp-json\/wp\/v2\/product_tag?post=750198"}],"curies":[{"name":"wp","href":"https:\/\/api.w.org\/{rel}","templated":true}]}}