{"id":750195,"date":"2025-08-28T04:14:21","date_gmt":"2025-08-28T01:14:21","guid":{"rendered":"https:\/\/roveyayinevi.com.tr\/index.php\/urun\/demiryolu-cocuklari-9\/"},"modified":"2026-04-16T03:03:35","modified_gmt":"2026-04-16T00:03:35","slug":"demiryolu-cocuklari-9","status":"publish","type":"product","link":"https:\/\/roveyayinevi.com.tr\/index.php\/urun\/demiryolu-cocuklari-9\/","title":{"rendered":"Demiryolu C\u0327ocuklar\u0131"},"content":{"rendered":"<p>Edith Nesbit, hayat\u0131n t\u00fcm zorluklar\u0131na g\u00f6\u011f\u00fcs gererken \u00e7evrelerini de d\u00f6n\u00fc\u015ft\u00fcren \u00fc\u00e7 karde\u015fin hik\u00e2yesini anlat\u0131yor. Demiryolu \u00c7ocuklar\u0131\u2019nda. Londra\u2019da mutlu bir hayat s\u00fcrd\u00fcren Roberta, Peter ve Phyllis\u2019in hayat\u0131, babalar\u0131n\u0131n bir g\u00fcn evden ayr\u0131lmak zorunda kalmas\u0131yla alt\u00fcst olur. Anneleriyle birlikte ba\u015fka bir kasabaya ta\u015f\u0131nmak zorunda kalan karde\u015fler, zorluklardan y\u0131lmay\u0131p burada kendilerine ola\u011fan\u00fcst\u00fc g\u00fczelliklerle dolu bir d\u00fcnya kurmay\u0131 ba\u015far\u0131r. Bir yanda yoksulluk ve hastal\u0131klar vard\u0131r ama iyili\u011fin, dayan\u0131\u015fman\u0131n getirece\u011fi mutluluk a\u011f\u0131r basar hep.Bir demiryolunun kenar\u0131ndaki sakin hayatlar\u0131n\u0131 bir s\u00fcr\u00fc arkada\u015f edinip renklendiren bu karde\u015flere siz de yolda\u015fl\u0131k etmek istemez misiniz?<\/p>\n","protected":false},"excerpt":{"rendered":"<p>Edith Nesbit, hayat\u0131n t\u00fcm zorluklar\u0131na g\u00f6\u011f\u00fcs gererken \u00e7evrelerini de d\u00f6n\u00fc\u015ft\u00fcren \u00fc\u00e7 karde\u015fin hik\u00e2yesini anlat\u0131yor. Demiryolu \u00c7ocuklar\u0131\u2019nda. Londra\u2019da mutlu bir hayat s\u00fcrd\u00fcren Roberta, Peter ve Phyllis\u2019in hayat\u0131,<span class=\"excerpt-hellip\"> [\u2026]<\/span><\/p>\n","protected":false},"featured_media":0,"template":"","meta":{"_monsterinsights_skip_tracking":false,"_monsterinsights_sitenote_active":false,"_monsterinsights_sitenote_note":"","_monsterinsights_sitenote_category":0},"product_brand":[],"product_cat":[12274,12467],"product_tag":[],"class_list":{"0":"post-750195","1":"product","2":"type-product","3":"status-publish","5":"product_cat-cocuk-ve-genclik-kitaplari","6":"product_cat-dunya-klasikleri","7":"pa_cilt-ciltsiz","8":"pa_tur-kitap","9":"pa_yayinevi-iletisim-yayinlari","10":"pa_yazar-edith-nesbit","12":"first","13":"instock","14":"sale","15":"shipping-taxable","16":"purchasable","17":"product-type-simple"},"_links":{"self":[{"href":"https:\/\/roveyayinevi.com.tr\/index.php\/wp-json\/wp\/v2\/product\/750195","targetHints":{"allow":["GET"]}}],"collection":[{"href":"https:\/\/roveyayinevi.com.tr\/index.php\/wp-json\/wp\/v2\/product"}],"about":[{"href":"https:\/\/roveyayinevi.com.tr\/index.php\/wp-json\/wp\/v2\/types\/product"}],"wp:attachment":[{"href":"https:\/\/roveyayinevi.com.tr\/index.php\/wp-json\/wp\/v2\/media?parent=750195"}],"wp:term":[{"taxonomy":"product_brand","embeddable":true,"href":"https:\/\/roveyayinevi.com.tr\/index.php\/wp-json\/wp\/v2\/product_brand?post=750195"},{"taxonomy":"product_cat","embeddable":true,"href":"https:\/\/roveyayinevi.com.tr\/index.php\/wp-json\/wp\/v2\/product_cat?post=750195"},{"taxonomy":"product_tag","embeddable":true,"href":"https:\/\/roveyayinevi.com.tr\/index.php\/wp-json\/wp\/v2\/product_tag?post=750195"}],"curies":[{"name":"wp","href":"https:\/\/api.w.org\/{rel}","templated":true}]}}